{"id":188,"date":"2025-02-20T03:47:11","date_gmt":"2025-02-20T03:47:11","guid":{"rendered":"http:\/\/43.135.160.122\/?page_id=188"},"modified":"2025-05-16T03:36:57","modified_gmt":"2025-05-16T03:36:57","slug":"why-choose-us","status":"publish","type":"page","link":"https:\/\/www.voltage-tester.com\/pt\/why-choose-us\/","title":{"rendered":"O seu fornecedor de confian\u00e7a de equipamento de teste el\u00e9trico"},"content":{"rendered":"<div class=\"path_bar\">\n        <div class=\"layout\">\n            <ul>\n                <li><a href=\"\/\">In\u00edcio<\/a><\/li>\n                <!--\u9762\u5305\u5c51-->\n                    <li> <a href=\"\">Porqu\u00ea escolher-nos<\/a><\/li>\n                <\/ul>\n        <\/div>\n    <\/div>\n\n\n\n<div class=\"wcu-body\">\n <div class=\"layout\">\n<img decoding=\"async\" src=\"\/wp-content\/uploads\/2025\/02\/c833ef27.webp\" alt=\"Fornecedor de equipamento de teste el\u00e9trico RUN TEST\">\n<div class=\"fl-rich-text\">\n\t<p  class=\"p1\"><span style=\"font-family: verdana, geneva;\">A empresa RUN-TEST \u00e9 uma empresa profissional especializada no desenvolvimento e produ\u00e7\u00e3o de <a href=\"\/products\"><span class=\"s1\">equipamento de teste el\u00e9trico<\/span><\/a>. Produto principal:<a href=\"\/transformer-test-category\/\"><span class=\"s1\">aparelhos de teste de transformadores<\/span><\/a>, testadores de petr\u00f3leo e g\u00e1s, <a href=\"\/circuit-breaker-test-category\/\"><span class=\"s1\">aparelhos de teste de disjuntores<\/span><\/a>, <a href=\"\/relay-protection-test-category\/\"><span class=\"s1\">testadores de prote\u00e7\u00e3o de rel\u00e9s<\/span><\/a>, <a href=\"\/cable-fault-locator-category\/\"><span class=\"s1\">localizador de defeitos em cabos<\/span><\/a> , <a href=\"\/insulation-resiatance-tester-category\/\"><span class=\"s1\">aparelhos de teste de resist\u00eancia de isolamento<\/span><\/a> e testadores hipot.<\/p>\n\n<p><span style=\"font-family: verdana, geneva; color: #000000;\"> Em primeiro lugar, temos muitos anos de experi\u00eancia na \u00e1rea de testes el\u00e9ctricos. Fizemos muitos projectos de teste de energia na China, como Tianjin, Xinjiang e outros lugares na China. tamb\u00e9m foi altamente reconhecido pelo local. Com a gest\u00e3o completa da produ\u00e7\u00e3o, investiga\u00e7\u00e3o cient\u00edfica e servi\u00e7o Devido \u00e0 experi\u00eancia bem sucedida de v\u00e1rios projectos. E foram vendidos em muitos pa\u00edses e regi\u00f5es. <\/p>\n\n<p class=\"p1\">Em segundo lugar, o equipamento diversificado do produto, fornece-lhe um servi\u00e7o mais conveniente de balc\u00e3o \u00fanico. N\u00e3o fornecemos apenas um tipo de equipamento de ensaio, pode encontrar diferentes tipos de instrumentos de ensaio el\u00e9ctricos, tais como <a href=\"\/partial-discharge-test-category\/\"><span class=\"s1\">testador de descarga parcial<\/span><\/a>, <a href=\"\/transformer-test-category\/\"><span class=\"s1\">ensaio de transformador<\/span><\/a> s\u00e9rie, <a href=\"\/transformer-oil-test-category\/\"><span class=\"s1\">ensaio do \u00f3leo do transformador<\/span><\/a> s\u00e9rie, s\u00e9rie de ensaios de \u00f3leo de isolamento, <a href=\"\/high-voltage-test-category\/\"><span class=\"s1\">teste hipot<\/span><\/a> s\u00e9rie, <a href=\"\/relay-protection-test-category\/\"><span class=\"s1\">Ensaio do rel\u00e9 e do isolamento<\/span><\/a> S\u00e9rie, <a href=\"\/cable-fault-locator-category\/\"><span class=\"s1\">Ensaio de defeito do cabo<\/span><\/a> s\u00e9rie, e <a href=\"\/sf6-gas-analyzer-category\/\"><span class=\"s1\">Analisador de g\u00e1s SF6<\/span><\/a>, <a href=\"\/power-quality-analyzer-category\/\"><span class=\"s1\">analisador de qualidade de energia<\/span><\/a>etc.<\/p>\n\n<p class=\"p1\"><span class=\"s1\">Terceiro, certificado de calibra\u00e7\u00e3o CE. Nossa<span class=\"Apple-converted-space\">\u00a0 <\/span><a href=\"\/turns-ratio-tester-category\/\"><span class=\"s2\">aparelho para testar a rela\u00e7\u00e3o de transforma\u00e7\u00e3o de transformadores<\/span><\/a>, <a href=\"\/dc-resistance-tester-category\/\"><span class=\"s2\">testador de resist\u00eancia DC do transformador<\/span><\/a>, <a href=\"\/high-voltage-test-category\/\"><span class=\"s2\">Testador de VLF<\/span><\/a>, <a href=\"\/relay-protection-test-category\/\"><span class=\"s2\">kit de teste de prote\u00e7\u00e3o do rel\u00e9<\/span><\/a>, <a href=\"\/insulation-resiatance-tester-category\/\"><span class=\"s2\">aparelho de teste de resist\u00eancia de isolamento<\/span><\/a>, <a href=\"\/oil-bdv-tester-category\/\"><span class=\"s2\">testador de \u00f3leo BDV<\/span><\/a> t\u00eam certifica\u00e7\u00e3o CE e cumprem os requisitos de seguran\u00e7a estipulados pela UE.<\/span><\/p>\n\n<p><span style=\"font-family: verdana, geneva; color: #000000;\"> Em quarto lugar, os coment\u00e1rios e elogios dos clientes. Por exemplo, um dos nossos clientes da Col\u00f4mbia disse: \"Qualidade superior, servi\u00e7o de apoio ao cliente \u00fanico, embalagem excelente, f\u00e1cil de utilizar, m\u00e1quina r\u00e1pida, seguran\u00e7a durante todo o processo, comunica\u00e7\u00e3o constante com a equipa de vendas e apoio t\u00e9cnico valioso, se necess\u00e1rio. Altamente recomendado\". <\/p>\n<\/div>\n<ul class=\"pl\">\n\n           <li>\n<img decoding=\"async\"  src=\"\/wp-content\/uploads\/2025\/02\/choose-us-11-300x118-1.webp\" alt=\"Fornecedor de equipamento de teste el\u00e9trico RUN TEST\">\n\n<\/li>\n  <li>\n<img decoding=\"async\"  src=\"\/wp-content\/uploads\/2025\/02\/choose-us-2-171x300-1.webp\" alt=\"Fornecedor de equipamento de teste el\u00e9trico RUN TEST\">\n\n<\/li>\n  <li>\n<img decoding=\"async\"  src=\"\/wp-content\/uploads\/2025\/02\/choose-us-3-171x300-1.webp\" alt=\"Fornecedor de equipamento de teste el\u00e9trico RUN TEST\">\n\n<\/li>\n<\/ul>\n<div class=\"fl-rich-text\">\n\t<p><span style=\"color: #000000; font-family: verdana, geneva;\"><span style=\"font-size: small;\">Por outro lado, a embalagem em caixa de madeira \u00e9 dur\u00e1vel e resistente. Os nossos <span style=\"color: #ff0000;\">equipamento de ensaio el\u00e9trico<\/span> ser\u00e1 embalado numa caixa de madeira com espuma no interior. Garantir a seguran\u00e7a do transporte e proporcionar aos clientes a melhor experi\u00eancia de compra. Aqui est\u00e3o as embalagens que utiliz\u00e1mos para o envio.<\/span><\/span><\/p>\n<\/div>\n<img decoding=\"async\" width=\"100%\"  src=\"\/wp-content\/uploads\/2025\/02\/34f36dd6.webp\" alt=\"Fornecedor de equipamento de teste el\u00e9trico RUN TEST\">\n\n\n<img decoding=\"async\"  src=\"\/wp-content\/uploads\/2025\/02\/3ce570bc.webp\" alt=\"Fornecedor de equipamento de teste el\u00e9trico RUN TEST\">\n<div class=\"fl-rich-text\">\n\t<p><span style=\"font-family: verdana, geneva;\"><span style=\"font-size: small; color: #000000;\">Por \u00faltimo, servi\u00e7o online 24 horas e garantia de um ano. Fornecemos-lhe um servi\u00e7o p\u00f3s-venda s\u00f3lido e da melhor qualidade. Se tiver problemas durante a utiliza\u00e7\u00e3o do produto, contacte-nos, iremos ajud\u00e1-lo na primeira vez.<\/span><\/span><\/p>\n<p><span style=\"font-family: verdana, geneva;\"><span style=\"font-size: small; color: #000000;\">Em suma, ao mesmo tempo que lhe fornece um balc\u00e3o \u00fanico, a empresa Run-Test fornece-lhe produtos e servi\u00e7os de qualidade. Aguardamos com expetativa uma coopera\u00e7\u00e3o a longo prazo consigo!<\/span><\/span><\/p>\n<\/div>\n\n\n\n  <\/div>\n<\/div>\n\n\n\n<style>\n.wcu-body img{\nmargin:35px 0\n\n}\n.wcu-body{\nmargin-bottom:40px\n\n}\n.wcu-body p{\nmargin-bottom:16px\n}\n.pl{\ndisplay:flex;\njustify-content:space-between;\n\n}\n.pl li{\nwidth:33%\n}\n\n\n\n\n\n<\/style>","protected":false},"excerpt":{"rendered":"<p>Home Why Choose Us RUN-TEST company is a professional company specializing in the development and production of electric testing equipment. Main Product:transformer testers, oil &amp; gas testers, circuit breaker testers, relay protection testers, cable fault locator , insulation resistance testers and hipot testers. Firstly, we have many years experience in electric test area. We have [&hellip;]<\/p>","protected":false},"author":1,"featured_media":0,"parent":0,"menu_order":0,"comment_status":"closed","ping_status":"closed","template":"","meta":{"footnotes":""},"class_list":["post-188","page","type-page","status-publish","hentry"],"yoast_head":"<!-- This site is optimized with the Yoast SEO plugin v24.4 - https:\/\/yoast.com\/wordpress\/plugins\/seo\/ -->\n<title>Your Trustworthy Electric Test Equipment Supplier - Run Test Electric Manufacturing Co., Ltd.<\/title>\n<meta name=\"robots\" content=\"index, follow, max-snippet:-1, max-image-preview:large, max-video-preview:-1\" \/>\n<link rel=\"canonical\" href=\"https:\/\/www.voltage-tester.com\/pt\/why-choose-us\/\" \/>\n<meta property=\"og:locale\" content=\"pt_PT\" \/>\n<meta property=\"og:type\" content=\"article\" \/>\n<meta property=\"og:title\" content=\"Your Trustworthy Electric Test Equipment Supplier - Run Test Electric Manufacturing Co., Ltd.\" \/>\n<meta property=\"og:description\" content=\"Home Why Choose Us RUN-TEST company is a professional company specializing in the development and production of electric testing equipment. Main Product:transformer testers, oil &amp; gas testers, circuit breaker testers, relay protection testers, cable fault locator , insulation resistance testers and hipot testers. Firstly, we have many years experience in electric test area. We have [&hellip;]\" \/>\n<meta property=\"og:url\" content=\"https:\/\/www.voltage-tester.com\/pt\/why-choose-us\/\" \/>\n<meta property=\"og:site_name\" content=\"Run Test Electric Manufacturing Co., Ltd.\" \/>\n<meta property=\"article:modified_time\" content=\"2025-05-16T03:36:57+00:00\" \/>\n<meta name=\"twitter:card\" content=\"summary_large_image\" \/>\n<meta name=\"twitter:label1\" content=\"Est. reading time\" \/>\n\t<meta name=\"twitter:data1\" content=\"3 minutos\" \/>\n<script type=\"application\/ld+json\" class=\"yoast-schema-graph\">{\"@context\":\"https:\/\/schema.org\",\"@graph\":[{\"@type\":\"WebPage\",\"@id\":\"https:\/\/www.voltage-tester.com\/why-choose-us\/\",\"url\":\"https:\/\/www.voltage-tester.com\/why-choose-us\/\",\"name\":\"Your Trustworthy Electric Test Equipment Supplier - Run Test Electric Manufacturing Co., Ltd.\",\"isPartOf\":{\"@id\":\"https:\/\/www.voltage-tester.com\/#website\"},\"datePublished\":\"2025-02-20T03:47:11+00:00\",\"dateModified\":\"2025-05-16T03:36:57+00:00\",\"breadcrumb\":{\"@id\":\"https:\/\/www.voltage-tester.com\/why-choose-us\/#breadcrumb\"},\"inLanguage\":\"pt-PT\",\"potentialAction\":[{\"@type\":\"ReadAction\",\"target\":[\"https:\/\/www.voltage-tester.com\/why-choose-us\/\"]}]},{\"@type\":\"BreadcrumbList\",\"@id\":\"https:\/\/www.voltage-tester.com\/why-choose-us\/#breadcrumb\",\"itemListElement\":[{\"@type\":\"ListItem\",\"position\":1,\"name\":\"Home\",\"item\":\"https:\/\/www.voltage-tester.com\/\"},{\"@type\":\"ListItem\",\"position\":2,\"name\":\"Your Trustworthy Electric Test Equipment Supplier\"}]},{\"@type\":\"WebSite\",\"@id\":\"https:\/\/www.voltage-tester.com\/#website\",\"url\":\"https:\/\/www.voltage-tester.com\/\",\"name\":\"Run Test Electric Manufacturing Co., Ltd.\",\"description\":\"Run Test Electric Manufacturing Co., Ltd.\",\"publisher\":{\"@id\":\"https:\/\/www.voltage-tester.com\/#organization\"},\"potentialAction\":[{\"@type\":\"SearchAction\",\"target\":{\"@type\":\"EntryPoint\",\"urlTemplate\":\"https:\/\/www.voltage-tester.com\/?s={search_term_string}\"},\"query-input\":{\"@type\":\"PropertyValueSpecification\",\"valueRequired\":true,\"valueName\":\"search_term_string\"}}],\"inLanguage\":\"pt-PT\"},{\"@type\":\"Organization\",\"@id\":\"https:\/\/www.voltage-tester.com\/#organization\",\"name\":\"Run Test Electric Manufacturing Co., Ltd.\",\"url\":\"https:\/\/www.voltage-tester.com\/\",\"logo\":{\"@type\":\"ImageObject\",\"inLanguage\":\"pt-PT\",\"@id\":\"https:\/\/www.voltage-tester.com\/#\/schema\/logo\/image\/\",\"url\":\"https:\/\/www.voltage-tester.com\/wp-content\/uploads\/2025\/02\/cropped-logo-2-1.png\",\"contentUrl\":\"https:\/\/www.voltage-tester.com\/wp-content\/uploads\/2025\/02\/cropped-logo-2-1.png\",\"width\":264,\"height\":50,\"caption\":\"Run Test Electric Manufacturing Co., Ltd.\"},\"image\":{\"@id\":\"https:\/\/www.voltage-tester.com\/#\/schema\/logo\/image\/\"}}]}<\/script>\n<!-- \/ Yoast SEO plugin. -->","yoast_head_json":{"title":"Your Trustworthy Electric Test Equipment Supplier - Run Test Electric Manufacturing Co., Ltd.","robots":{"index":"index","follow":"follow","max-snippet":"max-snippet:-1","max-image-preview":"max-image-preview:large","max-video-preview":"max-video-preview:-1"},"canonical":"https:\/\/www.voltage-tester.com\/pt\/why-choose-us\/","og_locale":"pt_PT","og_type":"article","og_title":"Your Trustworthy Electric Test Equipment Supplier - Run Test Electric Manufacturing Co., Ltd.","og_description":"Home Why Choose Us RUN-TEST company is a professional company specializing in the development and production of electric testing equipment. Main Product:transformer testers, oil &amp; gas testers, circuit breaker testers, relay protection testers, cable fault locator , insulation resistance testers and hipot testers. Firstly, we have many years experience in electric test area. We have [&hellip;]","og_url":"https:\/\/www.voltage-tester.com\/pt\/why-choose-us\/","og_site_name":"Run Test Electric Manufacturing Co., Ltd.","article_modified_time":"2025-05-16T03:36:57+00:00","twitter_card":"summary_large_image","twitter_misc":{"Est. reading time":"3 minutos"},"schema":{"@context":"https:\/\/schema.org","@graph":[{"@type":"WebPage","@id":"https:\/\/www.voltage-tester.com\/why-choose-us\/","url":"https:\/\/www.voltage-tester.com\/why-choose-us\/","name":"Your Trustworthy Electric Test Equipment Supplier - Run Test Electric Manufacturing Co., Ltd.","isPartOf":{"@id":"https:\/\/www.voltage-tester.com\/#website"},"datePublished":"2025-02-20T03:47:11+00:00","dateModified":"2025-05-16T03:36:57+00:00","breadcrumb":{"@id":"https:\/\/www.voltage-tester.com\/why-choose-us\/#breadcrumb"},"inLanguage":"pt-PT","potentialAction":[{"@type":"ReadAction","target":["https:\/\/www.voltage-tester.com\/why-choose-us\/"]}]},{"@type":"BreadcrumbList","@id":"https:\/\/www.voltage-tester.com\/why-choose-us\/#breadcrumb","itemListElement":[{"@type":"ListItem","position":1,"name":"Home","item":"https:\/\/www.voltage-tester.com\/"},{"@type":"ListItem","position":2,"name":"Your Trustworthy Electric Test Equipment Supplier"}]},{"@type":"WebSite","@id":"https:\/\/www.voltage-tester.com\/#website","url":"https:\/\/www.voltage-tester.com\/","name":"Run Test Electric Manufacturing Co., Ltd.","description":"Run Test Electric Manufacturing Co., Ltd.","publisher":{"@id":"https:\/\/www.voltage-tester.com\/#organization"},"potentialAction":[{"@type":"SearchAction","target":{"@type":"EntryPoint","urlTemplate":"https:\/\/www.voltage-tester.com\/?s={search_term_string}"},"query-input":{"@type":"PropertyValueSpecification","valueRequired":true,"valueName":"search_term_string"}}],"inLanguage":"pt-PT"},{"@type":"Organization","@id":"https:\/\/www.voltage-tester.com\/#organization","name":"Run Test Electric Manufacturing Co., Ltd.","url":"https:\/\/www.voltage-tester.com\/","logo":{"@type":"ImageObject","inLanguage":"pt-PT","@id":"https:\/\/www.voltage-tester.com\/#\/schema\/logo\/image\/","url":"https:\/\/www.voltage-tester.com\/wp-content\/uploads\/2025\/02\/cropped-logo-2-1.png","contentUrl":"https:\/\/www.voltage-tester.com\/wp-content\/uploads\/2025\/02\/cropped-logo-2-1.png","width":264,"height":50,"caption":"Run Test Electric Manufacturing Co., Ltd."},"image":{"@id":"https:\/\/www.voltage-tester.com\/#\/schema\/logo\/image\/"}}]}},"_links":{"self":[{"href":"https:\/\/www.voltage-tester.com\/pt\/wp-json\/wp\/v2\/pages\/188","targetHints":{"allow":["GET"]}}],"collection":[{"href":"https:\/\/www.voltage-tester.com\/pt\/wp-json\/wp\/v2\/pages"}],"about":[{"href":"https:\/\/www.voltage-tester.com\/pt\/wp-json\/wp\/v2\/types\/page"}],"author":[{"embeddable":true,"href":"https:\/\/www.voltage-tester.com\/pt\/wp-json\/wp\/v2\/users\/1"}],"replies":[{"embeddable":true,"href":"https:\/\/www.voltage-tester.com\/pt\/wp-json\/wp\/v2\/comments?post=188"}],"version-history":[{"count":0,"href":"https:\/\/www.voltage-tester.com\/pt\/wp-json\/wp\/v2\/pages\/188\/revisions"}],"wp:attachment":[{"href":"https:\/\/www.voltage-tester.com\/pt\/wp-json\/wp\/v2\/media?parent=188"}],"curies":[{"name":"wp","href":"https:\/\/api.w.org\/{rel}","templated":true}]}}