{"id":182,"date":"2025-02-20T03:45:05","date_gmt":"2025-02-20T03:45:05","guid":{"rendered":"http:\/\/43.135.160.122\/?page_id=182"},"modified":"2025-05-14T01:34:05","modified_gmt":"2025-05-14T01:34:05","slug":"about-us","status":"publish","type":"page","link":"https:\/\/www.voltage-tester.com\/pt\/about-us\/","title":{"rendered":"Fabricante de equipamento de teste el\u00e9trico"},"content":{"rendered":"<div class=\"path_bar\">\n        <div class=\"layout\">\n            <ul>\n                <li><a href=\"\/\">In\u00edcio<\/a><\/li>\n                <!--\u9762\u5305\u5c51-->\n                    <li> <a href=\"\">Sobre n\u00f3s<\/a><\/li>\n                <\/ul>\n        <\/div>\n    <\/div>\n\n\n\n<div class=\"ab-body\">\n <div class=\"layout\">\n     <div class=\"ab-img\">\n           <div  class=\"ab-des\">\n            <h2>Sobre a Run Test Electric<\/h2>\n            <p class=\"p1\">Bem-vindo \u00e0 Run Test Electric, uma empresa l\u00edder <b>fabricante de equipamento de ensaio el\u00e9trico<\/b> na China. A nossa extensa <a href=\"\/products\"><span class=\"s1\">equipamento de teste de pot\u00eancia<\/span><\/a> oferece uma gama de solu\u00e7\u00f5es de teste para uma variedade de aplica\u00e7\u00f5es, desde o teste b\u00e1sico de circuitos at\u00e9 \u00e0 an\u00e1lise avan\u00e7ada de energia. O nosso compromisso para com a inova\u00e7\u00e3o e a qualidade valeu-nos a reputa\u00e7\u00e3o de fornecedor de confian\u00e7a na ind\u00fastria el\u00e9ctrica.<\/p>\n             <a href=\"\/contact-us\"><button class=\"ab-btn\">Junte-se a n\u00f3s<\/button><\/a>\n\n<\/div>  \n\n\n\n\n<\/div>\n\n\n\n\n\n\n\n\n\n\n\n\n\n<\/div>\n<\/div>\n\n\n\n<div class=\"ab-body2\">\n <div class=\"layout\">\n       <div class=\"icon-body\" >\n       <ul>\n\n           <li>\n<img decoding=\"async\"  src=\"\/wp-content\/uploads\/2025\/02\/1740467733482.png\">\n<h2 style=\"text-align: center;\"><span style=\"font-size: 20px; color: #000000; font-family: verdana, geneva;\">QUEM SOMOS<\/span><\/h2>\n<p class=\"p1\"><span style=\"font-family: verdana, geneva; font-size: small; color: #000000;\">A Run Test Electric, fornecedor de produtos e servi\u00e7os premium da State Grid, com sede em Baoding, China, \u00e9 especializada na conce\u00e7\u00e3o e fabrico de equipamento de teste el\u00e9trico port\u00e1til, incluindo: <a href=\"\/transformer-test-category\/\"><span class=\"s1\">aparelhos de teste de transformadores<\/span><\/a>, testadores de petr\u00f3leo e g\u00e1s, <a href=\"\/circuit-breaker-test-category\/\"><span class=\"s1\">aparelhos de teste de disjuntores<\/span><\/a>, <a href=\"\/relay-protection-test-category\/\"><span class=\"s1\">testadores de prote\u00e7\u00e3o de rel\u00e9s<\/span><\/a>, <a href=\"\/cable-fault-locator-category\/\"><span class=\"s1\">localizador de defeitos em cabos<\/span><\/a> , <a href=\"\/insulation-resiatance-tester-category\/\"><span class=\"s1\">aparelhos de teste de resist\u00eancia de isolamento<\/span><\/a> e testadores hipot, etc.<\/span><\/p>\n<\/li>\n<li>\n<img decoding=\"async\"  src=\"\/wp-content\/uploads\/2025\/02\/1740467760636.png\">\n<h2 style=\"text-align: center;\"><span style=\"font-size: 20px; color: #000000; font-family: verdana, geneva;\">APLICA\u00c7\u00d5ES<\/span><\/h2>\n<p class=\"p1\"><span style=\"font-family: verdana, geneva; font-size: small; color: #000000;\">A nossa empresa <a href=\"\/products\"><span class=\"s1\">equipamento de teste el\u00e9trico<\/span><\/a> s\u00e3o amplamente utilizados em muitos dom\u00ednios, como a energia el\u00e9ctrica, os caminhos-de-ferro, a maquinaria, a petroqu\u00edmica, e s\u00e3o selecionados por muitas grandes f\u00e1bricas de transformadores e instala\u00e7\u00f5es petroqu\u00edmicas.<\/span><\/p>\n<\/li>\n<li>\n<img decoding=\"async\"  src=\"\/wp-content\/uploads\/2025\/02\/1740467788334.png\">\n<h2 style=\"text-align: center;\"><span style=\"font-size: 20px; color: #000000; font-family: verdana, geneva;\">O NOSSO MERCADO<\/span><\/h2>\n<p class=\"p1\"><span style=\"font-family: verdana, geneva; font-size: small; color: #000000;\">O nosso <a href=\"\/products\"><span class=\"s1\">Equipamentos de teste el\u00e9trico<\/span><\/a> foram exportados para o Sudeste Asi\u00e1tico, M\u00e9dio Oriente, \u00c1frica, Am\u00e9rica do Norte, Am\u00e9rica Latina, Europa e outras regi\u00f5es. Com os produtos de boa qualidade, pre\u00e7os competitivos e excelentes servi\u00e7os, ganh\u00e1mos uma boa reputa\u00e7\u00e3o entre os clientes no estrangeiro.<\/span><\/p>\n<\/li>\n\n\n\n\n\n\n<\/ul>\n\n\n\n\n<\/div>\n\n\n\n\n<\/div>\n<\/div>\n\n\n\n<div class=\"ab-body2\">\n <div class=\"layout\">\n       <div class=\"icon-body\" style=\"padding-top:0!important\">\n       <ul>\n\n           <li>\n<img decoding=\"async\"  src=\"\/wp-content\/uploads\/2025\/02\/4-4.webp\">\n\n<\/li>\n<li>\n<img decoding=\"async\"  src=\"\/wp-content\/uploads\/2025\/02\/5-5.webp\">\n\n<\/li>\n<li>\n<img decoding=\"async\"  src=\"\/wp-content\/uploads\/2025\/02\/6-6.webp\">\n\n<\/li>\n\n\n\n\n\n\n<\/ul>\n\n\n\n\n<\/div>\n\n\n\n\n<\/div>\n<\/div>\n\n\n\n<div class=\"ab-body3\">\n <div class=\"layout\">\n<ul>\n<li>\n<div class=\"tt-list\">\n<img decoding=\"async\" width=\"26px\"  src=\"\/wp-content\/uploads\/2025\/02\/1740468930901.png\">\n<h2>Os nossos produtos<\/h2>\n<\/div>\n<p class=\"p1\"><span class=\"s1\">Os nossos produtos incluem <a href=\"\/partial-discharge-test-category\/\"><span class=\"s2\">testador de descarga parcial<\/span><\/a>, <a href=\"\/transformer-test-category\/\"><span class=\"s2\">ensaio de transformador<\/span><\/a> s\u00e9rie, <a href=\"\/transformer-oil-test-category\/\"><span class=\"s2\">ensaio do \u00f3leo do transformador<\/span><\/a> s\u00e9rie, <a href=\"\/transformer-oil-test-category\/\"><span class=\"s2\">ensaio de \u00f3leo de isolamento<\/span><\/a> s\u00e9rie, <a href=\"\/high-voltage-test-category\/\"><span class=\"s2\">teste hipot<\/span><\/a> s\u00e9rie, <a href=\"\/relay-protection-test-category\/\"><span class=\"s2\">Ensaio do rel\u00e9 e do isolamento<\/span><\/a> S\u00e9rie, <a href=\"\/cable-fault-locator-category\/\"><span class=\"s2\">Ensaio de defeito do cabo<\/span><\/a> s\u00e9rie, e <a href=\"\/sf6-gas-analyzer-category\/\"><span class=\"s2\">Analisador de g\u00e1s SF6<\/span><\/a>, <a href=\"\/power-quality-analyzer-category\/\"><span class=\"s2\">analisador de qualidade de energia<\/span><\/a>etc.<\/span><\/p>\n<\/li>\n\n<li>\n<div class=\"tt-list\">\n<img decoding=\"async\" width=\"26px\"  src=\"\/wp-content\/uploads\/2025\/02\/1740468930901.png\">\n<h2>Refor\u00e7ar a competitividade da empresa - Inova\u00e7\u00e3o tecnol\u00f3gica e melhoria dos servi\u00e7os<\/h2>\n<\/div>\n<p>Guiados pela procura dos clientes, combinada com o desenvolvimento de produtos e tecnologias, melhoramos continuamente a aplica\u00e7\u00e3o do equipamento em dom\u00ednios relacionados.<\/p>\n<\/li>\n\n\n<li>\n<div class=\"tt-list\">\n<img decoding=\"async\" width=\"26px\"  src=\"\/wp-content\/uploads\/2025\/02\/1740468930901.png\">\n<h2>Cria\u00e7\u00e3o cont\u00ednua de valor para os clientes<\/h2>\n<\/div>\n<p class=\"p1\">Que o nosso <a href=\"\/products\"><span class=\"s1\">equipamento de ensaio el\u00e9trico<\/span><\/a> ajudar os clientes a realizar a execu\u00e7\u00e3o de projectos sem problemas e a recuperar rapidamente os custos de investimento. Quando a produ\u00e7\u00e3o de cada equipamento estiver conclu\u00edda, garantiremos a estabilidade do equipamento atrav\u00e9s de testes rigorosos do equipamento. Em suma, vamos devolver a cada consumidor com excelente qualidade, servi\u00e7o e pre\u00e7o.<\/p>\n<\/li>\n<\/ul>\n\n<\/div>\n<\/div>\n\n\n\n<div class=\"ab-body4\">\n <div class=\"layout\">\n       <div class=\"icon-body\" style=\"padding:0!important\">\n       <ul>\n\n           <li>\n<img decoding=\"async\"  src=\"\/wp-content\/uploads\/2025\/02\/44-224x300-2.webp\">\n\n<\/li>\n<li>\n<img decoding=\"async\"  src=\"\/wp-content\/uploads\/2025\/02\/56-224x300-1.webp\">\n\n<\/li>\n<li>\n<img decoding=\"async\"  src=\"\/wp-content\/uploads\/2025\/02\/fc8650b4-224x300-1.webp\">\n\n<\/li>\n\n<li>\n<img decoding=\"async\"  src=\"\/wp-content\/uploads\/2025\/02\/216-224x300-1.webp\">\n\n<\/li>\n\n\n\n\n<\/ul>\n\n\n\n\n<\/div>\n\n\n\n\n<\/div>\n<\/div>\n\n\n\n<div class=\"ab-body5\">\n <div class=\"layout\">\n     <div class=\"g2\">\n           <div  class=\"ab-des\">\n            <h2>Contactar-nos<\/h2>\n             <p>A empresa Run Test adere ao conceito de \"Teste F\u00e1cil\" para facilitar o seu teste. Acompanhar o ritmo dos tempos, continuar a desenvolver novos produtos, aumentar a competitividade da marca e satisfazer todas as suas necessidades. Tentamos o nosso melhor para lhe fornecer produtos e servi\u00e7os da melhor qualidade. Estamos ansiosos por estabelecer uma coopera\u00e7\u00e3o a longo prazo consigo.<\/p>\n <p>Convidamo-lo a explorar as nossas ofertas de produtos e a descobrir a diferen\u00e7a que a RUN TEST pode fazer para as suas necessidades de testes el\u00e9ctricos. Contacte-nos hoje para saber mais sobre as nossas solu\u00e7\u00f5es e como podemos ajud\u00e1-lo a atingir os seus objectivos.\"<\/p>\n             <a href=\"\/contact-us\"><button class=\"ab-btn\">Contactar-nos<\/button><\/a>\n\n<\/div>  \n\n\n\n\n<\/div>\n\n\n\n\n\n\n\n\n\n\n\n\n\n<\/div>\n<\/div>\n\n\n\n<style>\n.ab-body .p1 a{\n   color:#fff\n}\n.ab-img{\n background-image: linear-gradient(180deg,rgba(0,0,0,0.5) 0%,rgba(0,0,0,0.5) 100%),url(\/wp-content\/uploads\/2025\/02\/factory-3.webp);\n    padding: 12% 10%;\n    background-position: center;\nbackground-size:cover;\n    text-align: center;\n}\n.ab-body5{\n background-image: linear-gradient(180deg,rgba(0,0,0,0.5) 0%,rgba(0,0,0,0.5) 100%),url(\/wp-content\/uploads\/2025\/02\/21.webp)!important;\n    padding: 5% 0%;\n    background-position: center;\nbackground-size:cover;\n    text-align: center;\n}\n.ab-body{\npadding:35px 0 0\n}\n.ab-des h2{\ntext-align:center;\ncolor:#fff;\nfont-size:32px;\n    margin-bottom: 30px;\n\n}\n.ab-des p{\ntext-align:center;\ncolor:#fff;\nline-height:2em\n}\n\n.ab-btn{\n    font-size: 16px;\n    line-height: 18px;\n    padding: 14px 28px;\n    border-radius: 0px;\n    -moz-border-radius: 0px;\n    -webkit-border-radius: 0px;\n    background: #da281c;\n    border: 1px solid #ce1c10;\n    color:#fff;\n    margin-top: 30px;\n\n}\n.ab-btn:hover{\ncolor:#da281c;\nbackground:#fff;\ncursor:pointer\n\n\n}\n\n\n.ab-body2{\n   \n\n}\n.icon-body ul{\ndisplay:flex;\njustify-content:space-between\n}\n.icon-body ul li{\ntext-align:center;\nbackground:#fff;\npadding: 20px;\nwidth:32%\n\n}\n\n\n.icon-body{\n background-color: rgba(0,0,0, 0.05);\n    padding: 50px 30px 30px;\n}\n\n.ab-body3{\npadding:35px 0\n\n}\n.tt-list{\ndisplay:flex;\nalign-items:center;\nmargin-bottom:20px\n\n\n}\n.ab-body3 ul li{\nmargin-bottom:25px\n\n}\n.tt-list img{\nmargin-right:10px\n}\n\n..ab-img{\n background-image: linear-gradient(180deg,rgba(0,0,0,0.5) 0%,rgba(0,0,0,0.5) 100%),url(\/wp-content\/uploads\/2025\/02\/factory-3.webp)!important;\n    padding: 20% 10%;\n    background-position: center;\nbackground-size:cover;\n    text-align: center;\n}\n.ab-body{\npadding:35px 0 0\n}\n.ab-des h2{\ntext-align:center;\ncolor:#fff;\nfont-size:32px;\n    margin-bottom: 30px;\n\n}\n.ab-des p{\ntext-align:center;\ncolor:#fff;\nline-height:2em\n}\n\n.ab-btn{\n    font-size: 16px;\n    line-height: 18px;\n    padding: 14px 28px;\n    border-radius: 0px;\n    -moz-border-radius: 0px;\n    -webkit-border-radius: 0px;\n    background: #da281c;\n    border: 1px solid #ce1c10;\n    color:#fff;\n    margin-top: 30px;\n\n}\n.ab-btn:hover{\ncolor:#da281c;\nbackground:#fff;\ncursor:pointer\n\n}\n\n.ab-body2{\n   \n\n}\n.icon-body ul{\ndisplay:flex;\njustify-content:space-between\n}\n.icon-body ul li{\ntext-align:center;\nbackground:#fff;\npadding: 20px;\nwidth:32%\n\n}\n\n.icon-body{\n background-color: rgba(0,0,0, 0.05);\n    padding: 50px 30px 30px;\n}\n\n.ab-body3{\npadding:35px 0\n\n}\n.tt-list{\ndisplay:flex;\nalign-items:center;\nmargin-bottom:20px\n\n}\n.ab-body3 ul li{\nmargin-bottom:25px\n\n}\n.tt-list img{\nmargin-right:10px\n}\n..ab-img{\n background-image: linear-gradient(180deg,rgba(0,0,0,0.5) 0%,rgba(0,0,0,0.5) 100%),url(\/wp-content\/uploads\/2025\/02\/factory-3.webp)!important;\n    padding: 20% 10%;\n    background-position: center;\nbackground-size:cover;\n    text-align: center;\n}\n.ab-body{\npadding:35px 0 0\n}\n.ab-des h2{\ntext-align:center;\ncolor:#fff;\nfont-size:32px;\n    margin-bottom: 30px;\n\n}\n.ab-des p{\ntext-align:center;\ncolor:#fff;\nline-height:2em\n}\n\n.ab-btn{\n    font-size: 16px;\n    line-height: 18px;\n    padding: 14px 28px;\n    border-radius: 0px;\n    -moz-border-radius: 0px;\n    -webkit-border-radius: 0px;\n    background: #da281c;\n    border: 1px solid #ce1c10;\n    color:#fff;\n    margin-top: 30px;\n\n}\n.ab-btn:hover{\ncolor:#da281c;\nbackground:#fff;\ncursor:pointer\n\n}\n\n.ab-body2{\n   \n\n}\n.icon-body ul{\ndisplay:flex;\njustify-content:space-between\n}\n.icon-body ul li{\ntext-align:center;\nbackground:#fff;\npadding: 20px;\nwidth:32%\n\n}\n\n.icon-body{\n background-color: rgba(0,0,0, 0.05);\n    padding: 50px 30px 30px;\n}\n\n.ab-body3{\npadding:35px 0\n\n}\n.tt-list{\ndisplay:flex;\nalign-items:center;\nmargin-bottom:20px\n\n}\n.ab-body3 ul li{\nmargin-bottom:25px\n\n}\n.tt-list img{\nmargin-right:10px\n}\n\n.ab-body4{\npadding-bottom:45px\n}\n@media screen and (max-width:981px){\n\n.icon-body ul{\nflex-flow:row wrap\n}\n.icon-body ul li{\nwidth:100%}\n\n}\n<\/style>","protected":false},"excerpt":{"rendered":"<p>Home About Us About Run Test Electric Welcome to Run Test Electric , a leading electrical testing equipment manufacturer in China. Our extensive power testing equipment offers a range of testing solutions for a variety of applications, from basic circuit testing to advanced power analysis. Our commitment to innovation and quality has earned us a [&hellip;]<\/p>","protected":false},"author":1,"featured_media":0,"parent":0,"menu_order":0,"comment_status":"closed","ping_status":"closed","template":"","meta":{"footnotes":""},"class_list":["post-182","page","type-page","status-publish","hentry"],"yoast_head":"<!-- This site is optimized with the Yoast SEO plugin v24.4 - https:\/\/yoast.com\/wordpress\/plugins\/seo\/ -->\n<title>Electric Test Equipment Manufacturer - Run Test Electric Manufacturing Co., Ltd.<\/title>\n<meta name=\"description\" content=\"China Resistance Tester, transformer tester supplier, we provide you transformer test equipment, Insulation Tester, Partial Discharge Detector with good price.\" \/>\n<meta name=\"robots\" content=\"index, follow, max-snippet:-1, max-image-preview:large, max-video-preview:-1\" \/>\n<link rel=\"canonical\" href=\"https:\/\/www.voltage-tester.com\/pt\/about-us\/\" \/>\n<meta property=\"og:locale\" content=\"pt_PT\" \/>\n<meta property=\"og:type\" content=\"article\" \/>\n<meta property=\"og:title\" content=\"Electric Test Equipment Manufacturer - Run Test Electric Manufacturing Co., Ltd.\" \/>\n<meta property=\"og:description\" content=\"China Resistance Tester, transformer tester supplier, we provide you transformer test equipment, Insulation Tester, Partial Discharge Detector with good price.\" \/>\n<meta property=\"og:url\" content=\"https:\/\/www.voltage-tester.com\/pt\/about-us\/\" \/>\n<meta property=\"og:site_name\" content=\"Run Test Electric Manufacturing Co., Ltd.\" \/>\n<meta property=\"article:modified_time\" content=\"2025-05-14T01:34:05+00:00\" \/>\n<meta name=\"twitter:card\" content=\"summary_large_image\" \/>\n<meta name=\"twitter:label1\" content=\"Est. reading time\" \/>\n\t<meta name=\"twitter:data1\" content=\"5 minutos\" \/>\n<script type=\"application\/ld+json\" class=\"yoast-schema-graph\">{\"@context\":\"https:\/\/schema.org\",\"@graph\":[{\"@type\":\"WebPage\",\"@id\":\"https:\/\/www.voltage-tester.com\/about-us\/\",\"url\":\"https:\/\/www.voltage-tester.com\/about-us\/\",\"name\":\"Electric Test Equipment Manufacturer - Run Test Electric Manufacturing Co., Ltd.\",\"isPartOf\":{\"@id\":\"https:\/\/www.voltage-tester.com\/#website\"},\"datePublished\":\"2025-02-20T03:45:05+00:00\",\"dateModified\":\"2025-05-14T01:34:05+00:00\",\"description\":\"China Resistance Tester, transformer tester supplier, we provide you transformer test equipment, Insulation Tester, Partial Discharge Detector with good price.\",\"breadcrumb\":{\"@id\":\"https:\/\/www.voltage-tester.com\/about-us\/#breadcrumb\"},\"inLanguage\":\"pt-PT\",\"potentialAction\":[{\"@type\":\"ReadAction\",\"target\":[\"https:\/\/www.voltage-tester.com\/about-us\/\"]}]},{\"@type\":\"BreadcrumbList\",\"@id\":\"https:\/\/www.voltage-tester.com\/about-us\/#breadcrumb\",\"itemListElement\":[{\"@type\":\"ListItem\",\"position\":1,\"name\":\"Home\",\"item\":\"https:\/\/www.voltage-tester.com\/\"},{\"@type\":\"ListItem\",\"position\":2,\"name\":\"Electric Test Equipment Manufacturer\"}]},{\"@type\":\"WebSite\",\"@id\":\"https:\/\/www.voltage-tester.com\/#website\",\"url\":\"https:\/\/www.voltage-tester.com\/\",\"name\":\"Run Test Electric Manufacturing Co., Ltd.\",\"description\":\"Run Test Electric Manufacturing Co., Ltd.\",\"publisher\":{\"@id\":\"https:\/\/www.voltage-tester.com\/#organization\"},\"potentialAction\":[{\"@type\":\"SearchAction\",\"target\":{\"@type\":\"EntryPoint\",\"urlTemplate\":\"https:\/\/www.voltage-tester.com\/?s={search_term_string}\"},\"query-input\":{\"@type\":\"PropertyValueSpecification\",\"valueRequired\":true,\"valueName\":\"search_term_string\"}}],\"inLanguage\":\"pt-PT\"},{\"@type\":\"Organization\",\"@id\":\"https:\/\/www.voltage-tester.com\/#organization\",\"name\":\"Run Test Electric Manufacturing Co., Ltd.\",\"url\":\"https:\/\/www.voltage-tester.com\/\",\"logo\":{\"@type\":\"ImageObject\",\"inLanguage\":\"pt-PT\",\"@id\":\"https:\/\/www.voltage-tester.com\/#\/schema\/logo\/image\/\",\"url\":\"https:\/\/www.voltage-tester.com\/wp-content\/uploads\/2025\/02\/cropped-logo-2-1.png\",\"contentUrl\":\"https:\/\/www.voltage-tester.com\/wp-content\/uploads\/2025\/02\/cropped-logo-2-1.png\",\"width\":264,\"height\":50,\"caption\":\"Run Test Electric Manufacturing Co., Ltd.\"},\"image\":{\"@id\":\"https:\/\/www.voltage-tester.com\/#\/schema\/logo\/image\/\"}}]}<\/script>\n<!-- \/ Yoast SEO plugin. -->","yoast_head_json":{"title":"Electric Test Equipment Manufacturer - Run Test Electric Manufacturing Co., Ltd.","description":"China Resistance Tester, transformer tester supplier, we provide you transformer test equipment, Insulation Tester, Partial Discharge Detector with good price.","robots":{"index":"index","follow":"follow","max-snippet":"max-snippet:-1","max-image-preview":"max-image-preview:large","max-video-preview":"max-video-preview:-1"},"canonical":"https:\/\/www.voltage-tester.com\/pt\/about-us\/","og_locale":"pt_PT","og_type":"article","og_title":"Electric Test Equipment Manufacturer - Run Test Electric Manufacturing Co., Ltd.","og_description":"China Resistance Tester, transformer tester supplier, we provide you transformer test equipment, Insulation Tester, Partial Discharge Detector with good price.","og_url":"https:\/\/www.voltage-tester.com\/pt\/about-us\/","og_site_name":"Run Test Electric Manufacturing Co., Ltd.","article_modified_time":"2025-05-14T01:34:05+00:00","twitter_card":"summary_large_image","twitter_misc":{"Est. reading time":"5 minutos"},"schema":{"@context":"https:\/\/schema.org","@graph":[{"@type":"WebPage","@id":"https:\/\/www.voltage-tester.com\/about-us\/","url":"https:\/\/www.voltage-tester.com\/about-us\/","name":"Electric Test Equipment Manufacturer - Run Test Electric Manufacturing Co., Ltd.","isPartOf":{"@id":"https:\/\/www.voltage-tester.com\/#website"},"datePublished":"2025-02-20T03:45:05+00:00","dateModified":"2025-05-14T01:34:05+00:00","description":"China Resistance Tester, transformer tester supplier, we provide you transformer test equipment, Insulation Tester, Partial Discharge Detector with good price.","breadcrumb":{"@id":"https:\/\/www.voltage-tester.com\/about-us\/#breadcrumb"},"inLanguage":"pt-PT","potentialAction":[{"@type":"ReadAction","target":["https:\/\/www.voltage-tester.com\/about-us\/"]}]},{"@type":"BreadcrumbList","@id":"https:\/\/www.voltage-tester.com\/about-us\/#breadcrumb","itemListElement":[{"@type":"ListItem","position":1,"name":"Home","item":"https:\/\/www.voltage-tester.com\/"},{"@type":"ListItem","position":2,"name":"Electric Test Equipment Manufacturer"}]},{"@type":"WebSite","@id":"https:\/\/www.voltage-tester.com\/#website","url":"https:\/\/www.voltage-tester.com\/","name":"Run Test Electric Manufacturing Co., Ltd.","description":"Run Test Electric Manufacturing Co., Ltd.","publisher":{"@id":"https:\/\/www.voltage-tester.com\/#organization"},"potentialAction":[{"@type":"SearchAction","target":{"@type":"EntryPoint","urlTemplate":"https:\/\/www.voltage-tester.com\/?s={search_term_string}"},"query-input":{"@type":"PropertyValueSpecification","valueRequired":true,"valueName":"search_term_string"}}],"inLanguage":"pt-PT"},{"@type":"Organization","@id":"https:\/\/www.voltage-tester.com\/#organization","name":"Run Test Electric Manufacturing Co., Ltd.","url":"https:\/\/www.voltage-tester.com\/","logo":{"@type":"ImageObject","inLanguage":"pt-PT","@id":"https:\/\/www.voltage-tester.com\/#\/schema\/logo\/image\/","url":"https:\/\/www.voltage-tester.com\/wp-content\/uploads\/2025\/02\/cropped-logo-2-1.png","contentUrl":"https:\/\/www.voltage-tester.com\/wp-content\/uploads\/2025\/02\/cropped-logo-2-1.png","width":264,"height":50,"caption":"Run Test Electric Manufacturing Co., Ltd."},"image":{"@id":"https:\/\/www.voltage-tester.com\/#\/schema\/logo\/image\/"}}]}},"_links":{"self":[{"href":"https:\/\/www.voltage-tester.com\/pt\/wp-json\/wp\/v2\/pages\/182","targetHints":{"allow":["GET"]}}],"collection":[{"href":"https:\/\/www.voltage-tester.com\/pt\/wp-json\/wp\/v2\/pages"}],"about":[{"href":"https:\/\/www.voltage-tester.com\/pt\/wp-json\/wp\/v2\/types\/page"}],"author":[{"embeddable":true,"href":"https:\/\/www.voltage-tester.com\/pt\/wp-json\/wp\/v2\/users\/1"}],"replies":[{"embeddable":true,"href":"https:\/\/www.voltage-tester.com\/pt\/wp-json\/wp\/v2\/comments?post=182"}],"version-history":[{"count":0,"href":"https:\/\/www.voltage-tester.com\/pt\/wp-json\/wp\/v2\/pages\/182\/revisions"}],"wp:attachment":[{"href":"https:\/\/www.voltage-tester.com\/pt\/wp-json\/wp\/v2\/media?parent=182"}],"curies":[{"name":"wp","href":"https:\/\/api.w.org\/{rel}","templated":true}]}}