{"id":188,"date":"2025-02-20T03:47:11","date_gmt":"2025-02-20T03:47:11","guid":{"rendered":"http:\/\/43.135.160.122\/?page_id=188"},"modified":"2025-05-16T03:36:57","modified_gmt":"2025-05-16T03:36:57","slug":"why-choose-us","status":"publish","type":"page","link":"https:\/\/www.voltage-tester.com\/fr\/why-choose-us\/","title":{"rendered":"Votre fournisseur fiable d'\u00e9quipements d'essais \u00e9lectriques"},"content":{"rendered":"<div class=\"path_bar\">\n        <div class=\"layout\">\n            <ul>\n                <li><a href=\"\/\">Accueil<\/a><\/li>\n                <!--\u9762\u5305\u5c51-->\n                    <li> <a href=\"\">Pourquoi nous choisir ?<\/a><\/li>\n                <\/ul>\n        <\/div>\n    <\/div>\n\n\n\n<div class=\"wcu-body\">\n <div class=\"layout\">\n<img decoding=\"async\" src=\"\/wp-content\/uploads\/2025\/02\/c833ef27.webp\" alt=\"Fournisseur de mat\u00e9riel de test \u00e9lectrique RUN TEST\">\n<div class=\"fl-rich-text\">\n\t<p  class=\"p1\"><span style=\"font-family: verdana, geneva;\">La soci\u00e9t\u00e9 RUN-TEST est une entreprise professionnelle sp\u00e9cialis\u00e9e dans le d\u00e9veloppement et la production de <a href=\"\/products\"><span class=\"s1\">mat\u00e9riel d'essai \u00e9lectrique<\/span><\/a>. Produit principal :<a href=\"\/transformer-test-category\/\"><span class=\"s1\">testeurs de transformateurs<\/span><\/a>, testeurs de p\u00e9trole et de gaz, <a href=\"\/circuit-breaker-test-category\/\"><span class=\"s1\">testeurs de disjoncteurs<\/span><\/a>, <a href=\"\/relay-protection-test-category\/\"><span class=\"s1\">testeurs de protection des relais<\/span><\/a>, <a href=\"\/cable-fault-locator-category\/\"><span class=\"s1\">localisateur de d\u00e9fauts de c\u00e2bles<\/span><\/a> , <a href=\"\/insulation-resiatance-tester-category\/\"><span class=\"s1\">testeurs de r\u00e9sistance d'isolement<\/span><\/a> et des testeurs d'hippotragues.<\/p>\n\n<p><span style=\"font-family: verdana, geneva; color: #000000;\"> Tout d'abord, nous avons de nombreuses ann\u00e9es d'exp\u00e9rience dans le domaine des essais \u00e9lectriques. Nous avons r\u00e9alis\u00e9 de nombreux projets d'essais \u00e9lectriques en Chine, notamment \u00e0 Tianjin, au Xinjiang et dans d'autres r\u00e9gions du pays, ce qui nous a valu la reconnaissance des autorit\u00e9s locales. Gr\u00e2ce \u00e0 une gestion compl\u00e8te de la production, de la recherche scientifique et des services, nous avons pu mener \u00e0 bien de nombreux projets. Ils ont \u00e9t\u00e9 vendus dans de nombreux pays et r\u00e9gions. <\/p>\n\n<p class=\"p1\">Deuxi\u00e8mement, l'\u00e9quipement diversifi\u00e9 des produits vous permet de b\u00e9n\u00e9ficier d'un service \u00e0 guichet unique plus pratique. Nous ne fournissons pas seulement un type d'\u00e9quipement d'essai, vous pouvez trouver diff\u00e9rents types d'instruments d'essai \u00e9lectriques, tels que <a href=\"\/partial-discharge-test-category\/\"><span class=\"s1\">testeur de d\u00e9charge partielle<\/span><\/a>, <a href=\"\/transformer-test-category\/\"><span class=\"s1\">test de transformateur<\/span><\/a> s\u00e9rie, <a href=\"\/transformer-oil-test-category\/\"><span class=\"s1\">test d'huile de transformateur<\/span><\/a> s\u00e9rie d'essais d'huile d'isolation, <a href=\"\/high-voltage-test-category\/\"><span class=\"s1\">test de l'hippotrague<\/span><\/a> s\u00e9rie, <a href=\"\/relay-protection-test-category\/\"><span class=\"s1\">Test de relais et d'isolation<\/span><\/a> S\u00e9rie, <a href=\"\/cable-fault-locator-category\/\"><span class=\"s1\">Test de d\u00e9faut de c\u00e2ble<\/span><\/a> et <a href=\"\/sf6-gas-analyzer-category\/\"><span class=\"s1\">Analyseur de gaz SF6<\/span><\/a>, <a href=\"\/power-quality-analyzer-category\/\"><span class=\"s1\">analyseur de la qualit\u00e9 de l'\u00e9nergie<\/span><\/a>etc.<\/p>\n\n<p class=\"p1\"><span class=\"s1\">Troisi\u00e8mement, certificat d'\u00e9talonnage CE. Nos services<span class=\"Apple-converted-space\">\u00a0 <\/span><a href=\"\/turns-ratio-tester-category\/\"><span class=\"s2\">testeur de rapport des tours de transformateur<\/span><\/a>, <a href=\"\/dc-resistance-tester-category\/\"><span class=\"s2\">Transformateur Testeur de r\u00e9sistance DC<\/span><\/a>, <a href=\"\/high-voltage-test-category\/\"><span class=\"s2\">Testeur VLF<\/span><\/a>, <a href=\"\/relay-protection-test-category\/\"><span class=\"s2\">kit de test de protection des relais<\/span><\/a>, <a href=\"\/insulation-resiatance-tester-category\/\"><span class=\"s2\">testeur de r\u00e9sistance d'isolement<\/span><\/a>, <a href=\"\/oil-bdv-tester-category\/\"><span class=\"s2\">Testeur d'huile BDV<\/span><\/a> sont certifi\u00e9s CE et r\u00e9pondent aux exigences de s\u00e9curit\u00e9 stipul\u00e9es par l'UE.<\/span><\/p>\n\n<p><span style=\"font-family: verdana, geneva; color: #000000;\"> Quatri\u00e8mement, les commentaires et les louanges des clients. Par exemple, l'un de nos clients colombiens a d\u00e9clar\u00e9 ce qui suit : \"Qualit\u00e9 sup\u00e9rieure, service client unique, excellent emballage, facilit\u00e9 d'utilisation, machine rapide, s\u00e9curit\u00e9 pendant tout le processus, communication constante avec l'\u00e9quipe de vente et assistance technique pr\u00e9cieuse si n\u00e9cessaire. Hautement recommand\u00e9\". <\/p>\n<\/div>\n<ul class=\"pl\">\n\n           <li>\n<img decoding=\"async\"  src=\"\/wp-content\/uploads\/2025\/02\/choose-us-11-300x118-1.webp\" alt=\"Fournisseur de mat\u00e9riel de test \u00e9lectrique RUN TEST\">\n\n<\/li>\n  <li>\n<img decoding=\"async\"  src=\"\/wp-content\/uploads\/2025\/02\/choose-us-2-171x300-1.webp\" alt=\"Fournisseur de mat\u00e9riel de test \u00e9lectrique RUN TEST\">\n\n<\/li>\n  <li>\n<img decoding=\"async\"  src=\"\/wp-content\/uploads\/2025\/02\/choose-us-3-171x300-1.webp\" alt=\"Fournisseur de mat\u00e9riel de test \u00e9lectrique RUN TEST\">\n\n<\/li>\n<\/ul>\n<div class=\"fl-rich-text\">\n\t<p><span style=\"color: #000000; font-family: verdana, geneva;\"><span style=\"font-size: small;\">D'autre part, un emballage en bois durable et robuste. Nos services <span style=\"color: #ff0000;\">mat\u00e9riel d'essai \u00e9lectrique<\/span> sera emball\u00e9 dans une bo\u00eete en bois avec de la mousse \u00e0 l'int\u00e9rieur. Cela permet d'assurer la s\u00e9curit\u00e9 du transport et d'offrir aux clients la meilleure exp\u00e9rience d'achat possible. Voici les emballages que nous utilisons pour l'exp\u00e9dition.<\/span><\/span><\/p>\n<\/div>\n<img decoding=\"async\" width=\"100%\"  src=\"\/wp-content\/uploads\/2025\/02\/34f36dd6.webp\" alt=\"Fournisseur de mat\u00e9riel de test \u00e9lectrique RUN TEST\">\n\n\n<img decoding=\"async\"  src=\"\/wp-content\/uploads\/2025\/02\/3ce570bc.webp\" alt=\"Fournisseur de mat\u00e9riel de test \u00e9lectrique RUN TEST\">\n<div class=\"fl-rich-text\">\n\t<p><span style=\"font-family: verdana, geneva;\"><span style=\"font-size: small; color: #000000;\">Enfin, un service en ligne 24 heures sur 24 et une garantie d'un an. Nous vous fournissons un service apr\u00e8s-vente de qualit\u00e9 sup\u00e9rieure. Si vous rencontrez des probl\u00e8mes lors de l'utilisation du produit, contactez-nous, nous vous aiderons du premier coup.<\/span><\/span><\/p>\n<p><span style=\"font-family: verdana, geneva;\"><span style=\"font-size: small; color: #000000;\">En un mot, tout en vous offrant un guichet unique, la soci\u00e9t\u00e9 Run-Test vous fournira des produits et des services de qualit\u00e9. Dans l'attente d'une coop\u00e9ration \u00e0 long terme avec vous !<\/span><\/span><\/p>\n<\/div>\n\n\n\n  <\/div>\n<\/div>\n\n\n\n<style>\n.wcu-body img{\nmargin:35px 0\n\n}\n.wcu-body{\nmargin-bottom:40px\n\n}\n.wcu-body p{\nmargin-bottom:16px\n}\n.pl{\ndisplay:flex;\njustify-content:space-between;\n\n}\n.pl li{\nwidth:33%\n}\n\n\n\n\n\n<\/style>","protected":false},"excerpt":{"rendered":"<p>Home Why Choose Us RUN-TEST company is a professional company specializing in the development and production of electric testing equipment. Main Product:transformer testers, oil &amp; gas testers, circuit breaker testers, relay protection testers, cable fault locator , insulation resistance testers and hipot testers. Firstly, we have many years experience in electric test area. We have [&hellip;]<\/p>","protected":false},"author":1,"featured_media":0,"parent":0,"menu_order":0,"comment_status":"closed","ping_status":"closed","template":"","meta":{"footnotes":""},"class_list":["post-188","page","type-page","status-publish","hentry"],"yoast_head":"<!-- This site is optimized with the Yoast SEO plugin v24.4 - https:\/\/yoast.com\/wordpress\/plugins\/seo\/ -->\n<title>Your Trustworthy Electric Test Equipment Supplier - Run Test Electric Manufacturing Co., Ltd.<\/title>\n<meta name=\"robots\" content=\"index, follow, max-snippet:-1, max-image-preview:large, max-video-preview:-1\" \/>\n<link rel=\"canonical\" href=\"https:\/\/www.voltage-tester.com\/fr\/why-choose-us\/\" \/>\n<meta property=\"og:locale\" content=\"fr_FR\" \/>\n<meta property=\"og:type\" content=\"article\" \/>\n<meta property=\"og:title\" content=\"Your Trustworthy Electric Test Equipment Supplier - Run Test Electric Manufacturing Co., Ltd.\" \/>\n<meta property=\"og:description\" content=\"Home Why Choose Us RUN-TEST company is a professional company specializing in the development and production of electric testing equipment. Main Product:transformer testers, oil &amp; gas testers, circuit breaker testers, relay protection testers, cable fault locator , insulation resistance testers and hipot testers. Firstly, we have many years experience in electric test area. We have [&hellip;]\" \/>\n<meta property=\"og:url\" content=\"https:\/\/www.voltage-tester.com\/fr\/why-choose-us\/\" \/>\n<meta property=\"og:site_name\" content=\"Run Test Electric Manufacturing Co., Ltd.\" \/>\n<meta property=\"article:modified_time\" content=\"2025-05-16T03:36:57+00:00\" \/>\n<meta name=\"twitter:card\" content=\"summary_large_image\" \/>\n<meta name=\"twitter:label1\" content=\"Est. reading time\" \/>\n\t<meta name=\"twitter:data1\" content=\"3 minutes\" \/>\n<script type=\"application\/ld+json\" class=\"yoast-schema-graph\">{\"@context\":\"https:\/\/schema.org\",\"@graph\":[{\"@type\":\"WebPage\",\"@id\":\"https:\/\/www.voltage-tester.com\/why-choose-us\/\",\"url\":\"https:\/\/www.voltage-tester.com\/why-choose-us\/\",\"name\":\"Your Trustworthy Electric Test Equipment Supplier - Run Test Electric Manufacturing Co., Ltd.\",\"isPartOf\":{\"@id\":\"https:\/\/www.voltage-tester.com\/#website\"},\"datePublished\":\"2025-02-20T03:47:11+00:00\",\"dateModified\":\"2025-05-16T03:36:57+00:00\",\"breadcrumb\":{\"@id\":\"https:\/\/www.voltage-tester.com\/why-choose-us\/#breadcrumb\"},\"inLanguage\":\"fr-FR\",\"potentialAction\":[{\"@type\":\"ReadAction\",\"target\":[\"https:\/\/www.voltage-tester.com\/why-choose-us\/\"]}]},{\"@type\":\"BreadcrumbList\",\"@id\":\"https:\/\/www.voltage-tester.com\/why-choose-us\/#breadcrumb\",\"itemListElement\":[{\"@type\":\"ListItem\",\"position\":1,\"name\":\"Home\",\"item\":\"https:\/\/www.voltage-tester.com\/\"},{\"@type\":\"ListItem\",\"position\":2,\"name\":\"Your Trustworthy Electric Test Equipment Supplier\"}]},{\"@type\":\"WebSite\",\"@id\":\"https:\/\/www.voltage-tester.com\/#website\",\"url\":\"https:\/\/www.voltage-tester.com\/\",\"name\":\"Run Test Electric Manufacturing Co., Ltd.\",\"description\":\"Run Test Electric Manufacturing Co., Ltd.\",\"publisher\":{\"@id\":\"https:\/\/www.voltage-tester.com\/#organization\"},\"potentialAction\":[{\"@type\":\"SearchAction\",\"target\":{\"@type\":\"EntryPoint\",\"urlTemplate\":\"https:\/\/www.voltage-tester.com\/?s={search_term_string}\"},\"query-input\":{\"@type\":\"PropertyValueSpecification\",\"valueRequired\":true,\"valueName\":\"search_term_string\"}}],\"inLanguage\":\"fr-FR\"},{\"@type\":\"Organization\",\"@id\":\"https:\/\/www.voltage-tester.com\/#organization\",\"name\":\"Run Test Electric Manufacturing Co., Ltd.\",\"url\":\"https:\/\/www.voltage-tester.com\/\",\"logo\":{\"@type\":\"ImageObject\",\"inLanguage\":\"fr-FR\",\"@id\":\"https:\/\/www.voltage-tester.com\/#\/schema\/logo\/image\/\",\"url\":\"https:\/\/www.voltage-tester.com\/wp-content\/uploads\/2025\/02\/cropped-logo-2-1.png\",\"contentUrl\":\"https:\/\/www.voltage-tester.com\/wp-content\/uploads\/2025\/02\/cropped-logo-2-1.png\",\"width\":264,\"height\":50,\"caption\":\"Run Test Electric Manufacturing Co., Ltd.\"},\"image\":{\"@id\":\"https:\/\/www.voltage-tester.com\/#\/schema\/logo\/image\/\"}}]}<\/script>\n<!-- \/ Yoast SEO plugin. -->","yoast_head_json":{"title":"Your Trustworthy Electric Test Equipment Supplier - Run Test Electric Manufacturing Co., Ltd.","robots":{"index":"index","follow":"follow","max-snippet":"max-snippet:-1","max-image-preview":"max-image-preview:large","max-video-preview":"max-video-preview:-1"},"canonical":"https:\/\/www.voltage-tester.com\/fr\/why-choose-us\/","og_locale":"fr_FR","og_type":"article","og_title":"Your Trustworthy Electric Test Equipment Supplier - Run Test Electric Manufacturing Co., Ltd.","og_description":"Home Why Choose Us RUN-TEST company is a professional company specializing in the development and production of electric testing equipment. Main Product:transformer testers, oil &amp; gas testers, circuit breaker testers, relay protection testers, cable fault locator , insulation resistance testers and hipot testers. Firstly, we have many years experience in electric test area. We have [&hellip;]","og_url":"https:\/\/www.voltage-tester.com\/fr\/why-choose-us\/","og_site_name":"Run Test Electric Manufacturing Co., Ltd.","article_modified_time":"2025-05-16T03:36:57+00:00","twitter_card":"summary_large_image","twitter_misc":{"Est. reading time":"3 minutes"},"schema":{"@context":"https:\/\/schema.org","@graph":[{"@type":"WebPage","@id":"https:\/\/www.voltage-tester.com\/why-choose-us\/","url":"https:\/\/www.voltage-tester.com\/why-choose-us\/","name":"Your Trustworthy Electric Test Equipment Supplier - Run Test Electric Manufacturing Co., Ltd.","isPartOf":{"@id":"https:\/\/www.voltage-tester.com\/#website"},"datePublished":"2025-02-20T03:47:11+00:00","dateModified":"2025-05-16T03:36:57+00:00","breadcrumb":{"@id":"https:\/\/www.voltage-tester.com\/why-choose-us\/#breadcrumb"},"inLanguage":"fr-FR","potentialAction":[{"@type":"ReadAction","target":["https:\/\/www.voltage-tester.com\/why-choose-us\/"]}]},{"@type":"BreadcrumbList","@id":"https:\/\/www.voltage-tester.com\/why-choose-us\/#breadcrumb","itemListElement":[{"@type":"ListItem","position":1,"name":"Home","item":"https:\/\/www.voltage-tester.com\/"},{"@type":"ListItem","position":2,"name":"Your Trustworthy Electric Test Equipment Supplier"}]},{"@type":"WebSite","@id":"https:\/\/www.voltage-tester.com\/#website","url":"https:\/\/www.voltage-tester.com\/","name":"Run Test Electric Manufacturing Co., Ltd.","description":"Run Test Electric Manufacturing Co., Ltd.","publisher":{"@id":"https:\/\/www.voltage-tester.com\/#organization"},"potentialAction":[{"@type":"SearchAction","target":{"@type":"EntryPoint","urlTemplate":"https:\/\/www.voltage-tester.com\/?s={search_term_string}"},"query-input":{"@type":"PropertyValueSpecification","valueRequired":true,"valueName":"search_term_string"}}],"inLanguage":"fr-FR"},{"@type":"Organization","@id":"https:\/\/www.voltage-tester.com\/#organization","name":"Run Test Electric Manufacturing Co., Ltd.","url":"https:\/\/www.voltage-tester.com\/","logo":{"@type":"ImageObject","inLanguage":"fr-FR","@id":"https:\/\/www.voltage-tester.com\/#\/schema\/logo\/image\/","url":"https:\/\/www.voltage-tester.com\/wp-content\/uploads\/2025\/02\/cropped-logo-2-1.png","contentUrl":"https:\/\/www.voltage-tester.com\/wp-content\/uploads\/2025\/02\/cropped-logo-2-1.png","width":264,"height":50,"caption":"Run Test Electric Manufacturing Co., Ltd."},"image":{"@id":"https:\/\/www.voltage-tester.com\/#\/schema\/logo\/image\/"}}]}},"_links":{"self":[{"href":"https:\/\/www.voltage-tester.com\/fr\/wp-json\/wp\/v2\/pages\/188","targetHints":{"allow":["GET"]}}],"collection":[{"href":"https:\/\/www.voltage-tester.com\/fr\/wp-json\/wp\/v2\/pages"}],"about":[{"href":"https:\/\/www.voltage-tester.com\/fr\/wp-json\/wp\/v2\/types\/page"}],"author":[{"embeddable":true,"href":"https:\/\/www.voltage-tester.com\/fr\/wp-json\/wp\/v2\/users\/1"}],"replies":[{"embeddable":true,"href":"https:\/\/www.voltage-tester.com\/fr\/wp-json\/wp\/v2\/comments?post=188"}],"version-history":[{"count":0,"href":"https:\/\/www.voltage-tester.com\/fr\/wp-json\/wp\/v2\/pages\/188\/revisions"}],"wp:attachment":[{"href":"https:\/\/www.voltage-tester.com\/fr\/wp-json\/wp\/v2\/media?parent=188"}],"curies":[{"name":"wp","href":"https:\/\/api.w.org\/{rel}","templated":true}]}}