{"id":184,"date":"2025-02-20T03:46:05","date_gmt":"2025-02-20T03:46:05","guid":{"rendered":"http:\/\/43.135.160.122\/?page_id=184"},"modified":"2025-05-16T03:27:56","modified_gmt":"2025-05-16T03:27:56","slug":"factory-tour","status":"publish","type":"page","link":"https:\/\/www.voltage-tester.com\/fr\/factory-tour\/","title":{"rendered":"Salon de l'\u00e9quipement d'essai \u00e9lectrique"},"content":{"rendered":"<div class=\"path_bar\">\n        <div class=\"layout\">\n            <ul>\n                <li><a href=\"\/\">Accueil<\/a><\/li>\n                <!--\u9762\u5305\u5c51-->\n                    <li> <a href=\"\">Salon de l'usine<\/a><\/li>\n                <\/ul>\n        <\/div>\n    <\/div>\n\n\n\n<div class=\"fs-body4\">\n <div class=\"layout\">\n      <p class=\"p1\" style=\"margin-bottom:30px\">Run Test Electric poss\u00e8de un atelier de production professionnel, et des techniciens hautement qualifi\u00e9s contr\u00f4lent la qualit\u00e9 de la production tout au long du processus afin de garantir la pr\u00e9cision et la qualit\u00e9 de chaque produit. <a href=\"https:\/\/www.voltage-tester.com\/products\"><span class=\"s1\">\u00e9quipement de test \u00e9lectrique<\/span><\/a>. Nous vous invitons \u00e0 visiter notre usine !<\/p>\n       <ul>\n\n           <li>\n<img decoding=\"async\"  src=\"\/wp-content\/uploads\/2025\/02\/1-1.webp\" alt=\"RUN TEST \u00c9quipement de test \u00e9lectrique\">\n\n<\/li>\n<li>\n<img decoding=\"async\"  src=\"\/wp-content\/uploads\/2025\/02\/3-3.webp\" alt=\"RUN TEST \u00c9quipement de test \u00e9lectrique\">\n\n<\/li>\n<li>\n<img decoding=\"async\"  src=\"\/wp-content\/uploads\/2025\/02\/3-31.webp\" alt=\"RUN TEST \u00c9quipement de test \u00e9lectrique\">\n\n<\/li>\n\n<li>\n<img decoding=\"async\"  src=\"\/wp-content\/uploads\/2025\/02\/76.webp\" alt=\"RUN TEST \u00c9quipement de test \u00e9lectrique\">\n\n<\/li>\n<li>\n<img decoding=\"async\"  src=\"\/wp-content\/uploads\/2025\/02\/83.webp\" alt=\"RUN TEST \u00c9quipement de test \u00e9lectrique\">\n\n<\/li>\n<li>\n<img decoding=\"async\"  src=\"\/wp-content\/uploads\/2025\/02\/high-voltage-test.webp\" alt=\"RUN TEST \u00c9quipement de test \u00e9lectrique\">\n\n<\/li>\n<li>\n<img decoding=\"async\"  src=\"\/wp-content\/uploads\/2025\/02\/insulating-oil-test.webp\" alt=\"RUN TEST \u00c9quipement de test \u00e9lectrique\">\n\n<\/li>\n<li>\n<img decoding=\"async\"  src=\"\/wp-content\/uploads\/2025\/02\/lab-oil-test.webp\" alt=\"RUN TEST \u00c9quipement de test \u00e9lectrique\">\n\n<\/li>\n<li>\n<img decoding=\"async\"  src=\"\/wp-content\/uploads\/2025\/02\/partial-discharge-test.webp\" alt=\"RUN TEST \u00c9quipement de test \u00e9lectrique\">\n\n<\/li>\n<li>\n<img decoding=\"async\"  src=\"\/wp-content\/uploads\/2025\/02\/test-equipment-1.webp\" alt=\"RUN TEST \u00c9quipement de test \u00e9lectrique\">\n\n<\/li>\n<li>\n<img decoding=\"async\"  src=\"\/wp-content\/uploads\/2025\/02\/transformer-oil-test.webp\" alt=\"RUN TEST \u00c9quipement de test \u00e9lectrique\">\n\n<\/li>\n<li>\n<img decoding=\"async\"  src=\"\/wp-content\/uploads\/2025\/02\/transformer-test3.webp\" alt=\"RUN TEST \u00c9quipement de test \u00e9lectrique\">\n\n<\/li>\n\n<\/ul>\n\n\n\n\n\n\n\n\n\n<\/div>\n<\/div>\n\n\n\n<style>\n.fs-body4{\npadding:35px 0 40px\n}\n.fs-body4 img{\nwidth:100%\n\n}\n.fs-body4 ul{\ndisplay:flex;\njustify-content:space-between;\nflex-flow:row wrap\n}\n.fs-body4 ul li{\nwidth:33%;\nmargin-bottom:0.6%\n}\n\n\n\n<\/style>","protected":false},"excerpt":{"rendered":"<p>Home Factory Show Run Test Electric owns professional production workshop, and highly educated technicians control the production quality throughout the process to ensure the accuracy and quality of each electric test equipment. Welcome to visit our factory!<\/p>","protected":false},"author":1,"featured_media":0,"parent":0,"menu_order":0,"comment_status":"closed","ping_status":"closed","template":"","meta":{"footnotes":""},"class_list":["post-184","page","type-page","status-publish","hentry"],"yoast_head":"<!-- This site is optimized with the Yoast SEO plugin v24.4 - https:\/\/yoast.com\/wordpress\/plugins\/seo\/ -->\n<title>Electric Test Equipment Factory Show - Run Test Electric Manufacturing Co., Ltd.<\/title>\n<meta name=\"description\" content=\"China Resistance Tester, transformer tester supplier, we provide you transformer test equipment, Insulation Tester, Partial Discharge Detector with good price.\" \/>\n<meta name=\"robots\" content=\"index, follow, max-snippet:-1, max-image-preview:large, max-video-preview:-1\" \/>\n<link rel=\"canonical\" href=\"https:\/\/www.voltage-tester.com\/fr\/factory-tour\/\" \/>\n<meta property=\"og:locale\" content=\"fr_FR\" \/>\n<meta property=\"og:type\" content=\"article\" \/>\n<meta property=\"og:title\" content=\"Electric Test Equipment Factory Show - Run Test Electric Manufacturing Co., Ltd.\" \/>\n<meta property=\"og:description\" content=\"China Resistance Tester, transformer tester supplier, we provide you transformer test equipment, Insulation Tester, Partial Discharge Detector with good price.\" \/>\n<meta property=\"og:url\" content=\"https:\/\/www.voltage-tester.com\/fr\/factory-tour\/\" \/>\n<meta property=\"og:site_name\" content=\"Run Test Electric Manufacturing Co., Ltd.\" \/>\n<meta property=\"article:modified_time\" content=\"2025-05-16T03:27:56+00:00\" \/>\n<meta name=\"twitter:card\" content=\"summary_large_image\" \/>\n<meta name=\"twitter:label1\" content=\"Est. reading time\" \/>\n\t<meta name=\"twitter:data1\" content=\"3 minutes\" \/>\n<script type=\"application\/ld+json\" class=\"yoast-schema-graph\">{\"@context\":\"https:\/\/schema.org\",\"@graph\":[{\"@type\":\"WebPage\",\"@id\":\"https:\/\/www.voltage-tester.com\/factory-tour\/\",\"url\":\"https:\/\/www.voltage-tester.com\/factory-tour\/\",\"name\":\"Electric Test Equipment Factory Show - Run Test Electric Manufacturing Co., Ltd.\",\"isPartOf\":{\"@id\":\"https:\/\/www.voltage-tester.com\/#website\"},\"datePublished\":\"2025-02-20T03:46:05+00:00\",\"dateModified\":\"2025-05-16T03:27:56+00:00\",\"description\":\"China Resistance Tester, transformer tester supplier, we provide you transformer test equipment, Insulation Tester, Partial Discharge Detector with good price.\",\"breadcrumb\":{\"@id\":\"https:\/\/www.voltage-tester.com\/factory-tour\/#breadcrumb\"},\"inLanguage\":\"fr-FR\",\"potentialAction\":[{\"@type\":\"ReadAction\",\"target\":[\"https:\/\/www.voltage-tester.com\/factory-tour\/\"]}]},{\"@type\":\"BreadcrumbList\",\"@id\":\"https:\/\/www.voltage-tester.com\/factory-tour\/#breadcrumb\",\"itemListElement\":[{\"@type\":\"ListItem\",\"position\":1,\"name\":\"Home\",\"item\":\"https:\/\/www.voltage-tester.com\/\"},{\"@type\":\"ListItem\",\"position\":2,\"name\":\"Electric Test Equipment Factory Show\"}]},{\"@type\":\"WebSite\",\"@id\":\"https:\/\/www.voltage-tester.com\/#website\",\"url\":\"https:\/\/www.voltage-tester.com\/\",\"name\":\"Run Test Electric Manufacturing Co., Ltd.\",\"description\":\"Run Test Electric Manufacturing Co., Ltd.\",\"publisher\":{\"@id\":\"https:\/\/www.voltage-tester.com\/#organization\"},\"potentialAction\":[{\"@type\":\"SearchAction\",\"target\":{\"@type\":\"EntryPoint\",\"urlTemplate\":\"https:\/\/www.voltage-tester.com\/?s={search_term_string}\"},\"query-input\":{\"@type\":\"PropertyValueSpecification\",\"valueRequired\":true,\"valueName\":\"search_term_string\"}}],\"inLanguage\":\"fr-FR\"},{\"@type\":\"Organization\",\"@id\":\"https:\/\/www.voltage-tester.com\/#organization\",\"name\":\"Run Test Electric Manufacturing Co., Ltd.\",\"url\":\"https:\/\/www.voltage-tester.com\/\",\"logo\":{\"@type\":\"ImageObject\",\"inLanguage\":\"fr-FR\",\"@id\":\"https:\/\/www.voltage-tester.com\/#\/schema\/logo\/image\/\",\"url\":\"https:\/\/www.voltage-tester.com\/wp-content\/uploads\/2025\/02\/cropped-logo-2-1.png\",\"contentUrl\":\"https:\/\/www.voltage-tester.com\/wp-content\/uploads\/2025\/02\/cropped-logo-2-1.png\",\"width\":264,\"height\":50,\"caption\":\"Run Test Electric Manufacturing Co., Ltd.\"},\"image\":{\"@id\":\"https:\/\/www.voltage-tester.com\/#\/schema\/logo\/image\/\"}}]}<\/script>\n<!-- \/ Yoast SEO plugin. -->","yoast_head_json":{"title":"Electric Test Equipment Factory Show - Run Test Electric Manufacturing Co., Ltd.","description":"China Resistance Tester, transformer tester supplier, we provide you transformer test equipment, Insulation Tester, Partial Discharge Detector with good price.","robots":{"index":"index","follow":"follow","max-snippet":"max-snippet:-1","max-image-preview":"max-image-preview:large","max-video-preview":"max-video-preview:-1"},"canonical":"https:\/\/www.voltage-tester.com\/fr\/factory-tour\/","og_locale":"fr_FR","og_type":"article","og_title":"Electric Test Equipment Factory Show - Run Test Electric Manufacturing Co., Ltd.","og_description":"China Resistance Tester, transformer tester supplier, we provide you transformer test equipment, Insulation Tester, Partial Discharge Detector with good price.","og_url":"https:\/\/www.voltage-tester.com\/fr\/factory-tour\/","og_site_name":"Run Test Electric Manufacturing Co., Ltd.","article_modified_time":"2025-05-16T03:27:56+00:00","twitter_card":"summary_large_image","twitter_misc":{"Est. reading time":"3 minutes"},"schema":{"@context":"https:\/\/schema.org","@graph":[{"@type":"WebPage","@id":"https:\/\/www.voltage-tester.com\/factory-tour\/","url":"https:\/\/www.voltage-tester.com\/factory-tour\/","name":"Electric Test Equipment Factory Show - Run Test Electric Manufacturing Co., Ltd.","isPartOf":{"@id":"https:\/\/www.voltage-tester.com\/#website"},"datePublished":"2025-02-20T03:46:05+00:00","dateModified":"2025-05-16T03:27:56+00:00","description":"China Resistance Tester, transformer tester supplier, we provide you transformer test equipment, Insulation Tester, Partial Discharge Detector with good price.","breadcrumb":{"@id":"https:\/\/www.voltage-tester.com\/factory-tour\/#breadcrumb"},"inLanguage":"fr-FR","potentialAction":[{"@type":"ReadAction","target":["https:\/\/www.voltage-tester.com\/factory-tour\/"]}]},{"@type":"BreadcrumbList","@id":"https:\/\/www.voltage-tester.com\/factory-tour\/#breadcrumb","itemListElement":[{"@type":"ListItem","position":1,"name":"Home","item":"https:\/\/www.voltage-tester.com\/"},{"@type":"ListItem","position":2,"name":"Electric Test Equipment Factory Show"}]},{"@type":"WebSite","@id":"https:\/\/www.voltage-tester.com\/#website","url":"https:\/\/www.voltage-tester.com\/","name":"Run Test Electric Manufacturing Co., Ltd.","description":"Run Test Electric Manufacturing Co., Ltd.","publisher":{"@id":"https:\/\/www.voltage-tester.com\/#organization"},"potentialAction":[{"@type":"SearchAction","target":{"@type":"EntryPoint","urlTemplate":"https:\/\/www.voltage-tester.com\/?s={search_term_string}"},"query-input":{"@type":"PropertyValueSpecification","valueRequired":true,"valueName":"search_term_string"}}],"inLanguage":"fr-FR"},{"@type":"Organization","@id":"https:\/\/www.voltage-tester.com\/#organization","name":"Run Test Electric Manufacturing Co., Ltd.","url":"https:\/\/www.voltage-tester.com\/","logo":{"@type":"ImageObject","inLanguage":"fr-FR","@id":"https:\/\/www.voltage-tester.com\/#\/schema\/logo\/image\/","url":"https:\/\/www.voltage-tester.com\/wp-content\/uploads\/2025\/02\/cropped-logo-2-1.png","contentUrl":"https:\/\/www.voltage-tester.com\/wp-content\/uploads\/2025\/02\/cropped-logo-2-1.png","width":264,"height":50,"caption":"Run Test Electric Manufacturing Co., Ltd."},"image":{"@id":"https:\/\/www.voltage-tester.com\/#\/schema\/logo\/image\/"}}]}},"_links":{"self":[{"href":"https:\/\/www.voltage-tester.com\/fr\/wp-json\/wp\/v2\/pages\/184","targetHints":{"allow":["GET"]}}],"collection":[{"href":"https:\/\/www.voltage-tester.com\/fr\/wp-json\/wp\/v2\/pages"}],"about":[{"href":"https:\/\/www.voltage-tester.com\/fr\/wp-json\/wp\/v2\/types\/page"}],"author":[{"embeddable":true,"href":"https:\/\/www.voltage-tester.com\/fr\/wp-json\/wp\/v2\/users\/1"}],"replies":[{"embeddable":true,"href":"https:\/\/www.voltage-tester.com\/fr\/wp-json\/wp\/v2\/comments?post=184"}],"version-history":[{"count":0,"href":"https:\/\/www.voltage-tester.com\/fr\/wp-json\/wp\/v2\/pages\/184\/revisions"}],"wp:attachment":[{"href":"https:\/\/www.voltage-tester.com\/fr\/wp-json\/wp\/v2\/media?parent=184"}],"curies":[{"name":"wp","href":"https:\/\/api.w.org\/{rel}","templated":true}]}}