{"id":182,"date":"2025-02-20T03:45:05","date_gmt":"2025-02-20T03:45:05","guid":{"rendered":"http:\/\/43.135.160.122\/?page_id=182"},"modified":"2025-05-14T01:34:05","modified_gmt":"2025-05-14T01:34:05","slug":"about-us","status":"publish","type":"page","link":"https:\/\/www.voltage-tester.com\/fr\/about-us\/","title":{"rendered":"Fabricant de mat\u00e9riel d'essai \u00e9lectrique"},"content":{"rendered":"<div class=\"path_bar\">\n        <div class=\"layout\">\n            <ul>\n                <li><a href=\"\/\">Accueil<\/a><\/li>\n                <!--\u9762\u5305\u5c51-->\n                    <li> <a href=\"\">\u00c0 propos de nous<\/a><\/li>\n                <\/ul>\n        <\/div>\n    <\/div>\n\n\n\n<div class=\"ab-body\">\n <div class=\"layout\">\n     <div class=\"ab-img\">\n           <div  class=\"ab-des\">\n            <h2>A propos de Run Test Electric<\/h2>\n            <p class=\"p1\">Bienvenue sur le site de Run Test Electric, un <b>fabricant de mat\u00e9riel d'essai \u00e9lectrique<\/b> en Chine. Notre vaste <a href=\"\/products\"><span class=\"s1\">\u00e9quipement d'essai de puissance<\/span><\/a> offre une gamme de solutions de test pour une vari\u00e9t\u00e9 d'applications, du test de circuit de base \u00e0 l'analyse de puissance avanc\u00e9e. Notre engagement en faveur de l'innovation et de la qualit\u00e9 nous a valu une r\u00e9putation de fournisseur de confiance dans l'industrie \u00e9lectrique.<\/p>\n             <a href=\"\/contact-us\"><button class=\"ab-btn\">Rejoignez-nous<\/button><\/a>\n\n<\/div>  \n\n\n\n\n<\/div>\n\n\n\n\n\n\n\n\n\n\n\n\n\n<\/div>\n<\/div>\n\n\n\n<div class=\"ab-body2\">\n <div class=\"layout\">\n       <div class=\"icon-body\" >\n       <ul>\n\n           <li>\n<img decoding=\"async\"  src=\"\/wp-content\/uploads\/2025\/02\/1740467733482.png\">\n<h2 style=\"text-align: center;\"><span style=\"font-size: 20px; color: #000000; font-family: verdana, geneva;\">QUI SOMMES-NOUS ?<\/span><\/h2>\n<p class=\"p1\"><span style=\"font-family: verdana, geneva; font-size: small; color: #000000;\">Run Test Electric, fournisseur de produits et de services haut de gamme de State Grid, dont le si\u00e8ge se trouve \u00e0 Baoding, en Chine, est sp\u00e9cialis\u00e9 dans la conception et la fabrication d'\u00e9quipements de test \u00e9lectrique portables, notamment : <a href=\"\/transformer-test-category\/\"><span class=\"s1\">testeurs de transformateurs<\/span><\/a>, testeurs de p\u00e9trole et de gaz, <a href=\"\/circuit-breaker-test-category\/\"><span class=\"s1\">testeurs de disjoncteurs<\/span><\/a>, <a href=\"\/relay-protection-test-category\/\"><span class=\"s1\">testeurs de protection des relais<\/span><\/a>, <a href=\"\/cable-fault-locator-category\/\"><span class=\"s1\">localisateur de d\u00e9fauts de c\u00e2bles<\/span><\/a> , <a href=\"\/insulation-resiatance-tester-category\/\"><span class=\"s1\">testeurs de r\u00e9sistance d'isolement<\/span><\/a> et des testeurs d'hippotragues, etc.<\/span><\/p>\n<\/li>\n<li>\n<img decoding=\"async\"  src=\"\/wp-content\/uploads\/2025\/02\/1740467760636.png\">\n<h2 style=\"text-align: center;\"><span style=\"font-size: 20px; color: #000000; font-family: verdana, geneva;\">CANDIDATURES<\/span><\/h2>\n<p class=\"p1\"><span style=\"font-family: verdana, geneva; font-size: small; color: #000000;\">Notre entreprise <a href=\"\/products\"><span class=\"s1\">mat\u00e9riel d'essai \u00e9lectrique<\/span><\/a> sont largement utilis\u00e9s dans de nombreux domaines tels que l'\u00e9nergie \u00e9lectrique, les chemins de fer, les machines, la p\u00e9trochimie, et sont s\u00e9lectionn\u00e9s par de nombreuses grandes usines de transformateurs et usines p\u00e9trochimiques.<\/span><\/p>\n<\/li>\n<li>\n<img decoding=\"async\"  src=\"\/wp-content\/uploads\/2025\/02\/1740467788334.png\">\n<h2 style=\"text-align: center;\"><span style=\"font-size: 20px; color: #000000; font-family: verdana, geneva;\">NOTRE MARCH\u00c9<\/span><\/h2>\n<p class=\"p1\"><span style=\"font-family: verdana, geneva; font-size: small; color: #000000;\">Les n\u00f4tres <a href=\"\/products\"><span class=\"s1\">\u00c9quipements d'essais \u00e9lectriques<\/span><\/a> ont \u00e9t\u00e9 export\u00e9s vers l'Asie du Sud-Est, le Moyen-Orient, l'Afrique, l'Am\u00e9rique du Nord, l'Am\u00e9rique latine, l'Europe et d'autres r\u00e9gions. Gr\u00e2ce \u00e0 des produits de bonne qualit\u00e9, des prix comp\u00e9titifs et d'excellents services, nous avons acquis une bonne r\u00e9putation aupr\u00e8s de nos clients \u00e0 l'\u00e9tranger.<\/span><\/p>\n<\/li>\n\n\n\n\n\n\n<\/ul>\n\n\n\n\n<\/div>\n\n\n\n\n<\/div>\n<\/div>\n\n\n\n<div class=\"ab-body2\">\n <div class=\"layout\">\n       <div class=\"icon-body\" style=\"padding-top:0!important\">\n       <ul>\n\n           <li>\n<img decoding=\"async\"  src=\"\/wp-content\/uploads\/2025\/02\/4-4.webp\">\n\n<\/li>\n<li>\n<img decoding=\"async\"  src=\"\/wp-content\/uploads\/2025\/02\/5-5.webp\">\n\n<\/li>\n<li>\n<img decoding=\"async\"  src=\"\/wp-content\/uploads\/2025\/02\/6-6.webp\">\n\n<\/li>\n\n\n\n\n\n\n<\/ul>\n\n\n\n\n<\/div>\n\n\n\n\n<\/div>\n<\/div>\n\n\n\n<div class=\"ab-body3\">\n <div class=\"layout\">\n<ul>\n<li>\n<div class=\"tt-list\">\n<img decoding=\"async\" width=\"26px\"  src=\"\/wp-content\/uploads\/2025\/02\/1740468930901.png\">\n<h2>Nos produits<\/h2>\n<\/div>\n<p class=\"p1\"><span class=\"s1\">Nos produits comprennent <a href=\"\/partial-discharge-test-category\/\"><span class=\"s2\">testeur de d\u00e9charge partielle<\/span><\/a>, <a href=\"\/transformer-test-category\/\"><span class=\"s2\">test de transformateur<\/span><\/a> s\u00e9rie, <a href=\"\/transformer-oil-test-category\/\"><span class=\"s2\">test d'huile de transformateur<\/span><\/a> s\u00e9rie, <a href=\"\/transformer-oil-test-category\/\"><span class=\"s2\">essai d'huile d'isolation<\/span><\/a> s\u00e9rie, <a href=\"\/high-voltage-test-category\/\"><span class=\"s2\">test de l'hippotrague<\/span><\/a> s\u00e9rie, <a href=\"\/relay-protection-test-category\/\"><span class=\"s2\">Test de relais et d'isolation<\/span><\/a> S\u00e9rie, <a href=\"\/cable-fault-locator-category\/\"><span class=\"s2\">Test de d\u00e9faut de c\u00e2ble<\/span><\/a> et <a href=\"\/sf6-gas-analyzer-category\/\"><span class=\"s2\">Analyseur de gaz SF6<\/span><\/a>, <a href=\"\/power-quality-analyzer-category\/\"><span class=\"s2\">analyseur de la qualit\u00e9 de l'\u00e9nergie<\/span><\/a>etc.<\/span><\/p>\n<\/li>\n\n<li>\n<div class=\"tt-list\">\n<img decoding=\"async\" width=\"26px\"  src=\"\/wp-content\/uploads\/2025\/02\/1740468930901.png\">\n<h2>Renforcer la comp\u00e9titivit\u00e9 de l'entreprise - Innovation technologique et am\u00e9lioration des services<\/h2>\n<\/div>\n<p>Guid\u00e9s par la demande des clients, combin\u00e9e au d\u00e9veloppement des produits et des technologies, nous am\u00e9liorons continuellement l'application de l'\u00e9quipement dans des domaines connexes.<\/p>\n<\/li>\n\n\n<li>\n<div class=\"tt-list\">\n<img decoding=\"async\" width=\"26px\"  src=\"\/wp-content\/uploads\/2025\/02\/1740468930901.png\">\n<h2>Cr\u00e9er en permanence de la valeur pour les clients<\/h2>\n<\/div>\n<p class=\"p1\">Laissez nos <a href=\"\/products\"><span class=\"s1\">mat\u00e9riel d'essai \u00e9lectrique<\/span><\/a> aider les clients \u00e0 r\u00e9aliser des projets en douceur et \u00e0 r\u00e9cup\u00e9rer rapidement les co\u00fbts d'investissement. Lorsque la production de chaque \u00e9quipement est termin\u00e9e, nous garantissons la stabilit\u00e9 de l'\u00e9quipement par des tests stricts. En bref, nous nous engageons \u00e0 fournir \u00e0 chaque consommateur une qualit\u00e9, un service et un prix excellents.<\/p>\n<\/li>\n<\/ul>\n\n<\/div>\n<\/div>\n\n\n\n<div class=\"ab-body4\">\n <div class=\"layout\">\n       <div class=\"icon-body\" style=\"padding:0!important\">\n       <ul>\n\n           <li>\n<img decoding=\"async\"  src=\"\/wp-content\/uploads\/2025\/02\/44-224x300-2.webp\">\n\n<\/li>\n<li>\n<img decoding=\"async\"  src=\"\/wp-content\/uploads\/2025\/02\/56-224x300-1.webp\">\n\n<\/li>\n<li>\n<img decoding=\"async\"  src=\"\/wp-content\/uploads\/2025\/02\/fc8650b4-224x300-1.webp\">\n\n<\/li>\n\n<li>\n<img decoding=\"async\"  src=\"\/wp-content\/uploads\/2025\/02\/216-224x300-1.webp\">\n\n<\/li>\n\n\n\n\n<\/ul>\n\n\n\n\n<\/div>\n\n\n\n\n<\/div>\n<\/div>\n\n\n\n<div class=\"ab-body5\">\n <div class=\"layout\">\n     <div class=\"g2\">\n           <div  class=\"ab-des\">\n            <h2>Nous contacter<\/h2>\n             <p>La soci\u00e9t\u00e9 Run Test adh\u00e8re au concept de \"Easy Test\" pour faciliter vos tests. Nous suivons le rythme de l'\u00e9poque, continuons \u00e0 d\u00e9velopper de nouveaux produits, am\u00e9liorons la comp\u00e9titivit\u00e9 de la marque et r\u00e9pondons \u00e0 tous vos besoins. Nous faisons de notre mieux pour vous fournir des produits et des services de la meilleure qualit\u00e9. Nous sommes impatients d'\u00e9tablir une coop\u00e9ration \u00e0 long terme avec vous.<\/p>\n <p>Nous vous invitons \u00e0 explorer nos offres de produits et \u00e0 d\u00e9couvrir la diff\u00e9rence que RUN TEST peut faire pour vos besoins en mati\u00e8re de tests \u00e9lectriques. Contactez-nous d\u00e8s aujourd'hui pour en savoir plus sur nos solutions et sur la mani\u00e8re dont nous pouvons vous aider \u00e0 atteindre vos objectifs.\"<\/p>\n             <a href=\"\/contact-us\"><button class=\"ab-btn\">Nous contacter<\/button><\/a>\n\n<\/div>  \n\n\n\n\n<\/div>\n\n\n\n\n\n\n\n\n\n\n\n\n\n<\/div>\n<\/div>\n\n\n\n<style>\n.ab-body .p1 a{\n   color:#fff\n}\n.ab-img{\n background-image: linear-gradient(180deg,rgba(0,0,0,0.5) 0%,rgba(0,0,0,0.5) 100%),url(\/wp-content\/uploads\/2025\/02\/factory-3.webp);\n    padding: 12% 10%;\n    background-position: center;\nbackground-size:cover;\n    text-align: center;\n}\n.ab-body5{\n background-image: linear-gradient(180deg,rgba(0,0,0,0.5) 0%,rgba(0,0,0,0.5) 100%),url(\/wp-content\/uploads\/2025\/02\/21.webp)!important;\n    padding: 5% 0%;\n    background-position: center;\nbackground-size:cover;\n    text-align: center;\n}\n.ab-body{\npadding:35px 0 0\n}\n.ab-des h2{\ntext-align:center;\ncolor:#fff;\nfont-size:32px;\n    margin-bottom: 30px;\n\n}\n.ab-des p{\ntext-align:center;\ncolor:#fff;\nline-height:2em\n}\n\n.ab-btn{\n    font-size: 16px;\n    line-height: 18px;\n    padding: 14px 28px;\n    border-radius: 0px;\n    -moz-border-radius: 0px;\n    -webkit-border-radius: 0px;\n    background: #da281c;\n    border: 1px solid #ce1c10;\n    color:#fff;\n    margin-top: 30px;\n\n}\n.ab-btn:hover{\ncolor:#da281c;\nbackground:#fff;\ncursor:pointer\n\n\n}\n\n\n.ab-body2{\n   \n\n}\n.icon-body ul{\ndisplay:flex;\njustify-content:space-between\n}\n.icon-body ul li{\ntext-align:center;\nbackground:#fff;\npadding: 20px;\nwidth:32%\n\n}\n\n\n.icon-body{\n background-color: rgba(0,0,0, 0.05);\n    padding: 50px 30px 30px;\n}\n\n.ab-body3{\npadding:35px 0\n\n}\n.tt-list{\ndisplay:flex;\nalign-items:center;\nmargin-bottom:20px\n\n\n}\n.ab-body3 ul li{\nmargin-bottom:25px\n\n}\n.tt-list img{\nmargin-right:10px\n}\n\n..ab-img{\n background-image: linear-gradient(180deg,rgba(0,0,0,0.5) 0%,rgba(0,0,0,0.5) 100%),url(\/wp-content\/uploads\/2025\/02\/factory-3.webp)!important;\n    padding: 20% 10%;\n    background-position: center;\nbackground-size:cover;\n    text-align: center;\n}\n.ab-body{\npadding:35px 0 0\n}\n.ab-des h2{\ntext-align:center;\ncolor:#fff;\nfont-size:32px;\n    margin-bottom: 30px;\n\n}\n.ab-des p{\ntext-align:center;\ncolor:#fff;\nline-height:2em\n}\n\n.ab-btn{\n    font-size: 16px;\n    line-height: 18px;\n    padding: 14px 28px;\n    border-radius: 0px;\n    -moz-border-radius: 0px;\n    -webkit-border-radius: 0px;\n    background: #da281c;\n    border: 1px solid #ce1c10;\n    color:#fff;\n    margin-top: 30px;\n\n}\n.ab-btn:hover{\ncolor:#da281c;\nbackground:#fff;\ncursor:pointer\n\n}\n\n.ab-body2{\n   \n\n}\n.icon-body ul{\ndisplay:flex;\njustify-content:space-between\n}\n.icon-body ul li{\ntext-align:center;\nbackground:#fff;\npadding: 20px;\nwidth:32%\n\n}\n\n.icon-body{\n background-color: rgba(0,0,0, 0.05);\n    padding: 50px 30px 30px;\n}\n\n.ab-body3{\npadding:35px 0\n\n}\n.tt-list{\ndisplay:flex;\nalign-items:center;\nmargin-bottom:20px\n\n}\n.ab-body3 ul li{\nmargin-bottom:25px\n\n}\n.tt-list img{\nmargin-right:10px\n}\n..ab-img{\n background-image: linear-gradient(180deg,rgba(0,0,0,0.5) 0%,rgba(0,0,0,0.5) 100%),url(\/wp-content\/uploads\/2025\/02\/factory-3.webp)!important;\n    padding: 20% 10%;\n    background-position: center;\nbackground-size:cover;\n    text-align: center;\n}\n.ab-body{\npadding:35px 0 0\n}\n.ab-des h2{\ntext-align:center;\ncolor:#fff;\nfont-size:32px;\n    margin-bottom: 30px;\n\n}\n.ab-des p{\ntext-align:center;\ncolor:#fff;\nline-height:2em\n}\n\n.ab-btn{\n    font-size: 16px;\n    line-height: 18px;\n    padding: 14px 28px;\n    border-radius: 0px;\n    -moz-border-radius: 0px;\n    -webkit-border-radius: 0px;\n    background: #da281c;\n    border: 1px solid #ce1c10;\n    color:#fff;\n    margin-top: 30px;\n\n}\n.ab-btn:hover{\ncolor:#da281c;\nbackground:#fff;\ncursor:pointer\n\n}\n\n.ab-body2{\n   \n\n}\n.icon-body ul{\ndisplay:flex;\njustify-content:space-between\n}\n.icon-body ul li{\ntext-align:center;\nbackground:#fff;\npadding: 20px;\nwidth:32%\n\n}\n\n.icon-body{\n background-color: rgba(0,0,0, 0.05);\n    padding: 50px 30px 30px;\n}\n\n.ab-body3{\npadding:35px 0\n\n}\n.tt-list{\ndisplay:flex;\nalign-items:center;\nmargin-bottom:20px\n\n}\n.ab-body3 ul li{\nmargin-bottom:25px\n\n}\n.tt-list img{\nmargin-right:10px\n}\n\n.ab-body4{\npadding-bottom:45px\n}\n@media screen and (max-width:981px){\n\n.icon-body ul{\nflex-flow:row wrap\n}\n.icon-body ul li{\nwidth:100%}\n\n}\n<\/style>","protected":false},"excerpt":{"rendered":"<p>Home About Us About Run Test Electric Welcome to Run Test Electric , a leading electrical testing equipment manufacturer in China. Our extensive power testing equipment offers a range of testing solutions for a variety of applications, from basic circuit testing to advanced power analysis. Our commitment to innovation and quality has earned us a [&hellip;]<\/p>","protected":false},"author":1,"featured_media":0,"parent":0,"menu_order":0,"comment_status":"closed","ping_status":"closed","template":"","meta":{"footnotes":""},"class_list":["post-182","page","type-page","status-publish","hentry"],"yoast_head":"<!-- This site is optimized with the Yoast SEO plugin v24.4 - https:\/\/yoast.com\/wordpress\/plugins\/seo\/ -->\n<title>Electric Test Equipment Manufacturer - Run Test Electric Manufacturing Co., Ltd.<\/title>\n<meta name=\"description\" content=\"China Resistance Tester, transformer tester supplier, we provide you transformer test equipment, Insulation Tester, Partial Discharge Detector with good price.\" \/>\n<meta name=\"robots\" content=\"index, follow, max-snippet:-1, max-image-preview:large, max-video-preview:-1\" \/>\n<link rel=\"canonical\" href=\"https:\/\/www.voltage-tester.com\/fr\/about-us\/\" \/>\n<meta property=\"og:locale\" content=\"fr_FR\" \/>\n<meta property=\"og:type\" content=\"article\" \/>\n<meta property=\"og:title\" content=\"Electric Test Equipment Manufacturer - Run Test Electric Manufacturing Co., Ltd.\" \/>\n<meta property=\"og:description\" content=\"China Resistance Tester, transformer tester supplier, we provide you transformer test equipment, Insulation Tester, Partial Discharge Detector with good price.\" \/>\n<meta property=\"og:url\" content=\"https:\/\/www.voltage-tester.com\/fr\/about-us\/\" \/>\n<meta property=\"og:site_name\" content=\"Run Test Electric Manufacturing Co., Ltd.\" \/>\n<meta property=\"article:modified_time\" content=\"2025-05-14T01:34:05+00:00\" \/>\n<meta name=\"twitter:card\" content=\"summary_large_image\" \/>\n<meta name=\"twitter:label1\" content=\"Est. reading time\" \/>\n\t<meta name=\"twitter:data1\" content=\"5 minutes\" \/>\n<script type=\"application\/ld+json\" class=\"yoast-schema-graph\">{\"@context\":\"https:\/\/schema.org\",\"@graph\":[{\"@type\":\"WebPage\",\"@id\":\"https:\/\/www.voltage-tester.com\/about-us\/\",\"url\":\"https:\/\/www.voltage-tester.com\/about-us\/\",\"name\":\"Electric Test Equipment Manufacturer - Run Test Electric Manufacturing Co., Ltd.\",\"isPartOf\":{\"@id\":\"https:\/\/www.voltage-tester.com\/#website\"},\"datePublished\":\"2025-02-20T03:45:05+00:00\",\"dateModified\":\"2025-05-14T01:34:05+00:00\",\"description\":\"China Resistance Tester, transformer tester supplier, we provide you transformer test equipment, Insulation Tester, Partial Discharge Detector with good price.\",\"breadcrumb\":{\"@id\":\"https:\/\/www.voltage-tester.com\/about-us\/#breadcrumb\"},\"inLanguage\":\"fr-FR\",\"potentialAction\":[{\"@type\":\"ReadAction\",\"target\":[\"https:\/\/www.voltage-tester.com\/about-us\/\"]}]},{\"@type\":\"BreadcrumbList\",\"@id\":\"https:\/\/www.voltage-tester.com\/about-us\/#breadcrumb\",\"itemListElement\":[{\"@type\":\"ListItem\",\"position\":1,\"name\":\"Home\",\"item\":\"https:\/\/www.voltage-tester.com\/\"},{\"@type\":\"ListItem\",\"position\":2,\"name\":\"Electric Test Equipment Manufacturer\"}]},{\"@type\":\"WebSite\",\"@id\":\"https:\/\/www.voltage-tester.com\/#website\",\"url\":\"https:\/\/www.voltage-tester.com\/\",\"name\":\"Run Test Electric Manufacturing Co., Ltd.\",\"description\":\"Run Test Electric Manufacturing Co., Ltd.\",\"publisher\":{\"@id\":\"https:\/\/www.voltage-tester.com\/#organization\"},\"potentialAction\":[{\"@type\":\"SearchAction\",\"target\":{\"@type\":\"EntryPoint\",\"urlTemplate\":\"https:\/\/www.voltage-tester.com\/?s={search_term_string}\"},\"query-input\":{\"@type\":\"PropertyValueSpecification\",\"valueRequired\":true,\"valueName\":\"search_term_string\"}}],\"inLanguage\":\"fr-FR\"},{\"@type\":\"Organization\",\"@id\":\"https:\/\/www.voltage-tester.com\/#organization\",\"name\":\"Run Test Electric Manufacturing Co., Ltd.\",\"url\":\"https:\/\/www.voltage-tester.com\/\",\"logo\":{\"@type\":\"ImageObject\",\"inLanguage\":\"fr-FR\",\"@id\":\"https:\/\/www.voltage-tester.com\/#\/schema\/logo\/image\/\",\"url\":\"https:\/\/www.voltage-tester.com\/wp-content\/uploads\/2025\/02\/cropped-logo-2-1.png\",\"contentUrl\":\"https:\/\/www.voltage-tester.com\/wp-content\/uploads\/2025\/02\/cropped-logo-2-1.png\",\"width\":264,\"height\":50,\"caption\":\"Run Test Electric Manufacturing Co., Ltd.\"},\"image\":{\"@id\":\"https:\/\/www.voltage-tester.com\/#\/schema\/logo\/image\/\"}}]}<\/script>\n<!-- \/ Yoast SEO plugin. -->","yoast_head_json":{"title":"Electric Test Equipment Manufacturer - Run Test Electric Manufacturing Co., Ltd.","description":"China Resistance Tester, transformer tester supplier, we provide you transformer test equipment, Insulation Tester, Partial Discharge Detector with good price.","robots":{"index":"index","follow":"follow","max-snippet":"max-snippet:-1","max-image-preview":"max-image-preview:large","max-video-preview":"max-video-preview:-1"},"canonical":"https:\/\/www.voltage-tester.com\/fr\/about-us\/","og_locale":"fr_FR","og_type":"article","og_title":"Electric Test Equipment Manufacturer - Run Test Electric Manufacturing Co., Ltd.","og_description":"China Resistance Tester, transformer tester supplier, we provide you transformer test equipment, Insulation Tester, Partial Discharge Detector with good price.","og_url":"https:\/\/www.voltage-tester.com\/fr\/about-us\/","og_site_name":"Run Test Electric Manufacturing Co., Ltd.","article_modified_time":"2025-05-14T01:34:05+00:00","twitter_card":"summary_large_image","twitter_misc":{"Est. reading time":"5 minutes"},"schema":{"@context":"https:\/\/schema.org","@graph":[{"@type":"WebPage","@id":"https:\/\/www.voltage-tester.com\/about-us\/","url":"https:\/\/www.voltage-tester.com\/about-us\/","name":"Electric Test Equipment Manufacturer - Run Test Electric Manufacturing Co., Ltd.","isPartOf":{"@id":"https:\/\/www.voltage-tester.com\/#website"},"datePublished":"2025-02-20T03:45:05+00:00","dateModified":"2025-05-14T01:34:05+00:00","description":"China Resistance Tester, transformer tester supplier, we provide you transformer test equipment, Insulation Tester, Partial Discharge Detector with good price.","breadcrumb":{"@id":"https:\/\/www.voltage-tester.com\/about-us\/#breadcrumb"},"inLanguage":"fr-FR","potentialAction":[{"@type":"ReadAction","target":["https:\/\/www.voltage-tester.com\/about-us\/"]}]},{"@type":"BreadcrumbList","@id":"https:\/\/www.voltage-tester.com\/about-us\/#breadcrumb","itemListElement":[{"@type":"ListItem","position":1,"name":"Home","item":"https:\/\/www.voltage-tester.com\/"},{"@type":"ListItem","position":2,"name":"Electric Test Equipment Manufacturer"}]},{"@type":"WebSite","@id":"https:\/\/www.voltage-tester.com\/#website","url":"https:\/\/www.voltage-tester.com\/","name":"Run Test Electric Manufacturing Co., Ltd.","description":"Run Test Electric Manufacturing Co., Ltd.","publisher":{"@id":"https:\/\/www.voltage-tester.com\/#organization"},"potentialAction":[{"@type":"SearchAction","target":{"@type":"EntryPoint","urlTemplate":"https:\/\/www.voltage-tester.com\/?s={search_term_string}"},"query-input":{"@type":"PropertyValueSpecification","valueRequired":true,"valueName":"search_term_string"}}],"inLanguage":"fr-FR"},{"@type":"Organization","@id":"https:\/\/www.voltage-tester.com\/#organization","name":"Run Test Electric Manufacturing Co., Ltd.","url":"https:\/\/www.voltage-tester.com\/","logo":{"@type":"ImageObject","inLanguage":"fr-FR","@id":"https:\/\/www.voltage-tester.com\/#\/schema\/logo\/image\/","url":"https:\/\/www.voltage-tester.com\/wp-content\/uploads\/2025\/02\/cropped-logo-2-1.png","contentUrl":"https:\/\/www.voltage-tester.com\/wp-content\/uploads\/2025\/02\/cropped-logo-2-1.png","width":264,"height":50,"caption":"Run Test Electric Manufacturing Co., Ltd."},"image":{"@id":"https:\/\/www.voltage-tester.com\/#\/schema\/logo\/image\/"}}]}},"_links":{"self":[{"href":"https:\/\/www.voltage-tester.com\/fr\/wp-json\/wp\/v2\/pages\/182","targetHints":{"allow":["GET"]}}],"collection":[{"href":"https:\/\/www.voltage-tester.com\/fr\/wp-json\/wp\/v2\/pages"}],"about":[{"href":"https:\/\/www.voltage-tester.com\/fr\/wp-json\/wp\/v2\/types\/page"}],"author":[{"embeddable":true,"href":"https:\/\/www.voltage-tester.com\/fr\/wp-json\/wp\/v2\/users\/1"}],"replies":[{"embeddable":true,"href":"https:\/\/www.voltage-tester.com\/fr\/wp-json\/wp\/v2\/comments?post=182"}],"version-history":[{"count":0,"href":"https:\/\/www.voltage-tester.com\/fr\/wp-json\/wp\/v2\/pages\/182\/revisions"}],"wp:attachment":[{"href":"https:\/\/www.voltage-tester.com\/fr\/wp-json\/wp\/v2\/media?parent=182"}],"curies":[{"name":"wp","href":"https:\/\/api.w.org\/{rel}","templated":true}]}}