{"id":188,"date":"2025-02-20T03:47:11","date_gmt":"2025-02-20T03:47:11","guid":{"rendered":"http:\/\/43.135.160.122\/?page_id=188"},"modified":"2025-05-16T03:36:57","modified_gmt":"2025-05-16T03:36:57","slug":"why-choose-us","status":"publish","type":"page","link":"https:\/\/www.voltage-tester.com\/es\/why-choose-us\/","title":{"rendered":"Su proveedor de equipos de pruebas el\u00e9ctricas de confianza"},"content":{"rendered":"<div class=\"path_bar\">\n        <div class=\"layout\">\n            <ul>\n                <li><a href=\"\/\">Inicio<\/a><\/li>\n                <!--\u9762\u5305\u5c51-->\n                    <li> <a href=\"\">Por qu\u00e9 elegirnos<\/a><\/li>\n                <\/ul>\n        <\/div>\n    <\/div>\n\n\n\n<div class=\"wcu-body\">\n <div class=\"layout\">\n<img decoding=\"async\" src=\"\/wp-content\/uploads\/2025\/02\/c833ef27.webp\" alt=\"Proveedor de equipos de pruebas el\u00e9ctricas RUN TEST\">\n<div class=\"fl-rich-text\">\n\t<p  class=\"p1\"><span style=\"font-family: verdana, geneva;\">La empresa RUN-TEST es una empresa profesional especializada en el desarrollo y la producci\u00f3n de <a href=\"\/products\"><span class=\"s1\">equipos de ensayo el\u00e9ctrico<\/span><\/a>. Producto principal:<a href=\"\/transformer-test-category\/\"><span class=\"s1\">comprobadores de transformadores<\/span><\/a>Probadores de petr\u00f3leo y gas, <a href=\"\/circuit-breaker-test-category\/\"><span class=\"s1\">comprobadores de disyuntores<\/span><\/a>, <a href=\"\/relay-protection-test-category\/\"><span class=\"s1\">comprobadores de protecci\u00f3n por rel\u00e9<\/span><\/a>, <a href=\"\/cable-fault-locator-category\/\"><span class=\"s1\">localizador de aver\u00edas en cables<\/span><\/a> , <a href=\"\/insulation-resiatance-tester-category\/\"><span class=\"s1\">comprobadores de resistencia del aislamiento<\/span><\/a> y probadores de hipot.<\/p>\n\n<p><span style=\"font-family: verdana, geneva; color: #000000;\"> En primer lugar, tenemos muchos a\u00f1os de experiencia en el \u00e1rea de pruebas el\u00e9ctricas. Hemos hecho muchos proyectos de pruebas de energ\u00eda en China, como Tianjin, Xinjiang y otros lugares en China. tambi\u00e9n ha sido altamente reconocido por el local. Con la gesti\u00f3n completa de la producci\u00f3n, la investigaci\u00f3n cient\u00edfica y el servicio Debido a la experiencia exitosa de m\u00faltiples proyectos. Y se han vendido en muchos pa\u00edses y regiones. <\/p>\n\n<p class=\"p1\">En segundo lugar, el equipo de productos diversificados, proporcionarle un servicio de ventanilla \u00fanica m\u00e1s conveniente. No s\u00f3lo suministramos un tipo de equipo de prueba, usted puede encontrar diferentes tipos de instrumento de prueba el\u00e9ctrica, tales como <a href=\"\/partial-discharge-test-category\/\"><span class=\"s1\">comprobador de descargas parciales<\/span><\/a>, <a href=\"\/transformer-test-category\/\"><span class=\"s1\">prueba del transformador<\/span><\/a> serie, <a href=\"\/transformer-oil-test-category\/\"><span class=\"s1\">prueba del aceite del transformador<\/span><\/a> serie de pruebas de aceite aislante, <a href=\"\/high-voltage-test-category\/\"><span class=\"s1\">prueba hipot<\/span><\/a> serie, <a href=\"\/relay-protection-test-category\/\"><span class=\"s1\">Prueba de rel\u00e9s y aislamiento<\/span><\/a> Series, <a href=\"\/cable-fault-locator-category\/\"><span class=\"s1\">Prueba de aver\u00eda del cable<\/span><\/a> y <a href=\"\/sf6-gas-analyzer-category\/\"><span class=\"s1\">Analizador de gas SF6<\/span><\/a>, <a href=\"\/power-quality-analyzer-category\/\"><span class=\"s1\">analizador de calidad de la energ\u00eda<\/span><\/a>etc.<\/p>\n\n<p class=\"p1\"><span class=\"s1\">Tercero, certificado de calibraci\u00f3n CE. Nuestra<span class=\"Apple-converted-space\">\u00a0 <\/span><a href=\"\/turns-ratio-tester-category\/\"><span class=\"s2\">comprobador de relaci\u00f3n de transformaci\u00f3n<\/span><\/a>, <a href=\"\/dc-resistance-tester-category\/\"><span class=\"s2\">comprobador de resistencia de CC del transformador<\/span><\/a>, <a href=\"\/high-voltage-test-category\/\"><span class=\"s2\">Comprobador VLF<\/span><\/a>, <a href=\"\/relay-protection-test-category\/\"><span class=\"s2\">kit de prueba de protecci\u00f3n de rel\u00e9s<\/span><\/a>, <a href=\"\/insulation-resiatance-tester-category\/\"><span class=\"s2\">comprobador de resistencia del aislamiento<\/span><\/a>, <a href=\"\/oil-bdv-tester-category\/\"><span class=\"s2\">comprobador BDV de aceite<\/span><\/a> cuentan con la certificaci\u00f3n CE y cumplen los requisitos de seguridad estipulados por la UE.<\/span><\/p>\n\n<p><span style=\"font-family: verdana, geneva; color: #000000;\"> En cuarto lugar, los comentarios y elogios de los clientes. Por ejemplo, uno de nuestros clientes de Colombia dijo: \"Calidad superior, tambi\u00e9n un servicio al cliente \u00fanico, embalaje excelente, f\u00e1cil de usar, m\u00e1quina r\u00e1pida, seguridad durante todo el proceso, comunicaci\u00f3n constante en nombre del equipo de ventas y valioso apoyo de ingenier\u00eda si es necesario. Muy recomendable\". <\/p>\n<\/div>\n<ul class=\"pl\">\n\n           <li>\n<img decoding=\"async\"  src=\"\/wp-content\/uploads\/2025\/02\/choose-us-11-300x118-1.webp\" alt=\"Proveedor de equipos de pruebas el\u00e9ctricas RUN TEST\">\n\n<\/li>\n  <li>\n<img decoding=\"async\"  src=\"\/wp-content\/uploads\/2025\/02\/choose-us-2-171x300-1.webp\" alt=\"Proveedor de equipos de pruebas el\u00e9ctricas RUN TEST\">\n\n<\/li>\n  <li>\n<img decoding=\"async\"  src=\"\/wp-content\/uploads\/2025\/02\/choose-us-3-171x300-1.webp\" alt=\"Proveedor de equipos de pruebas el\u00e9ctricas RUN TEST\">\n\n<\/li>\n<\/ul>\n<div class=\"fl-rich-text\">\n\t<p><span style=\"color: #000000; font-family: verdana, geneva;\"><span style=\"font-size: small;\">Por otro lado, el embalaje en cajas de madera duraderas y resistentes. Nuestro <span style=\"color: #ff0000;\">equipos de ensayo el\u00e9ctrico<\/span> se embalar\u00e1n en caja de madera con espuma en el interior. Garantizar la seguridad del transporte y dar a los clientes la mejor experiencia de compra. Aqu\u00ed est\u00e1 el embalaje que utilizamos para el env\u00edo.<\/span><\/span><\/p>\n<\/div>\n<img decoding=\"async\" width=\"100%\"  src=\"\/wp-content\/uploads\/2025\/02\/34f36dd6.webp\" alt=\"Proveedor de equipos de pruebas el\u00e9ctricas RUN TEST\">\n\n\n<img decoding=\"async\"  src=\"\/wp-content\/uploads\/2025\/02\/3ce570bc.webp\" alt=\"Proveedor de equipos de pruebas el\u00e9ctricas RUN TEST\">\n<div class=\"fl-rich-text\">\n\t<p><span style=\"font-family: verdana, geneva;\"><span style=\"font-size: small; color: #000000;\">Por \u00faltimo, servicio en l\u00ednea 24 horas y un a\u00f1o de garant\u00eda. Le proporcionamos un s\u00f3lido servicio postventa de la mejor calidad. Si tiene problemas durante el uso del producto, p\u00f3ngase en contacto con nosotros, le ayudaremos en la primera vez.<\/span><\/span><\/p>\n<p><span style=\"font-family: verdana, geneva;\"><span style=\"font-size: small; color: #000000;\">En una palabra, mientras que le proporciona una ventanilla \u00fanica de compras, Run-Test empresa proporcionar\u00e1 productos de calidad y servicios para usted. Esperamos poder cooperar con usted a largo plazo.<\/span><\/span><\/p>\n<\/div>\n\n\n\n  <\/div>\n<\/div>\n\n\n\n<style>\n.wcu-body img{\nmargin:35px 0\n\n}\n.wcu-body{\nmargin-bottom:40px\n\n}\n.wcu-body p{\nmargin-bottom:16px\n}\n.pl{\ndisplay:flex;\njustify-content:space-between;\n\n}\n.pl li{\nwidth:33%\n}\n\n\n\n\n\n<\/style>","protected":false},"excerpt":{"rendered":"<p>Home Why Choose Us RUN-TEST company is a professional company specializing in the development and production of electric testing equipment. Main Product:transformer testers, oil &amp; gas testers, circuit breaker testers, relay protection testers, cable fault locator , insulation resistance testers and hipot testers. Firstly, we have many years experience in electric test area. We have [&hellip;]<\/p>","protected":false},"author":1,"featured_media":0,"parent":0,"menu_order":0,"comment_status":"closed","ping_status":"closed","template":"","meta":{"footnotes":""},"class_list":["post-188","page","type-page","status-publish","hentry"],"yoast_head":"<!-- This site is optimized with the Yoast SEO plugin v24.4 - https:\/\/yoast.com\/wordpress\/plugins\/seo\/ -->\n<title>Your Trustworthy Electric Test Equipment Supplier - Run Test Electric Manufacturing Co., Ltd.<\/title>\n<meta name=\"robots\" content=\"index, follow, max-snippet:-1, max-image-preview:large, max-video-preview:-1\" \/>\n<link rel=\"canonical\" href=\"https:\/\/www.voltage-tester.com\/es\/why-choose-us\/\" \/>\n<meta property=\"og:locale\" content=\"es_ES\" \/>\n<meta property=\"og:type\" content=\"article\" \/>\n<meta property=\"og:title\" content=\"Your Trustworthy Electric Test Equipment Supplier - Run Test Electric Manufacturing Co., Ltd.\" \/>\n<meta property=\"og:description\" content=\"Home Why Choose Us RUN-TEST company is a professional company specializing in the development and production of electric testing equipment. Main Product:transformer testers, oil &amp; gas testers, circuit breaker testers, relay protection testers, cable fault locator , insulation resistance testers and hipot testers. Firstly, we have many years experience in electric test area. We have [&hellip;]\" \/>\n<meta property=\"og:url\" content=\"https:\/\/www.voltage-tester.com\/es\/why-choose-us\/\" \/>\n<meta property=\"og:site_name\" content=\"Run Test Electric Manufacturing Co., Ltd.\" \/>\n<meta property=\"article:modified_time\" content=\"2025-05-16T03:36:57+00:00\" \/>\n<meta name=\"twitter:card\" content=\"summary_large_image\" \/>\n<meta name=\"twitter:label1\" content=\"Est. reading time\" \/>\n\t<meta name=\"twitter:data1\" content=\"3 minutos\" \/>\n<script type=\"application\/ld+json\" class=\"yoast-schema-graph\">{\"@context\":\"https:\/\/schema.org\",\"@graph\":[{\"@type\":\"WebPage\",\"@id\":\"https:\/\/www.voltage-tester.com\/why-choose-us\/\",\"url\":\"https:\/\/www.voltage-tester.com\/why-choose-us\/\",\"name\":\"Your Trustworthy Electric Test Equipment Supplier - Run Test Electric Manufacturing Co., Ltd.\",\"isPartOf\":{\"@id\":\"https:\/\/www.voltage-tester.com\/#website\"},\"datePublished\":\"2025-02-20T03:47:11+00:00\",\"dateModified\":\"2025-05-16T03:36:57+00:00\",\"breadcrumb\":{\"@id\":\"https:\/\/www.voltage-tester.com\/why-choose-us\/#breadcrumb\"},\"inLanguage\":\"es\",\"potentialAction\":[{\"@type\":\"ReadAction\",\"target\":[\"https:\/\/www.voltage-tester.com\/why-choose-us\/\"]}]},{\"@type\":\"BreadcrumbList\",\"@id\":\"https:\/\/www.voltage-tester.com\/why-choose-us\/#breadcrumb\",\"itemListElement\":[{\"@type\":\"ListItem\",\"position\":1,\"name\":\"Home\",\"item\":\"https:\/\/www.voltage-tester.com\/\"},{\"@type\":\"ListItem\",\"position\":2,\"name\":\"Your Trustworthy Electric Test Equipment Supplier\"}]},{\"@type\":\"WebSite\",\"@id\":\"https:\/\/www.voltage-tester.com\/#website\",\"url\":\"https:\/\/www.voltage-tester.com\/\",\"name\":\"Run Test Electric Manufacturing Co., Ltd.\",\"description\":\"Run Test Electric Manufacturing Co., Ltd.\",\"publisher\":{\"@id\":\"https:\/\/www.voltage-tester.com\/#organization\"},\"potentialAction\":[{\"@type\":\"SearchAction\",\"target\":{\"@type\":\"EntryPoint\",\"urlTemplate\":\"https:\/\/www.voltage-tester.com\/?s={search_term_string}\"},\"query-input\":{\"@type\":\"PropertyValueSpecification\",\"valueRequired\":true,\"valueName\":\"search_term_string\"}}],\"inLanguage\":\"es\"},{\"@type\":\"Organization\",\"@id\":\"https:\/\/www.voltage-tester.com\/#organization\",\"name\":\"Run Test Electric Manufacturing Co., Ltd.\",\"url\":\"https:\/\/www.voltage-tester.com\/\",\"logo\":{\"@type\":\"ImageObject\",\"inLanguage\":\"es\",\"@id\":\"https:\/\/www.voltage-tester.com\/#\/schema\/logo\/image\/\",\"url\":\"https:\/\/www.voltage-tester.com\/wp-content\/uploads\/2025\/02\/cropped-logo-2-1.png\",\"contentUrl\":\"https:\/\/www.voltage-tester.com\/wp-content\/uploads\/2025\/02\/cropped-logo-2-1.png\",\"width\":264,\"height\":50,\"caption\":\"Run Test Electric Manufacturing Co., Ltd.\"},\"image\":{\"@id\":\"https:\/\/www.voltage-tester.com\/#\/schema\/logo\/image\/\"}}]}<\/script>\n<!-- \/ Yoast SEO plugin. -->","yoast_head_json":{"title":"Your Trustworthy Electric Test Equipment Supplier - Run Test Electric Manufacturing Co., Ltd.","robots":{"index":"index","follow":"follow","max-snippet":"max-snippet:-1","max-image-preview":"max-image-preview:large","max-video-preview":"max-video-preview:-1"},"canonical":"https:\/\/www.voltage-tester.com\/es\/why-choose-us\/","og_locale":"es_ES","og_type":"article","og_title":"Your Trustworthy Electric Test Equipment Supplier - Run Test Electric Manufacturing Co., Ltd.","og_description":"Home Why Choose Us RUN-TEST company is a professional company specializing in the development and production of electric testing equipment. Main Product:transformer testers, oil &amp; gas testers, circuit breaker testers, relay protection testers, cable fault locator , insulation resistance testers and hipot testers. Firstly, we have many years experience in electric test area. We have [&hellip;]","og_url":"https:\/\/www.voltage-tester.com\/es\/why-choose-us\/","og_site_name":"Run Test Electric Manufacturing Co., Ltd.","article_modified_time":"2025-05-16T03:36:57+00:00","twitter_card":"summary_large_image","twitter_misc":{"Est. reading time":"3 minutos"},"schema":{"@context":"https:\/\/schema.org","@graph":[{"@type":"WebPage","@id":"https:\/\/www.voltage-tester.com\/why-choose-us\/","url":"https:\/\/www.voltage-tester.com\/why-choose-us\/","name":"Your Trustworthy Electric Test Equipment Supplier - Run Test Electric Manufacturing Co., Ltd.","isPartOf":{"@id":"https:\/\/www.voltage-tester.com\/#website"},"datePublished":"2025-02-20T03:47:11+00:00","dateModified":"2025-05-16T03:36:57+00:00","breadcrumb":{"@id":"https:\/\/www.voltage-tester.com\/why-choose-us\/#breadcrumb"},"inLanguage":"es","potentialAction":[{"@type":"ReadAction","target":["https:\/\/www.voltage-tester.com\/why-choose-us\/"]}]},{"@type":"BreadcrumbList","@id":"https:\/\/www.voltage-tester.com\/why-choose-us\/#breadcrumb","itemListElement":[{"@type":"ListItem","position":1,"name":"Home","item":"https:\/\/www.voltage-tester.com\/"},{"@type":"ListItem","position":2,"name":"Your Trustworthy Electric Test Equipment Supplier"}]},{"@type":"WebSite","@id":"https:\/\/www.voltage-tester.com\/#website","url":"https:\/\/www.voltage-tester.com\/","name":"Run Test Electric Manufacturing Co., Ltd.","description":"Run Test Electric Manufacturing Co., Ltd.","publisher":{"@id":"https:\/\/www.voltage-tester.com\/#organization"},"potentialAction":[{"@type":"SearchAction","target":{"@type":"EntryPoint","urlTemplate":"https:\/\/www.voltage-tester.com\/?s={search_term_string}"},"query-input":{"@type":"PropertyValueSpecification","valueRequired":true,"valueName":"search_term_string"}}],"inLanguage":"es"},{"@type":"Organization","@id":"https:\/\/www.voltage-tester.com\/#organization","name":"Run Test Electric Manufacturing Co., Ltd.","url":"https:\/\/www.voltage-tester.com\/","logo":{"@type":"ImageObject","inLanguage":"es","@id":"https:\/\/www.voltage-tester.com\/#\/schema\/logo\/image\/","url":"https:\/\/www.voltage-tester.com\/wp-content\/uploads\/2025\/02\/cropped-logo-2-1.png","contentUrl":"https:\/\/www.voltage-tester.com\/wp-content\/uploads\/2025\/02\/cropped-logo-2-1.png","width":264,"height":50,"caption":"Run Test Electric Manufacturing Co., Ltd."},"image":{"@id":"https:\/\/www.voltage-tester.com\/#\/schema\/logo\/image\/"}}]}},"_links":{"self":[{"href":"https:\/\/www.voltage-tester.com\/es\/wp-json\/wp\/v2\/pages\/188","targetHints":{"allow":["GET"]}}],"collection":[{"href":"https:\/\/www.voltage-tester.com\/es\/wp-json\/wp\/v2\/pages"}],"about":[{"href":"https:\/\/www.voltage-tester.com\/es\/wp-json\/wp\/v2\/types\/page"}],"author":[{"embeddable":true,"href":"https:\/\/www.voltage-tester.com\/es\/wp-json\/wp\/v2\/users\/1"}],"replies":[{"embeddable":true,"href":"https:\/\/www.voltage-tester.com\/es\/wp-json\/wp\/v2\/comments?post=188"}],"version-history":[{"count":0,"href":"https:\/\/www.voltage-tester.com\/es\/wp-json\/wp\/v2\/pages\/188\/revisions"}],"wp:attachment":[{"href":"https:\/\/www.voltage-tester.com\/es\/wp-json\/wp\/v2\/media?parent=188"}],"curies":[{"name":"wp","href":"https:\/\/api.w.org\/{rel}","templated":true}]}}