{"id":182,"date":"2025-02-20T03:45:05","date_gmt":"2025-02-20T03:45:05","guid":{"rendered":"http:\/\/43.135.160.122\/?page_id=182"},"modified":"2025-05-14T01:34:05","modified_gmt":"2025-05-14T01:34:05","slug":"about-us","status":"publish","type":"page","link":"https:\/\/www.voltage-tester.com\/es\/about-us\/","title":{"rendered":"Fabricante de equipos de pruebas el\u00e9ctricas"},"content":{"rendered":"<div class=\"path_bar\">\n        <div class=\"layout\">\n            <ul>\n                <li><a href=\"\/\">Inicio<\/a><\/li>\n                <!--\u9762\u5305\u5c51-->\n                    <li> <a href=\"\">Qui\u00e9nes somos<\/a><\/li>\n                <\/ul>\n        <\/div>\n    <\/div>\n\n\n\n<div class=\"ab-body\">\n <div class=\"layout\">\n     <div class=\"ab-img\">\n           <div  class=\"ab-des\">\n            <h2>Acerca de Run Test Electric<\/h2>\n            <p class=\"p1\">Bienvenido a Run Test Electric , empresa l\u00edder <b>fabricante de equipos de ensayo el\u00e9ctrico<\/b> en China. Nuestra amplia <a href=\"\/products\"><span class=\"s1\">equipos de ensayo de potencia<\/span><\/a> ofrece una amplia gama de soluciones de ensayo para una gran variedad de aplicaciones, desde ensayos b\u00e1sicos de circuitos hasta an\u00e1lisis avanzados de potencia. Nuestro compromiso con la innovaci\u00f3n y la calidad nos ha granjeado la reputaci\u00f3n de proveedor de confianza en el sector el\u00e9ctrico.<\/p>\n             <a href=\"\/contact-us\"><button class=\"ab-btn\">\u00danete a nosotros<\/button><\/a>\n\n<\/div>  \n\n\n\n\n<\/div>\n\n\n\n\n\n\n\n\n\n\n\n\n\n<\/div>\n<\/div>\n\n\n\n<div class=\"ab-body2\">\n <div class=\"layout\">\n       <div class=\"icon-body\" >\n       <ul>\n\n           <li>\n<img decoding=\"async\"  src=\"\/wp-content\/uploads\/2025\/02\/1740467733482.png\">\n<h2 style=\"text-align: center;\"><span style=\"font-size: 20px; color: #000000; font-family: verdana, geneva;\">QUI\u00c9NES SOMOS<\/span><\/h2>\n<p class=\"p1\"><span style=\"font-family: verdana, geneva; font-size: small; color: #000000;\">Run Test Electric, proveedor de productos y servicios de primera calidad de State Grid, con sede en Baoding (China), se especializa en el dise\u00f1o y la fabricaci\u00f3n de equipos port\u00e1tiles de pruebas el\u00e9ctricas, entre los que se incluyen: <a href=\"\/transformer-test-category\/\"><span class=\"s1\">comprobadores de transformadores<\/span><\/a>Probadores de petr\u00f3leo y gas, <a href=\"\/circuit-breaker-test-category\/\"><span class=\"s1\">comprobadores de disyuntores<\/span><\/a>, <a href=\"\/relay-protection-test-category\/\"><span class=\"s1\">comprobadores de protecci\u00f3n por rel\u00e9<\/span><\/a>, <a href=\"\/cable-fault-locator-category\/\"><span class=\"s1\">localizador de aver\u00edas en cables<\/span><\/a> , <a href=\"\/insulation-resiatance-tester-category\/\"><span class=\"s1\">comprobadores de resistencia del aislamiento<\/span><\/a> y probadores de hipot, etc.<\/span><\/p>\n<\/li>\n<li>\n<img decoding=\"async\"  src=\"\/wp-content\/uploads\/2025\/02\/1740467760636.png\">\n<h2 style=\"text-align: center;\"><span style=\"font-size: 20px; color: #000000; font-family: verdana, geneva;\">APLICACIONES<\/span><\/h2>\n<p class=\"p1\"><span style=\"font-family: verdana, geneva; font-size: small; color: #000000;\">Nuestra empresa <a href=\"\/products\"><span class=\"s1\">equipos de ensayo el\u00e9ctrico<\/span><\/a> se utilizan ampliamente en muchos campos, como la energ\u00eda el\u00e9ctrica, los ferrocarriles, la maquinaria y la petroqu\u00edmica, y son seleccionados por muchas grandes f\u00e1bricas de transformadores y plantas petroqu\u00edmicas.<\/span><\/p>\n<\/li>\n<li>\n<img decoding=\"async\"  src=\"\/wp-content\/uploads\/2025\/02\/1740467788334.png\">\n<h2 style=\"text-align: center;\"><span style=\"font-size: 20px; color: #000000; font-family: verdana, geneva;\">NUESTRO MERCADO<\/span><\/h2>\n<p class=\"p1\"><span style=\"font-family: verdana, geneva; font-size: small; color: #000000;\">Nuestro <a href=\"\/products\"><span class=\"s1\">Equipos de ensayo el\u00e9ctrico<\/span><\/a> se han exportado al Sudeste Asi\u00e1tico, Oriente Medio, \u00c1frica, Norteam\u00e9rica, Latinoam\u00e9rica, Europa y otras regiones. Con los productos de buena calidad, precios competitivos y excelentes servicios, hemos ganado una buena reputaci\u00f3n entre los clientes en el extranjero.<\/span><\/p>\n<\/li>\n\n\n\n\n\n\n<\/ul>\n\n\n\n\n<\/div>\n\n\n\n\n<\/div>\n<\/div>\n\n\n\n<div class=\"ab-body2\">\n <div class=\"layout\">\n       <div class=\"icon-body\" style=\"padding-top:0!important\">\n       <ul>\n\n           <li>\n<img decoding=\"async\"  src=\"\/wp-content\/uploads\/2025\/02\/4-4.webp\">\n\n<\/li>\n<li>\n<img decoding=\"async\"  src=\"\/wp-content\/uploads\/2025\/02\/5-5.webp\">\n\n<\/li>\n<li>\n<img decoding=\"async\"  src=\"\/wp-content\/uploads\/2025\/02\/6-6.webp\">\n\n<\/li>\n\n\n\n\n\n\n<\/ul>\n\n\n\n\n<\/div>\n\n\n\n\n<\/div>\n<\/div>\n\n\n\n<div class=\"ab-body3\">\n <div class=\"layout\">\n<ul>\n<li>\n<div class=\"tt-list\">\n<img decoding=\"async\" width=\"26px\"  src=\"\/wp-content\/uploads\/2025\/02\/1740468930901.png\">\n<h2>Nuestros productos<\/h2>\n<\/div>\n<p class=\"p1\"><span class=\"s1\">Nuestros productos incluyen <a href=\"\/partial-discharge-test-category\/\"><span class=\"s2\">comprobador de descargas parciales<\/span><\/a>, <a href=\"\/transformer-test-category\/\"><span class=\"s2\">prueba del transformador<\/span><\/a> serie, <a href=\"\/transformer-oil-test-category\/\"><span class=\"s2\">prueba del aceite del transformador<\/span><\/a> serie, <a href=\"\/transformer-oil-test-category\/\"><span class=\"s2\">prueba de aceite aislante<\/span><\/a> serie, <a href=\"\/high-voltage-test-category\/\"><span class=\"s2\">prueba hipot<\/span><\/a> serie, <a href=\"\/relay-protection-test-category\/\"><span class=\"s2\">Prueba de rel\u00e9s y aislamiento<\/span><\/a> Series, <a href=\"\/cable-fault-locator-category\/\"><span class=\"s2\">Prueba de aver\u00eda del cable<\/span><\/a> y <a href=\"\/sf6-gas-analyzer-category\/\"><span class=\"s2\">Analizador de gas SF6<\/span><\/a>, <a href=\"\/power-quality-analyzer-category\/\"><span class=\"s2\">analizador de calidad de la energ\u00eda<\/span><\/a>etc.<\/span><\/p>\n<\/li>\n\n<li>\n<div class=\"tt-list\">\n<img decoding=\"async\" width=\"26px\"  src=\"\/wp-content\/uploads\/2025\/02\/1740468930901.png\">\n<h2>Aumentar la competitividad de la empresa - Innovaci\u00f3n tecnol\u00f3gica y mejora de los servicios<\/h2>\n<\/div>\n<p>Gui\u00e1ndonos por la demanda de los clientes, combinando con el desarrollo de productos y tecnolog\u00edas, mejoramos continuamente la aplicaci\u00f3n de los equipos en campos relacionados.<\/p>\n<\/li>\n\n\n<li>\n<div class=\"tt-list\">\n<img decoding=\"async\" width=\"26px\"  src=\"\/wp-content\/uploads\/2025\/02\/1740468930901.png\">\n<h2>Creaci\u00f3n continua de valor para los clientes<\/h2>\n<\/div>\n<p class=\"p1\">Dejemos que nuestro <a href=\"\/products\"><span class=\"s1\">equipos de ensayo el\u00e9ctrico<\/span><\/a> ayudar a los clientes a realizar proyectos sin problemas y recuperar r\u00e1pidamente los costes de inversi\u00f3n. Una vez finalizada la producci\u00f3n de cada equipo, garantizaremos la estabilidad del mismo mediante estrictas pruebas. En resumen, retribuiremos a cada consumidor con excelente calidad, servicio y precio.<\/p>\n<\/li>\n<\/ul>\n\n<\/div>\n<\/div>\n\n\n\n<div class=\"ab-body4\">\n <div class=\"layout\">\n       <div class=\"icon-body\" style=\"padding:0!important\">\n       <ul>\n\n           <li>\n<img decoding=\"async\"  src=\"\/wp-content\/uploads\/2025\/02\/44-224x300-2.webp\">\n\n<\/li>\n<li>\n<img decoding=\"async\"  src=\"\/wp-content\/uploads\/2025\/02\/56-224x300-1.webp\">\n\n<\/li>\n<li>\n<img decoding=\"async\"  src=\"\/wp-content\/uploads\/2025\/02\/fc8650b4-224x300-1.webp\">\n\n<\/li>\n\n<li>\n<img decoding=\"async\"  src=\"\/wp-content\/uploads\/2025\/02\/216-224x300-1.webp\">\n\n<\/li>\n\n\n\n\n<\/ul>\n\n\n\n\n<\/div>\n\n\n\n\n<\/div>\n<\/div>\n\n\n\n<div class=\"ab-body5\">\n <div class=\"layout\">\n     <div class=\"g2\">\n           <div  class=\"ab-des\">\n            <h2>P\u00f3ngase en contacto con nosotros<\/h2>\n             <p>La empresa Run Test se adhiere al concepto de \"Prueba f\u00e1cil\" para facilitarle la prueba. Mantener el ritmo de los tiempos, seguir desarrollando nuevos productos, mejorar la competitividad de la marca, y satisfacer todas sus necesidades. Nos esforzamos al m\u00e1ximo para ofrecerle productos y servicios de la mejor calidad. Esperamos establecer una cooperaci\u00f3n a largo plazo con usted.<\/p>\n <p>Le invitamos a explorar nuestra oferta de productos y a descubrir la diferencia que RUN TEST puede marcar en sus necesidades de ensayos el\u00e9ctricos. P\u00f3ngase en contacto con nosotros hoy mismo para obtener m\u00e1s informaci\u00f3n sobre nuestras soluciones y c\u00f3mo podemos ayudarle a alcanzar sus objetivos.\"<\/p>\n             <a href=\"\/contact-us\"><button class=\"ab-btn\">P\u00f3ngase en contacto con nosotros<\/button><\/a>\n\n<\/div>  \n\n\n\n\n<\/div>\n\n\n\n\n\n\n\n\n\n\n\n\n\n<\/div>\n<\/div>\n\n\n\n<style>\n.ab-body .p1 a{\n   color:#fff\n}\n.ab-img{\n background-image: linear-gradient(180deg,rgba(0,0,0,0.5) 0%,rgba(0,0,0,0.5) 100%),url(\/wp-content\/uploads\/2025\/02\/factory-3.webp);\n    padding: 12% 10%;\n    background-position: center;\nbackground-size:cover;\n    text-align: center;\n}\n.ab-body5{\n background-image: linear-gradient(180deg,rgba(0,0,0,0.5) 0%,rgba(0,0,0,0.5) 100%),url(\/wp-content\/uploads\/2025\/02\/21.webp)!important;\n    padding: 5% 0%;\n    background-position: center;\nbackground-size:cover;\n    text-align: center;\n}\n.ab-body{\npadding:35px 0 0\n}\n.ab-des h2{\ntext-align:center;\ncolor:#fff;\nfont-size:32px;\n    margin-bottom: 30px;\n\n}\n.ab-des p{\ntext-align:center;\ncolor:#fff;\nline-height:2em\n}\n\n.ab-btn{\n    font-size: 16px;\n    line-height: 18px;\n    padding: 14px 28px;\n    border-radius: 0px;\n    -moz-border-radius: 0px;\n    -webkit-border-radius: 0px;\n    background: #da281c;\n    border: 1px solid #ce1c10;\n    color:#fff;\n    margin-top: 30px;\n\n}\n.ab-btn:hover{\ncolor:#da281c;\nbackground:#fff;\ncursor:pointer\n\n\n}\n\n\n.ab-body2{\n   \n\n}\n.icon-body ul{\ndisplay:flex;\njustify-content:space-between\n}\n.icon-body ul li{\ntext-align:center;\nbackground:#fff;\npadding: 20px;\nwidth:32%\n\n}\n\n\n.icon-body{\n background-color: rgba(0,0,0, 0.05);\n    padding: 50px 30px 30px;\n}\n\n.ab-body3{\npadding:35px 0\n\n}\n.tt-list{\ndisplay:flex;\nalign-items:center;\nmargin-bottom:20px\n\n\n}\n.ab-body3 ul li{\nmargin-bottom:25px\n\n}\n.tt-list img{\nmargin-right:10px\n}\n\n..ab-img{\n background-image: linear-gradient(180deg,rgba(0,0,0,0.5) 0%,rgba(0,0,0,0.5) 100%),url(\/wp-content\/uploads\/2025\/02\/factory-3.webp)!important;\n    padding: 20% 10%;\n    background-position: center;\nbackground-size:cover;\n    text-align: center;\n}\n.ab-body{\npadding:35px 0 0\n}\n.ab-des h2{\ntext-align:center;\ncolor:#fff;\nfont-size:32px;\n    margin-bottom: 30px;\n\n}\n.ab-des p{\ntext-align:center;\ncolor:#fff;\nline-height:2em\n}\n\n.ab-btn{\n    font-size: 16px;\n    line-height: 18px;\n    padding: 14px 28px;\n    border-radius: 0px;\n    -moz-border-radius: 0px;\n    -webkit-border-radius: 0px;\n    background: #da281c;\n    border: 1px solid #ce1c10;\n    color:#fff;\n    margin-top: 30px;\n\n}\n.ab-btn:hover{\ncolor:#da281c;\nbackground:#fff;\ncursor:pointer\n\n}\n\n.ab-body2{\n   \n\n}\n.icon-body ul{\ndisplay:flex;\njustify-content:space-between\n}\n.icon-body ul li{\ntext-align:center;\nbackground:#fff;\npadding: 20px;\nwidth:32%\n\n}\n\n.icon-body{\n background-color: rgba(0,0,0, 0.05);\n    padding: 50px 30px 30px;\n}\n\n.ab-body3{\npadding:35px 0\n\n}\n.tt-list{\ndisplay:flex;\nalign-items:center;\nmargin-bottom:20px\n\n}\n.ab-body3 ul li{\nmargin-bottom:25px\n\n}\n.tt-list img{\nmargin-right:10px\n}\n..ab-img{\n background-image: linear-gradient(180deg,rgba(0,0,0,0.5) 0%,rgba(0,0,0,0.5) 100%),url(\/wp-content\/uploads\/2025\/02\/factory-3.webp)!important;\n    padding: 20% 10%;\n    background-position: center;\nbackground-size:cover;\n    text-align: center;\n}\n.ab-body{\npadding:35px 0 0\n}\n.ab-des h2{\ntext-align:center;\ncolor:#fff;\nfont-size:32px;\n    margin-bottom: 30px;\n\n}\n.ab-des p{\ntext-align:center;\ncolor:#fff;\nline-height:2em\n}\n\n.ab-btn{\n    font-size: 16px;\n    line-height: 18px;\n    padding: 14px 28px;\n    border-radius: 0px;\n    -moz-border-radius: 0px;\n    -webkit-border-radius: 0px;\n    background: #da281c;\n    border: 1px solid #ce1c10;\n    color:#fff;\n    margin-top: 30px;\n\n}\n.ab-btn:hover{\ncolor:#da281c;\nbackground:#fff;\ncursor:pointer\n\n}\n\n.ab-body2{\n   \n\n}\n.icon-body ul{\ndisplay:flex;\njustify-content:space-between\n}\n.icon-body ul li{\ntext-align:center;\nbackground:#fff;\npadding: 20px;\nwidth:32%\n\n}\n\n.icon-body{\n background-color: rgba(0,0,0, 0.05);\n    padding: 50px 30px 30px;\n}\n\n.ab-body3{\npadding:35px 0\n\n}\n.tt-list{\ndisplay:flex;\nalign-items:center;\nmargin-bottom:20px\n\n}\n.ab-body3 ul li{\nmargin-bottom:25px\n\n}\n.tt-list img{\nmargin-right:10px\n}\n\n.ab-body4{\npadding-bottom:45px\n}\n@media screen and (max-width:981px){\n\n.icon-body ul{\nflex-flow:row wrap\n}\n.icon-body ul li{\nwidth:100%}\n\n}\n<\/style>","protected":false},"excerpt":{"rendered":"<p>Home About Us About Run Test Electric Welcome to Run Test Electric , a leading electrical testing equipment manufacturer in China. Our extensive power testing equipment offers a range of testing solutions for a variety of applications, from basic circuit testing to advanced power analysis. Our commitment to innovation and quality has earned us a [&hellip;]<\/p>","protected":false},"author":1,"featured_media":0,"parent":0,"menu_order":0,"comment_status":"closed","ping_status":"closed","template":"","meta":{"footnotes":""},"class_list":["post-182","page","type-page","status-publish","hentry"],"yoast_head":"<!-- This site is optimized with the Yoast SEO plugin v24.4 - https:\/\/yoast.com\/wordpress\/plugins\/seo\/ -->\n<title>Electric Test Equipment Manufacturer - Run Test Electric Manufacturing Co., Ltd.<\/title>\n<meta name=\"description\" content=\"China Resistance Tester, transformer tester supplier, we provide you transformer test equipment, Insulation Tester, Partial Discharge Detector with good price.\" \/>\n<meta name=\"robots\" content=\"index, follow, max-snippet:-1, max-image-preview:large, max-video-preview:-1\" \/>\n<link rel=\"canonical\" href=\"https:\/\/www.voltage-tester.com\/es\/about-us\/\" \/>\n<meta property=\"og:locale\" content=\"es_ES\" \/>\n<meta property=\"og:type\" content=\"article\" \/>\n<meta property=\"og:title\" content=\"Electric Test Equipment Manufacturer - Run Test Electric Manufacturing Co., Ltd.\" \/>\n<meta property=\"og:description\" content=\"China Resistance Tester, transformer tester supplier, we provide you transformer test equipment, Insulation Tester, Partial Discharge Detector with good price.\" \/>\n<meta property=\"og:url\" content=\"https:\/\/www.voltage-tester.com\/es\/about-us\/\" \/>\n<meta property=\"og:site_name\" content=\"Run Test Electric Manufacturing Co., Ltd.\" \/>\n<meta property=\"article:modified_time\" content=\"2025-05-14T01:34:05+00:00\" \/>\n<meta name=\"twitter:card\" content=\"summary_large_image\" \/>\n<meta name=\"twitter:label1\" content=\"Est. reading time\" \/>\n\t<meta name=\"twitter:data1\" content=\"5 minutos\" \/>\n<script type=\"application\/ld+json\" class=\"yoast-schema-graph\">{\"@context\":\"https:\/\/schema.org\",\"@graph\":[{\"@type\":\"WebPage\",\"@id\":\"https:\/\/www.voltage-tester.com\/about-us\/\",\"url\":\"https:\/\/www.voltage-tester.com\/about-us\/\",\"name\":\"Electric Test Equipment Manufacturer - Run Test Electric Manufacturing Co., Ltd.\",\"isPartOf\":{\"@id\":\"https:\/\/www.voltage-tester.com\/#website\"},\"datePublished\":\"2025-02-20T03:45:05+00:00\",\"dateModified\":\"2025-05-14T01:34:05+00:00\",\"description\":\"China Resistance Tester, transformer tester supplier, we provide you transformer test equipment, Insulation Tester, Partial Discharge Detector with good price.\",\"breadcrumb\":{\"@id\":\"https:\/\/www.voltage-tester.com\/about-us\/#breadcrumb\"},\"inLanguage\":\"es\",\"potentialAction\":[{\"@type\":\"ReadAction\",\"target\":[\"https:\/\/www.voltage-tester.com\/about-us\/\"]}]},{\"@type\":\"BreadcrumbList\",\"@id\":\"https:\/\/www.voltage-tester.com\/about-us\/#breadcrumb\",\"itemListElement\":[{\"@type\":\"ListItem\",\"position\":1,\"name\":\"Home\",\"item\":\"https:\/\/www.voltage-tester.com\/\"},{\"@type\":\"ListItem\",\"position\":2,\"name\":\"Electric Test Equipment Manufacturer\"}]},{\"@type\":\"WebSite\",\"@id\":\"https:\/\/www.voltage-tester.com\/#website\",\"url\":\"https:\/\/www.voltage-tester.com\/\",\"name\":\"Run Test Electric Manufacturing Co., Ltd.\",\"description\":\"Run Test Electric Manufacturing Co., Ltd.\",\"publisher\":{\"@id\":\"https:\/\/www.voltage-tester.com\/#organization\"},\"potentialAction\":[{\"@type\":\"SearchAction\",\"target\":{\"@type\":\"EntryPoint\",\"urlTemplate\":\"https:\/\/www.voltage-tester.com\/?s={search_term_string}\"},\"query-input\":{\"@type\":\"PropertyValueSpecification\",\"valueRequired\":true,\"valueName\":\"search_term_string\"}}],\"inLanguage\":\"es\"},{\"@type\":\"Organization\",\"@id\":\"https:\/\/www.voltage-tester.com\/#organization\",\"name\":\"Run Test Electric Manufacturing Co., Ltd.\",\"url\":\"https:\/\/www.voltage-tester.com\/\",\"logo\":{\"@type\":\"ImageObject\",\"inLanguage\":\"es\",\"@id\":\"https:\/\/www.voltage-tester.com\/#\/schema\/logo\/image\/\",\"url\":\"https:\/\/www.voltage-tester.com\/wp-content\/uploads\/2025\/02\/cropped-logo-2-1.png\",\"contentUrl\":\"https:\/\/www.voltage-tester.com\/wp-content\/uploads\/2025\/02\/cropped-logo-2-1.png\",\"width\":264,\"height\":50,\"caption\":\"Run Test Electric Manufacturing Co., Ltd.\"},\"image\":{\"@id\":\"https:\/\/www.voltage-tester.com\/#\/schema\/logo\/image\/\"}}]}<\/script>\n<!-- \/ Yoast SEO plugin. -->","yoast_head_json":{"title":"Electric Test Equipment Manufacturer - Run Test Electric Manufacturing Co., Ltd.","description":"China Resistance Tester, transformer tester supplier, we provide you transformer test equipment, Insulation Tester, Partial Discharge Detector with good price.","robots":{"index":"index","follow":"follow","max-snippet":"max-snippet:-1","max-image-preview":"max-image-preview:large","max-video-preview":"max-video-preview:-1"},"canonical":"https:\/\/www.voltage-tester.com\/es\/about-us\/","og_locale":"es_ES","og_type":"article","og_title":"Electric Test Equipment Manufacturer - Run Test Electric Manufacturing Co., Ltd.","og_description":"China Resistance Tester, transformer tester supplier, we provide you transformer test equipment, Insulation Tester, Partial Discharge Detector with good price.","og_url":"https:\/\/www.voltage-tester.com\/es\/about-us\/","og_site_name":"Run Test Electric Manufacturing Co., Ltd.","article_modified_time":"2025-05-14T01:34:05+00:00","twitter_card":"summary_large_image","twitter_misc":{"Est. reading time":"5 minutos"},"schema":{"@context":"https:\/\/schema.org","@graph":[{"@type":"WebPage","@id":"https:\/\/www.voltage-tester.com\/about-us\/","url":"https:\/\/www.voltage-tester.com\/about-us\/","name":"Electric Test Equipment Manufacturer - Run Test Electric Manufacturing Co., Ltd.","isPartOf":{"@id":"https:\/\/www.voltage-tester.com\/#website"},"datePublished":"2025-02-20T03:45:05+00:00","dateModified":"2025-05-14T01:34:05+00:00","description":"China Resistance Tester, transformer tester supplier, we provide you transformer test equipment, Insulation Tester, Partial Discharge Detector with good price.","breadcrumb":{"@id":"https:\/\/www.voltage-tester.com\/about-us\/#breadcrumb"},"inLanguage":"es","potentialAction":[{"@type":"ReadAction","target":["https:\/\/www.voltage-tester.com\/about-us\/"]}]},{"@type":"BreadcrumbList","@id":"https:\/\/www.voltage-tester.com\/about-us\/#breadcrumb","itemListElement":[{"@type":"ListItem","position":1,"name":"Home","item":"https:\/\/www.voltage-tester.com\/"},{"@type":"ListItem","position":2,"name":"Electric Test Equipment Manufacturer"}]},{"@type":"WebSite","@id":"https:\/\/www.voltage-tester.com\/#website","url":"https:\/\/www.voltage-tester.com\/","name":"Run Test Electric Manufacturing Co., Ltd.","description":"Run Test Electric Manufacturing Co., Ltd.","publisher":{"@id":"https:\/\/www.voltage-tester.com\/#organization"},"potentialAction":[{"@type":"SearchAction","target":{"@type":"EntryPoint","urlTemplate":"https:\/\/www.voltage-tester.com\/?s={search_term_string}"},"query-input":{"@type":"PropertyValueSpecification","valueRequired":true,"valueName":"search_term_string"}}],"inLanguage":"es"},{"@type":"Organization","@id":"https:\/\/www.voltage-tester.com\/#organization","name":"Run Test Electric Manufacturing Co., Ltd.","url":"https:\/\/www.voltage-tester.com\/","logo":{"@type":"ImageObject","inLanguage":"es","@id":"https:\/\/www.voltage-tester.com\/#\/schema\/logo\/image\/","url":"https:\/\/www.voltage-tester.com\/wp-content\/uploads\/2025\/02\/cropped-logo-2-1.png","contentUrl":"https:\/\/www.voltage-tester.com\/wp-content\/uploads\/2025\/02\/cropped-logo-2-1.png","width":264,"height":50,"caption":"Run Test Electric Manufacturing Co., Ltd."},"image":{"@id":"https:\/\/www.voltage-tester.com\/#\/schema\/logo\/image\/"}}]}},"_links":{"self":[{"href":"https:\/\/www.voltage-tester.com\/es\/wp-json\/wp\/v2\/pages\/182","targetHints":{"allow":["GET"]}}],"collection":[{"href":"https:\/\/www.voltage-tester.com\/es\/wp-json\/wp\/v2\/pages"}],"about":[{"href":"https:\/\/www.voltage-tester.com\/es\/wp-json\/wp\/v2\/types\/page"}],"author":[{"embeddable":true,"href":"https:\/\/www.voltage-tester.com\/es\/wp-json\/wp\/v2\/users\/1"}],"replies":[{"embeddable":true,"href":"https:\/\/www.voltage-tester.com\/es\/wp-json\/wp\/v2\/comments?post=182"}],"version-history":[{"count":0,"href":"https:\/\/www.voltage-tester.com\/es\/wp-json\/wp\/v2\/pages\/182\/revisions"}],"wp:attachment":[{"href":"https:\/\/www.voltage-tester.com\/es\/wp-json\/wp\/v2\/media?parent=182"}],"curies":[{"name":"wp","href":"https:\/\/api.w.org\/{rel}","templated":true}]}}