{"id":188,"date":"2025-02-20T03:47:11","date_gmt":"2025-02-20T03:47:11","guid":{"rendered":"http:\/\/43.135.160.122\/?page_id=188"},"modified":"2025-05-16T03:36:57","modified_gmt":"2025-05-16T03:36:57","slug":"why-choose-us","status":"publish","type":"page","link":"https:\/\/www.voltage-tester.com\/de\/why-choose-us\/","title":{"rendered":"Ihr vertrauensw\u00fcrdiger Lieferant f\u00fcr elektrische Pr\u00fcfger\u00e4te"},"content":{"rendered":"<div class=\"path_bar\">\n        <div class=\"layout\">\n            <ul>\n                <li><a href=\"\/\">Startseite<\/a><\/li>\n                <!--\u9762\u5305\u5c51-->\n                    <li> <a href=\"\">Warum uns w\u00e4hlen<\/a><\/li>\n                <\/ul>\n        <\/div>\n    <\/div>\n\n\n\n<div class=\"wcu-body\">\n <div class=\"layout\">\n<img decoding=\"async\" src=\"\/wp-content\/uploads\/2025\/02\/c833ef27.webp\" alt=\"Lieferant f\u00fcr elektrische Pr\u00fcfger\u00e4te RUN TEST\">\n<div class=\"fl-rich-text\">\n\t<p  class=\"p1\"><span style=\"font-family: verdana, geneva;\">Die Firma RUN-TEST ist ein professionelles Unternehmen, das sich auf die Entwicklung und Produktion von <a href=\"\/products\"><span class=\"s1\">elektrische Pr\u00fcfger\u00e4te<\/span><\/a>. Hauptprodukt:<a href=\"\/transformer-test-category\/\"><span class=\"s1\">Transformator-Pr\u00fcfger\u00e4te<\/span><\/a>\u00d6l- und Gaspr\u00fcfger\u00e4te, <a href=\"\/circuit-breaker-test-category\/\"><span class=\"s1\">Leistungsschalter-Pr\u00fcfger\u00e4te<\/span><\/a>, <a href=\"\/relay-protection-test-category\/\"><span class=\"s1\">Relaisschutzpr\u00fcfger\u00e4te<\/span><\/a>, <a href=\"\/cable-fault-locator-category\/\"><span class=\"s1\">Kabelfehlerortungsger\u00e4t<\/span><\/a> , <a href=\"\/insulation-resiatance-tester-category\/\"><span class=\"s1\">Isolationswiderstandspr\u00fcfer<\/span><\/a> und Hipot-Tester.<\/p>\n\n<p><span style=\"font-family: verdana, geneva; color: #000000;\"> Erstens haben wir viele Jahre Erfahrung im Bereich der elektrischen Pr\u00fcfung. Wir haben viele Strompr\u00fcfungsprojekte in China, wie Tianjin, Xinjiang und anderen Orten in China getan. es hat auch hoch von der lokalen anerkannt. Mit abgeschlossenem Management von Produktion, wissenschaftlicher Forschung und Service Aufgrund der erfolgreichen Erfahrung von mehreren Projekten. Und haben in vielen L\u00e4ndern und Regionen verkauft worden. <\/p>\n\n<p class=\"p1\">Zweitens, diversifizierte Produkt-Ausr\u00fcstung, bieten Ihnen eine bequemere One-Stop-Service. Wir liefern nicht nur eine Art von Pr\u00fcfger\u00e4ten, Sie k\u00f6nnen verschiedene Arten von elektrischen Testinstrumenten finden, wie zum Beispiel <a href=\"\/partial-discharge-test-category\/\"><span class=\"s1\">Teilentladungspr\u00fcfger\u00e4t<\/span><\/a>, <a href=\"\/transformer-test-category\/\"><span class=\"s1\">Transformatorentest<\/span><\/a> Serie, <a href=\"\/transformer-oil-test-category\/\"><span class=\"s1\">Transformator\u00f6ltest<\/span><\/a> Serie, Isolier\u00f6l-Testreihe, <a href=\"\/high-voltage-test-category\/\"><span class=\"s1\">Hipot-Test<\/span><\/a> Serie, <a href=\"\/relay-protection-test-category\/\"><span class=\"s1\">Relais- und Isolationspr\u00fcfung<\/span><\/a> Serie, <a href=\"\/cable-fault-locator-category\/\"><span class=\"s1\">Kabelfehlertest<\/span><\/a> Serie, und <a href=\"\/sf6-gas-analyzer-category\/\"><span class=\"s1\">SF6-Gasanalysator<\/span><\/a>, <a href=\"\/power-quality-analyzer-category\/\"><span class=\"s1\">Netzqualit\u00e4tsanalysator<\/span><\/a>,usw.<\/p>\n\n<p class=\"p1\"><span class=\"s1\">Drittens: CE-Kalibrierungszertifikat. Unser<span class=\"Apple-converted-space\">\u00a0 <\/span><a href=\"\/turns-ratio-tester-category\/\"><span class=\"s2\">Transformator-Windungsverh\u00e4ltnis-Pr\u00fcfger\u00e4t<\/span><\/a>, <a href=\"\/dc-resistance-tester-category\/\"><span class=\"s2\">Transformator-Gleichstrom-Widerstandspr\u00fcfer<\/span><\/a>, <a href=\"\/high-voltage-test-category\/\"><span class=\"s2\">VLF-Pr\u00fcfger\u00e4t<\/span><\/a>, <a href=\"\/relay-protection-test-category\/\"><span class=\"s2\">Relaisschutz-Pr\u00fcfsatz<\/span><\/a>, <a href=\"\/insulation-resiatance-tester-category\/\"><span class=\"s2\">Isolationswiderstandspr\u00fcfer<\/span><\/a>, <a href=\"\/oil-bdv-tester-category\/\"><span class=\"s2\">\u00d6l-BDV-Pr\u00fcfger\u00e4t<\/span><\/a> sind CE-zertifiziert und erf\u00fcllen die von der EU geforderten Sicherheitsanforderungen.<\/span><\/p>\n\n<p><span style=\"font-family: verdana, geneva; color: #000000;\"> Viertens: Kundenfeedback und Lob. Zum Beispiel, sagte einer unserer Kunden aus Kolumbien: \"Spitzenqualit\u00e4t, einzigartiger Kundenservice, hervorragende Verpackung, einfache Bedienung, schnelle Maschine, Sicherheit w\u00e4hrend des gesamten Prozesses, st\u00e4ndige Kommunikation mit dem Verkaufsteam und wertvolle technische Unterst\u00fctzung, falls erforderlich. Sehr zu empfehlen\". <\/p>\n<\/div>\n<ul class=\"pl\">\n\n           <li>\n<img decoding=\"async\"  src=\"\/wp-content\/uploads\/2025\/02\/choose-us-11-300x118-1.webp\" alt=\"Lieferant f\u00fcr elektrische Pr\u00fcfger\u00e4te RUN TEST\">\n\n<\/li>\n  <li>\n<img decoding=\"async\"  src=\"\/wp-content\/uploads\/2025\/02\/choose-us-2-171x300-1.webp\" alt=\"Lieferant f\u00fcr elektrische Pr\u00fcfger\u00e4te RUN TEST\">\n\n<\/li>\n  <li>\n<img decoding=\"async\"  src=\"\/wp-content\/uploads\/2025\/02\/choose-us-3-171x300-1.webp\" alt=\"Lieferant f\u00fcr elektrische Pr\u00fcfger\u00e4te RUN TEST\">\n\n<\/li>\n<\/ul>\n<div class=\"fl-rich-text\">\n\t<p><span style=\"color: #000000; font-family: verdana, geneva;\"><span style=\"font-size: small;\">Auf der anderen Seite, langlebig und stabil Holzkiste Verpackung. Unser <span style=\"color: #ff0000;\">elektrische Pr\u00fcfger\u00e4te<\/span> wird in Holzkiste mit Schaumstoff verpackt werden. Gew\u00e4hrleisten Sie die Sicherheit des Transports und geben Sie den Kunden das beste Einkaufserlebnis. Hier sind die Verpackung wir zum Versand verwendet.<\/span><\/span><\/p>\n<\/div>\n<img decoding=\"async\" width=\"100%\"  src=\"\/wp-content\/uploads\/2025\/02\/34f36dd6.webp\" alt=\"Lieferant f\u00fcr elektrische Pr\u00fcfger\u00e4te RUN TEST\">\n\n\n<img decoding=\"async\"  src=\"\/wp-content\/uploads\/2025\/02\/3ce570bc.webp\" alt=\"Lieferant f\u00fcr elektrische Pr\u00fcfger\u00e4te RUN TEST\">\n<div class=\"fl-rich-text\">\n\t<p><span style=\"font-family: verdana, geneva;\"><span style=\"font-size: small; color: #000000;\">Schlie\u00dflich 24-Stunden-Online-Service und ein Jahr Garantie. Wir bieten Ihnen einen starken After-Sales-Service bester Qualit\u00e4t. Wenn Sie Probleme bei der Verwendung des Produkts auftreten, kontaktieren Sie uns, wir werden Sie in der ersten Zeit zu unterst\u00fctzen.<\/span><\/span><\/p>\n<p><span style=\"font-family: verdana, geneva;\"><span style=\"font-size: small; color: #000000;\">Mit einem Wort: Run-Test bietet Ihnen ein One-Stop-Shopping und stellt Ihnen hochwertige Produkte und Dienstleistungen zur Verf\u00fcgung. Wir freuen uns auf eine langfristige Zusammenarbeit mit Ihnen!<\/span><\/span><\/p>\n<\/div>\n\n\n\n  <\/div>\n<\/div>\n\n\n\n<style>\n.wcu-body img{\nmargin:35px 0\n\n}\n.wcu-body{\nmargin-bottom:40px\n\n}\n.wcu-body p{\nmargin-bottom:16px\n}\n.pl{\ndisplay:flex;\njustify-content:space-between;\n\n}\n.pl li{\nwidth:33%\n}\n\n\n\n\n\n<\/style>","protected":false},"excerpt":{"rendered":"<p>Home Why Choose Us RUN-TEST company is a professional company specializing in the development and production of electric testing equipment. Main Product:transformer testers, oil &amp; gas testers, circuit breaker testers, relay protection testers, cable fault locator , insulation resistance testers and hipot testers. Firstly, we have many years experience in electric test area. We have [&hellip;]<\/p>","protected":false},"author":1,"featured_media":0,"parent":0,"menu_order":0,"comment_status":"closed","ping_status":"closed","template":"","meta":{"footnotes":""},"class_list":["post-188","page","type-page","status-publish","hentry"],"yoast_head":"<!-- This site is optimized with the Yoast SEO plugin v24.4 - https:\/\/yoast.com\/wordpress\/plugins\/seo\/ -->\n<title>Your Trustworthy Electric Test Equipment Supplier - Run Test Electric Manufacturing Co., Ltd.<\/title>\n<meta name=\"robots\" content=\"index, follow, max-snippet:-1, max-image-preview:large, max-video-preview:-1\" \/>\n<link rel=\"canonical\" href=\"https:\/\/www.voltage-tester.com\/de\/why-choose-us\/\" \/>\n<meta property=\"og:locale\" content=\"de_DE\" \/>\n<meta property=\"og:type\" content=\"article\" \/>\n<meta property=\"og:title\" content=\"Your Trustworthy Electric Test Equipment Supplier - Run Test Electric Manufacturing Co., Ltd.\" \/>\n<meta property=\"og:description\" content=\"Home Why Choose Us RUN-TEST company is a professional company specializing in the development and production of electric testing equipment. Main Product:transformer testers, oil &amp; gas testers, circuit breaker testers, relay protection testers, cable fault locator , insulation resistance testers and hipot testers. Firstly, we have many years experience in electric test area. We have [&hellip;]\" \/>\n<meta property=\"og:url\" content=\"https:\/\/www.voltage-tester.com\/de\/why-choose-us\/\" \/>\n<meta property=\"og:site_name\" content=\"Run Test Electric Manufacturing Co., Ltd.\" \/>\n<meta property=\"article:modified_time\" content=\"2025-05-16T03:36:57+00:00\" \/>\n<meta name=\"twitter:card\" content=\"summary_large_image\" \/>\n<meta name=\"twitter:label1\" content=\"Est. reading time\" \/>\n\t<meta name=\"twitter:data1\" content=\"3\u00a0Minuten\" \/>\n<script type=\"application\/ld+json\" class=\"yoast-schema-graph\">{\"@context\":\"https:\/\/schema.org\",\"@graph\":[{\"@type\":\"WebPage\",\"@id\":\"https:\/\/www.voltage-tester.com\/why-choose-us\/\",\"url\":\"https:\/\/www.voltage-tester.com\/why-choose-us\/\",\"name\":\"Your Trustworthy Electric Test Equipment Supplier - Run Test Electric Manufacturing Co., Ltd.\",\"isPartOf\":{\"@id\":\"https:\/\/www.voltage-tester.com\/#website\"},\"datePublished\":\"2025-02-20T03:47:11+00:00\",\"dateModified\":\"2025-05-16T03:36:57+00:00\",\"breadcrumb\":{\"@id\":\"https:\/\/www.voltage-tester.com\/why-choose-us\/#breadcrumb\"},\"inLanguage\":\"de\",\"potentialAction\":[{\"@type\":\"ReadAction\",\"target\":[\"https:\/\/www.voltage-tester.com\/why-choose-us\/\"]}]},{\"@type\":\"BreadcrumbList\",\"@id\":\"https:\/\/www.voltage-tester.com\/why-choose-us\/#breadcrumb\",\"itemListElement\":[{\"@type\":\"ListItem\",\"position\":1,\"name\":\"Home\",\"item\":\"https:\/\/www.voltage-tester.com\/\"},{\"@type\":\"ListItem\",\"position\":2,\"name\":\"Your Trustworthy Electric Test Equipment Supplier\"}]},{\"@type\":\"WebSite\",\"@id\":\"https:\/\/www.voltage-tester.com\/#website\",\"url\":\"https:\/\/www.voltage-tester.com\/\",\"name\":\"Run Test Electric Manufacturing Co., Ltd.\",\"description\":\"Run Test Electric Manufacturing Co., Ltd.\",\"publisher\":{\"@id\":\"https:\/\/www.voltage-tester.com\/#organization\"},\"potentialAction\":[{\"@type\":\"SearchAction\",\"target\":{\"@type\":\"EntryPoint\",\"urlTemplate\":\"https:\/\/www.voltage-tester.com\/?s={search_term_string}\"},\"query-input\":{\"@type\":\"PropertyValueSpecification\",\"valueRequired\":true,\"valueName\":\"search_term_string\"}}],\"inLanguage\":\"de\"},{\"@type\":\"Organization\",\"@id\":\"https:\/\/www.voltage-tester.com\/#organization\",\"name\":\"Run Test Electric Manufacturing Co., Ltd.\",\"url\":\"https:\/\/www.voltage-tester.com\/\",\"logo\":{\"@type\":\"ImageObject\",\"inLanguage\":\"de\",\"@id\":\"https:\/\/www.voltage-tester.com\/#\/schema\/logo\/image\/\",\"url\":\"https:\/\/www.voltage-tester.com\/wp-content\/uploads\/2025\/02\/cropped-logo-2-1.png\",\"contentUrl\":\"https:\/\/www.voltage-tester.com\/wp-content\/uploads\/2025\/02\/cropped-logo-2-1.png\",\"width\":264,\"height\":50,\"caption\":\"Run Test Electric Manufacturing Co., Ltd.\"},\"image\":{\"@id\":\"https:\/\/www.voltage-tester.com\/#\/schema\/logo\/image\/\"}}]}<\/script>\n<!-- \/ Yoast SEO plugin. -->","yoast_head_json":{"title":"Your Trustworthy Electric Test Equipment Supplier - Run Test Electric Manufacturing Co., Ltd.","robots":{"index":"index","follow":"follow","max-snippet":"max-snippet:-1","max-image-preview":"max-image-preview:large","max-video-preview":"max-video-preview:-1"},"canonical":"https:\/\/www.voltage-tester.com\/de\/why-choose-us\/","og_locale":"de_DE","og_type":"article","og_title":"Your Trustworthy Electric Test Equipment Supplier - Run Test Electric Manufacturing Co., Ltd.","og_description":"Home Why Choose Us RUN-TEST company is a professional company specializing in the development and production of electric testing equipment. Main Product:transformer testers, oil &amp; gas testers, circuit breaker testers, relay protection testers, cable fault locator , insulation resistance testers and hipot testers. Firstly, we have many years experience in electric test area. We have [&hellip;]","og_url":"https:\/\/www.voltage-tester.com\/de\/why-choose-us\/","og_site_name":"Run Test Electric Manufacturing Co., Ltd.","article_modified_time":"2025-05-16T03:36:57+00:00","twitter_card":"summary_large_image","twitter_misc":{"Est. reading time":"3\u00a0Minuten"},"schema":{"@context":"https:\/\/schema.org","@graph":[{"@type":"WebPage","@id":"https:\/\/www.voltage-tester.com\/why-choose-us\/","url":"https:\/\/www.voltage-tester.com\/why-choose-us\/","name":"Your Trustworthy Electric Test Equipment Supplier - Run Test Electric Manufacturing Co., Ltd.","isPartOf":{"@id":"https:\/\/www.voltage-tester.com\/#website"},"datePublished":"2025-02-20T03:47:11+00:00","dateModified":"2025-05-16T03:36:57+00:00","breadcrumb":{"@id":"https:\/\/www.voltage-tester.com\/why-choose-us\/#breadcrumb"},"inLanguage":"de","potentialAction":[{"@type":"ReadAction","target":["https:\/\/www.voltage-tester.com\/why-choose-us\/"]}]},{"@type":"BreadcrumbList","@id":"https:\/\/www.voltage-tester.com\/why-choose-us\/#breadcrumb","itemListElement":[{"@type":"ListItem","position":1,"name":"Home","item":"https:\/\/www.voltage-tester.com\/"},{"@type":"ListItem","position":2,"name":"Your Trustworthy Electric Test Equipment Supplier"}]},{"@type":"WebSite","@id":"https:\/\/www.voltage-tester.com\/#website","url":"https:\/\/www.voltage-tester.com\/","name":"Run Test Electric Manufacturing Co., Ltd.","description":"Run Test Electric Manufacturing Co., Ltd.","publisher":{"@id":"https:\/\/www.voltage-tester.com\/#organization"},"potentialAction":[{"@type":"SearchAction","target":{"@type":"EntryPoint","urlTemplate":"https:\/\/www.voltage-tester.com\/?s={search_term_string}"},"query-input":{"@type":"PropertyValueSpecification","valueRequired":true,"valueName":"search_term_string"}}],"inLanguage":"de"},{"@type":"Organization","@id":"https:\/\/www.voltage-tester.com\/#organization","name":"Run Test Electric Manufacturing Co., Ltd.","url":"https:\/\/www.voltage-tester.com\/","logo":{"@type":"ImageObject","inLanguage":"de","@id":"https:\/\/www.voltage-tester.com\/#\/schema\/logo\/image\/","url":"https:\/\/www.voltage-tester.com\/wp-content\/uploads\/2025\/02\/cropped-logo-2-1.png","contentUrl":"https:\/\/www.voltage-tester.com\/wp-content\/uploads\/2025\/02\/cropped-logo-2-1.png","width":264,"height":50,"caption":"Run Test Electric Manufacturing Co., Ltd."},"image":{"@id":"https:\/\/www.voltage-tester.com\/#\/schema\/logo\/image\/"}}]}},"_links":{"self":[{"href":"https:\/\/www.voltage-tester.com\/de\/wp-json\/wp\/v2\/pages\/188","targetHints":{"allow":["GET"]}}],"collection":[{"href":"https:\/\/www.voltage-tester.com\/de\/wp-json\/wp\/v2\/pages"}],"about":[{"href":"https:\/\/www.voltage-tester.com\/de\/wp-json\/wp\/v2\/types\/page"}],"author":[{"embeddable":true,"href":"https:\/\/www.voltage-tester.com\/de\/wp-json\/wp\/v2\/users\/1"}],"replies":[{"embeddable":true,"href":"https:\/\/www.voltage-tester.com\/de\/wp-json\/wp\/v2\/comments?post=188"}],"version-history":[{"count":0,"href":"https:\/\/www.voltage-tester.com\/de\/wp-json\/wp\/v2\/pages\/188\/revisions"}],"wp:attachment":[{"href":"https:\/\/www.voltage-tester.com\/de\/wp-json\/wp\/v2\/media?parent=188"}],"curies":[{"name":"wp","href":"https:\/\/api.w.org\/{rel}","templated":true}]}}