{"id":186,"date":"2025-02-20T03:46:41","date_gmt":"2025-02-20T03:46:41","guid":{"rendered":"http:\/\/43.135.160.122\/?page_id=186"},"modified":"2025-05-16T03:34:29","modified_gmt":"2025-05-16T03:34:29","slug":"certificate","status":"publish","type":"page","link":"https:\/\/www.voltage-tester.com\/de\/certificate\/","title":{"rendered":"Zertifikat f\u00fcr die Pr\u00fcfung elektrischer Ger\u00e4te"},"content":{"rendered":"<div class=\"path_bar\">\n        <div class=\"layout\">\n            <ul>\n                <li><a href=\"\/\">Startseite<\/a><\/li>\n                <!--\u9762\u5305\u5c51-->\n                    <li> <a href=\"\">Zertifikat<\/a><\/li>\n                <\/ul>\n        <\/div>\n    <\/div>\n\n\n\n<div class=\"ce-body\">\n <div class=\"layout\">\n<p class=\"p1\"><span class=\"s1\">ISO 9001, ISO 14001, ISO 45001, CE zertifiziert von <a href=\"\/turns-ratio-tester-category\/\"><span class=\"s2\">Transformator-Windungsverh\u00e4ltnis-Pr\u00fcfger\u00e4t<\/span><\/a>, <a href=\"\/dc-resistance-tester-category\/\"><span class=\"s2\">Transformator-Gleichstrom-Widerstandspr\u00fcfer<\/span><\/a>, <a href=\"\/high-voltage-test-category\/\"><span class=\"s2\">VLF-Pr\u00fcfger\u00e4t<\/span><\/a>, <a href=\"\/relay-protection-test-category\/\"><span class=\"s2\">Relaisschutz-Pr\u00fcfsatz<\/span><\/a>, <a href=\"\/insulation-resiatance-tester-category\/\"><span class=\"s2\">Isolationswiderstandspr\u00fcfer<\/span><\/a>, <a href=\"\/oil-bdv-tester-category\/\"><span class=\"s2\">\u00d6l-BDV-Pr\u00fcfger\u00e4t<\/span><\/a>.<\/span><\/p>\n  <\/div>\n<\/div>\n\n\n\n<div class=\"ce-body2\">\n <div class=\"layout\">\n      \n       <ul>\n\n           <li>\n<img decoding=\"async\"  src=\"\/wp-content\/uploads\/2025\/02\/40390-LVD-Certificate-VLF-1_.webp\" alt=\"Zertifikat f\u00fcr die Pr\u00fcfung elektrischer Ger\u00e4te\">\n<p>LVD-Zertifikat VLF-TESTER<\/p>\n<\/li>\n  <li>\n<img decoding=\"async\"  src=\"\/wp-content\/uploads\/2025\/02\/40389-EMC-Certificate-VLF.webp\" alt=\"Zertifikat f\u00fcr die Pr\u00fcfung elektrischer Ger\u00e4te\">\n<p>EMV-Zertifikat VLF-TESTER<\/p>\n<\/li>\n  <li>\n<img decoding=\"async\"  src=\"\/wp-content\/uploads\/2025\/02\/40388-LVD-Certificate-DCR.webp\" alt=\"Zertifikat f\u00fcr die Pr\u00fcfung elektrischer Ger\u00e4te\">\n<p>LVD-Zertifikat DC-WIDERSTANDSTESTER<\/p>\n<\/li>\n <li>\n<img decoding=\"async\"  src=\"\/wp-content\/uploads\/2025\/02\/40387-EMC-Certificate-DCR.webp\" alt=\"Zertifikat f\u00fcr die Pr\u00fcfung elektrischer Ger\u00e4te\" >\n<p>EMC-Zertifikat DC-WIDERSTANDSTESTER<\/p>\n<\/li>\n <li>\n<img decoding=\"async\"  src=\"\/wp-content\/uploads\/2025\/02\/40392-EMC-Certificate-OIL-BDV.webp\" alt=\"Zertifikat f\u00fcr die Pr\u00fcfung elektrischer Ger\u00e4te\">\n<p>EMC-Zertifikat OIL BDV TEST<\/p>\n<\/li>\n\n <li>\n<img decoding=\"async\"  src=\"\/wp-content\/uploads\/2025\/02\/40391-LVD-Certificate-OIL-BDV.webp\" alt=\"Zertifikat f\u00fcr die Pr\u00fcfung elektrischer Ger\u00e4te\">\n<p>LVD-Zertifikat OIL BDV TEST<\/p>\n<\/li>\n\n <li>\n<img decoding=\"async\"  src=\"\/wp-content\/uploads\/2025\/02\/40385-EMC-Certificate-TTR2.webp\" alt=\"Zertifikat f\u00fcr die Pr\u00fcfung elektrischer Ger\u00e4te\">\n<p>EMV-Zertifikat TTR TESTER<\/p>\n<\/li>\n <li>\n<img decoding=\"async\"  src=\"\/wp-content\/uploads\/2025\/02\/40386-LVD-Certificate-TTR1.webp\" alt=\"Zertifikat f\u00fcr die Pr\u00fcfung elektrischer Ger\u00e4te\">\n<p>LVD-Zertifikat TTR TESTER<\/p>\n<\/li>\n<\/ul>\n\n\n <ul>\n\n           <li>\n<img decoding=\"async\"  src=\"\/wp-content\/uploads\/2025\/02\/ISO-9001.webp\" alt=\"Zertifikat f\u00fcr die Pr\u00fcfung elektrischer Ger\u00e4te\">\n<p>ISO 9001<\/p>\n<\/li>\n  <li>\n<img decoding=\"async\"  src=\"\/wp-content\/uploads\/2025\/02\/ISO-14001.webp\" alt=\"Zertifikat f\u00fcr die Pr\u00fcfung elektrischer Ger\u00e4te\">\n<p>ISO 14001<\/p>\n<\/li>\n  <li>\n<img decoding=\"async\"  src=\"\/wp-content\/uploads\/2025\/02\/ISO-45001.webp\" alt=\"Zertifikat f\u00fcr die Pr\u00fcfung elektrischer Ger\u00e4te\">\n<p>ISO 45001<\/p>\n<\/li>\n <li>\n<img decoding=\"async\"  src=\"\/wp-content\/uploads\/2025\/02\/EMC-INSULATION-RESISTANCE-TESTER.webp\" alt=\"Zertifikat f\u00fcr die Pr\u00fcfung elektrischer Ger\u00e4te\">\n<p>EMC-Isolationswiderstandsmessger\u00e4t<\/p>\n<\/li>\n <li>\n<img decoding=\"async\"  src=\"\/wp-content\/uploads\/2025\/02\/EMC-RELAY-TESTER.webp\" alt=\"Zertifikat f\u00fcr die Pr\u00fcfung elektrischer Ger\u00e4te\">\n<p>EMC-Relaispr\u00fcfger\u00e4t<\/p>\n<\/li>\n\n <li>\n<img decoding=\"async\"  src=\"\/wp-content\/uploads\/2025\/02\/LVD-INSULATION-RESISTANCE-METER.webp\" alt=\"Zertifikat f\u00fcr die Pr\u00fcfung elektrischer Ger\u00e4te\">\n<p>LVD Isolationswiderstandsmessger\u00e4t<\/p>\n<\/li>\n\n <li>\n<img decoding=\"async\"  src=\"\/wp-content\/uploads\/2025\/02\/LVD-RELAY-PROTECTION-TESTER.webp\" alt=\"Zertifikat f\u00fcr die Pr\u00fcfung elektrischer Ger\u00e4te\">\n<p>LVD-Relais-Schutzpr\u00fcfger\u00e4t<\/p>\n<\/li>\n\n<\/ul>\n\n\n\n\n\n\n\n<\/div>\n<\/div>\n\n\n\n<style>\n.ce-body{\npadding:35px 0\n\n}\n\n.ce-body2 ul{\ndisplay:flex;\nmargin-bottom:35px;\n\nflex-flow:row wrap;\ntext-align:center\n}\n.ce-body2 ul li{\nwidth:16.66%;\nmargin-bottom:0.6%;\n    padding-right: 0.6%;\n}\n.ce-body2 ul li p{\nfont-size:13px\n}\n@media screen and (max-width:981px){\n.ce-body2 ul li{\nwidth:25%\n\n}\n\n\n}\n<\/style>","protected":false},"excerpt":{"rendered":"<p>Home Certificate ISO 9001, ISO 14001, ISO 45001, CE certified of transformer turns ratio tester, transformer DC resistance tester, VLF tester, relay protection test kit, insulation resistance tester, oil BDV tester. LVD Certificate VLF TESTER EMC Certificate VLF TESTER LVD Certificate DC RESISTANCE TESTER EMC Certificate DC RESISTANCE TESTER EMC Certificate OIL BDV TEST LVD [&hellip;]<\/p>","protected":false},"author":1,"featured_media":0,"parent":0,"menu_order":0,"comment_status":"closed","ping_status":"closed","template":"","meta":{"footnotes":""},"class_list":["post-186","page","type-page","status-publish","hentry"],"yoast_head":"<!-- This site is optimized with the Yoast SEO plugin v24.4 - https:\/\/yoast.com\/wordpress\/plugins\/seo\/ -->\n<title>Certificate of Testing Electrical Equipment - Run Test Electric Manufacturing Co., Ltd.<\/title>\n<meta name=\"description\" content=\"China Resistance Tester, transformer tester supplier, we provide you transformer test equipment, Insulation Tester, Partial Discharge Detector with good price.\" \/>\n<meta name=\"robots\" content=\"index, follow, max-snippet:-1, max-image-preview:large, max-video-preview:-1\" \/>\n<link rel=\"canonical\" href=\"https:\/\/www.voltage-tester.com\/de\/certificate\/\" \/>\n<meta property=\"og:locale\" content=\"de_DE\" \/>\n<meta property=\"og:type\" content=\"article\" \/>\n<meta property=\"og:title\" content=\"Certificate of Testing Electrical Equipment - Run Test Electric Manufacturing Co., Ltd.\" \/>\n<meta property=\"og:description\" content=\"China Resistance Tester, transformer tester supplier, we provide you transformer test equipment, Insulation Tester, Partial Discharge Detector with good price.\" \/>\n<meta property=\"og:url\" content=\"https:\/\/www.voltage-tester.com\/de\/certificate\/\" \/>\n<meta property=\"og:site_name\" content=\"Run Test Electric Manufacturing Co., Ltd.\" \/>\n<meta property=\"article:modified_time\" content=\"2025-05-16T03:34:29+00:00\" \/>\n<meta name=\"twitter:card\" content=\"summary_large_image\" \/>\n<meta name=\"twitter:label1\" content=\"Est. reading time\" \/>\n\t<meta name=\"twitter:data1\" content=\"4\u00a0Minuten\" \/>\n<script type=\"application\/ld+json\" class=\"yoast-schema-graph\">{\"@context\":\"https:\/\/schema.org\",\"@graph\":[{\"@type\":\"WebPage\",\"@id\":\"https:\/\/www.voltage-tester.com\/certificate\/\",\"url\":\"https:\/\/www.voltage-tester.com\/certificate\/\",\"name\":\"Certificate of Testing Electrical Equipment - Run Test Electric Manufacturing Co., Ltd.\",\"isPartOf\":{\"@id\":\"https:\/\/www.voltage-tester.com\/#website\"},\"datePublished\":\"2025-02-20T03:46:41+00:00\",\"dateModified\":\"2025-05-16T03:34:29+00:00\",\"description\":\"China Resistance Tester, transformer tester supplier, we provide you transformer test equipment, Insulation Tester, Partial Discharge Detector with good price.\",\"breadcrumb\":{\"@id\":\"https:\/\/www.voltage-tester.com\/certificate\/#breadcrumb\"},\"inLanguage\":\"de\",\"potentialAction\":[{\"@type\":\"ReadAction\",\"target\":[\"https:\/\/www.voltage-tester.com\/certificate\/\"]}]},{\"@type\":\"BreadcrumbList\",\"@id\":\"https:\/\/www.voltage-tester.com\/certificate\/#breadcrumb\",\"itemListElement\":[{\"@type\":\"ListItem\",\"position\":1,\"name\":\"Home\",\"item\":\"https:\/\/www.voltage-tester.com\/\"},{\"@type\":\"ListItem\",\"position\":2,\"name\":\"Certificate of Testing Electrical Equipment\"}]},{\"@type\":\"WebSite\",\"@id\":\"https:\/\/www.voltage-tester.com\/#website\",\"url\":\"https:\/\/www.voltage-tester.com\/\",\"name\":\"Run Test Electric Manufacturing Co., Ltd.\",\"description\":\"Run Test Electric Manufacturing Co., Ltd.\",\"publisher\":{\"@id\":\"https:\/\/www.voltage-tester.com\/#organization\"},\"potentialAction\":[{\"@type\":\"SearchAction\",\"target\":{\"@type\":\"EntryPoint\",\"urlTemplate\":\"https:\/\/www.voltage-tester.com\/?s={search_term_string}\"},\"query-input\":{\"@type\":\"PropertyValueSpecification\",\"valueRequired\":true,\"valueName\":\"search_term_string\"}}],\"inLanguage\":\"de\"},{\"@type\":\"Organization\",\"@id\":\"https:\/\/www.voltage-tester.com\/#organization\",\"name\":\"Run Test Electric Manufacturing Co., Ltd.\",\"url\":\"https:\/\/www.voltage-tester.com\/\",\"logo\":{\"@type\":\"ImageObject\",\"inLanguage\":\"de\",\"@id\":\"https:\/\/www.voltage-tester.com\/#\/schema\/logo\/image\/\",\"url\":\"https:\/\/www.voltage-tester.com\/wp-content\/uploads\/2025\/02\/cropped-logo-2-1.png\",\"contentUrl\":\"https:\/\/www.voltage-tester.com\/wp-content\/uploads\/2025\/02\/cropped-logo-2-1.png\",\"width\":264,\"height\":50,\"caption\":\"Run Test Electric Manufacturing Co., Ltd.\"},\"image\":{\"@id\":\"https:\/\/www.voltage-tester.com\/#\/schema\/logo\/image\/\"}}]}<\/script>\n<!-- \/ Yoast SEO plugin. -->","yoast_head_json":{"title":"Certificate of Testing Electrical Equipment - Run Test Electric Manufacturing Co., Ltd.","description":"China Resistance Tester, transformer tester supplier, we provide you transformer test equipment, Insulation Tester, Partial Discharge Detector with good price.","robots":{"index":"index","follow":"follow","max-snippet":"max-snippet:-1","max-image-preview":"max-image-preview:large","max-video-preview":"max-video-preview:-1"},"canonical":"https:\/\/www.voltage-tester.com\/de\/certificate\/","og_locale":"de_DE","og_type":"article","og_title":"Certificate of Testing Electrical Equipment - Run Test Electric Manufacturing Co., Ltd.","og_description":"China Resistance Tester, transformer tester supplier, we provide you transformer test equipment, Insulation Tester, Partial Discharge Detector with good price.","og_url":"https:\/\/www.voltage-tester.com\/de\/certificate\/","og_site_name":"Run Test Electric Manufacturing Co., Ltd.","article_modified_time":"2025-05-16T03:34:29+00:00","twitter_card":"summary_large_image","twitter_misc":{"Est. reading time":"4\u00a0Minuten"},"schema":{"@context":"https:\/\/schema.org","@graph":[{"@type":"WebPage","@id":"https:\/\/www.voltage-tester.com\/certificate\/","url":"https:\/\/www.voltage-tester.com\/certificate\/","name":"Certificate of Testing Electrical Equipment - Run Test Electric Manufacturing Co., Ltd.","isPartOf":{"@id":"https:\/\/www.voltage-tester.com\/#website"},"datePublished":"2025-02-20T03:46:41+00:00","dateModified":"2025-05-16T03:34:29+00:00","description":"China Resistance Tester, transformer tester supplier, we provide you transformer test equipment, Insulation Tester, Partial Discharge Detector with good price.","breadcrumb":{"@id":"https:\/\/www.voltage-tester.com\/certificate\/#breadcrumb"},"inLanguage":"de","potentialAction":[{"@type":"ReadAction","target":["https:\/\/www.voltage-tester.com\/certificate\/"]}]},{"@type":"BreadcrumbList","@id":"https:\/\/www.voltage-tester.com\/certificate\/#breadcrumb","itemListElement":[{"@type":"ListItem","position":1,"name":"Home","item":"https:\/\/www.voltage-tester.com\/"},{"@type":"ListItem","position":2,"name":"Certificate of Testing Electrical Equipment"}]},{"@type":"WebSite","@id":"https:\/\/www.voltage-tester.com\/#website","url":"https:\/\/www.voltage-tester.com\/","name":"Run Test Electric Manufacturing Co., Ltd.","description":"Run Test Electric Manufacturing Co., Ltd.","publisher":{"@id":"https:\/\/www.voltage-tester.com\/#organization"},"potentialAction":[{"@type":"SearchAction","target":{"@type":"EntryPoint","urlTemplate":"https:\/\/www.voltage-tester.com\/?s={search_term_string}"},"query-input":{"@type":"PropertyValueSpecification","valueRequired":true,"valueName":"search_term_string"}}],"inLanguage":"de"},{"@type":"Organization","@id":"https:\/\/www.voltage-tester.com\/#organization","name":"Run Test Electric Manufacturing Co., Ltd.","url":"https:\/\/www.voltage-tester.com\/","logo":{"@type":"ImageObject","inLanguage":"de","@id":"https:\/\/www.voltage-tester.com\/#\/schema\/logo\/image\/","url":"https:\/\/www.voltage-tester.com\/wp-content\/uploads\/2025\/02\/cropped-logo-2-1.png","contentUrl":"https:\/\/www.voltage-tester.com\/wp-content\/uploads\/2025\/02\/cropped-logo-2-1.png","width":264,"height":50,"caption":"Run Test Electric Manufacturing Co., Ltd."},"image":{"@id":"https:\/\/www.voltage-tester.com\/#\/schema\/logo\/image\/"}}]}},"_links":{"self":[{"href":"https:\/\/www.voltage-tester.com\/de\/wp-json\/wp\/v2\/pages\/186","targetHints":{"allow":["GET"]}}],"collection":[{"href":"https:\/\/www.voltage-tester.com\/de\/wp-json\/wp\/v2\/pages"}],"about":[{"href":"https:\/\/www.voltage-tester.com\/de\/wp-json\/wp\/v2\/types\/page"}],"author":[{"embeddable":true,"href":"https:\/\/www.voltage-tester.com\/de\/wp-json\/wp\/v2\/users\/1"}],"replies":[{"embeddable":true,"href":"https:\/\/www.voltage-tester.com\/de\/wp-json\/wp\/v2\/comments?post=186"}],"version-history":[{"count":0,"href":"https:\/\/www.voltage-tester.com\/de\/wp-json\/wp\/v2\/pages\/186\/revisions"}],"wp:attachment":[{"href":"https:\/\/www.voltage-tester.com\/de\/wp-json\/wp\/v2\/media?parent=186"}],"curies":[{"name":"wp","href":"https:\/\/api.w.org\/{rel}","templated":true}]}}