{"id":182,"date":"2025-02-20T03:45:05","date_gmt":"2025-02-20T03:45:05","guid":{"rendered":"http:\/\/43.135.160.122\/?page_id=182"},"modified":"2025-05-14T01:34:05","modified_gmt":"2025-05-14T01:34:05","slug":"about-us","status":"publish","type":"page","link":"https:\/\/www.voltage-tester.com\/de\/about-us\/","title":{"rendered":"Hersteller von elektrischen Pr\u00fcfger\u00e4ten"},"content":{"rendered":"<div class=\"path_bar\">\n        <div class=\"layout\">\n            <ul>\n                <li><a href=\"\/\">Startseite<\/a><\/li>\n                <!--\u9762\u5305\u5c51-->\n                    <li> <a href=\"\">\u00dcber uns<\/a><\/li>\n                <\/ul>\n        <\/div>\n    <\/div>\n\n\n\n<div class=\"ab-body\">\n <div class=\"layout\">\n     <div class=\"ab-img\">\n           <div  class=\"ab-des\">\n            <h2>\u00dcber Run Test Electric<\/h2>\n            <p class=\"p1\">Willkommen bei Run Test Electric , einem f\u00fchrenden <b>Hersteller von elektrischen Pr\u00fcfger\u00e4ten<\/b> in China. Unser umfangreiches <a href=\"\/products\"><span class=\"s1\">Leistungspr\u00fcfger\u00e4te<\/span><\/a> bietet eine Reihe von Pr\u00fcfl\u00f6sungen f\u00fcr eine Vielzahl von Anwendungen, von grundlegenden Schaltkreistests bis hin zu fortschrittlichen Leistungsanalysen. Unser Engagement f\u00fcr Innovation und Qualit\u00e4t hat uns einen Ruf als zuverl\u00e4ssiger Anbieter in der Elektroindustrie eingebracht.<\/p>\n             <a href=\"\/contact-us\"><button class=\"ab-btn\">Mitmachen<\/button><\/a>\n\n<\/div>  \n\n\n\n\n<\/div>\n\n\n\n\n\n\n\n\n\n\n\n\n\n<\/div>\n<\/div>\n\n\n\n<div class=\"ab-body2\">\n <div class=\"layout\">\n       <div class=\"icon-body\" >\n       <ul>\n\n           <li>\n<img decoding=\"async\"  src=\"\/wp-content\/uploads\/2025\/02\/1740467733482.png\">\n<h2 style=\"text-align: center;\"><span style=\"font-size: 20px; color: #000000; font-family: verdana, geneva;\">WER WIR SIND<\/span><\/h2>\n<p class=\"p1\"><span style=\"font-family: verdana, geneva; font-size: small; color: #000000;\">Run Test Electric, der Premium-Produkt- und Dienstleistungsanbieter von State Grid mit Hauptsitz in Baoding, China, ist auf die Entwicklung und Herstellung von tragbaren elektrischen Pr\u00fcfger\u00e4ten spezialisiert: <a href=\"\/transformer-test-category\/\"><span class=\"s1\">Transformator-Pr\u00fcfger\u00e4te<\/span><\/a>\u00d6l- und Gaspr\u00fcfger\u00e4te, <a href=\"\/circuit-breaker-test-category\/\"><span class=\"s1\">Leistungsschalter-Pr\u00fcfger\u00e4te<\/span><\/a>, <a href=\"\/relay-protection-test-category\/\"><span class=\"s1\">Relaisschutzpr\u00fcfger\u00e4te<\/span><\/a>, <a href=\"\/cable-fault-locator-category\/\"><span class=\"s1\">Kabelfehlerortungsger\u00e4t<\/span><\/a> , <a href=\"\/insulation-resiatance-tester-category\/\"><span class=\"s1\">Isolationswiderstandspr\u00fcfer<\/span><\/a> und Hipot-Tester, usw.<\/span><\/p>\n<\/li>\n<li>\n<img decoding=\"async\"  src=\"\/wp-content\/uploads\/2025\/02\/1740467760636.png\">\n<h2 style=\"text-align: center;\"><span style=\"font-size: 20px; color: #000000; font-family: verdana, geneva;\">ANWENDUNGEN<\/span><\/h2>\n<p class=\"p1\"><span style=\"font-family: verdana, geneva; font-size: small; color: #000000;\">Unser Unternehmen <a href=\"\/products\"><span class=\"s1\">elektrische Pr\u00fcfger\u00e4te<\/span><\/a> sind in vielen Bereichen weit verbreitet, z. B. in der Elektrizit\u00e4tswirtschaft, im Schienenverkehr, im Maschinenbau und in der Petrochemie, und werden von vielen gro\u00dfen Transformatorenfabriken und petrochemischen Anlagen ausgew\u00e4hlt.<\/span><\/p>\n<\/li>\n<li>\n<img decoding=\"async\"  src=\"\/wp-content\/uploads\/2025\/02\/1740467788334.png\">\n<h2 style=\"text-align: center;\"><span style=\"font-size: 20px; color: #000000; font-family: verdana, geneva;\">UNSER MARKT<\/span><\/h2>\n<p class=\"p1\"><span style=\"font-family: verdana, geneva; font-size: small; color: #000000;\">Unsere <a href=\"\/products\"><span class=\"s1\">Elektrische Pr\u00fcfger\u00e4te<\/span><\/a> wurden nach S\u00fcdostasien, in den Nahen Osten, nach Afrika, Nordamerika, Lateinamerika, Europa und in andere Regionen exportiert. Mit Produkten von guter Qualit\u00e4t, wettbewerbsf\u00e4higen Preisen und ausgezeichneten Dienstleistungen haben wir uns einen guten Ruf bei den Kunden im Ausland erworben.<\/span><\/p>\n<\/li>\n\n\n\n\n\n\n<\/ul>\n\n\n\n\n<\/div>\n\n\n\n\n<\/div>\n<\/div>\n\n\n\n<div class=\"ab-body2\">\n <div class=\"layout\">\n       <div class=\"icon-body\" style=\"padding-top:0!important\">\n       <ul>\n\n           <li>\n<img decoding=\"async\"  src=\"\/wp-content\/uploads\/2025\/02\/4-4.webp\">\n\n<\/li>\n<li>\n<img decoding=\"async\"  src=\"\/wp-content\/uploads\/2025\/02\/5-5.webp\">\n\n<\/li>\n<li>\n<img decoding=\"async\"  src=\"\/wp-content\/uploads\/2025\/02\/6-6.webp\">\n\n<\/li>\n\n\n\n\n\n\n<\/ul>\n\n\n\n\n<\/div>\n\n\n\n\n<\/div>\n<\/div>\n\n\n\n<div class=\"ab-body3\">\n <div class=\"layout\">\n<ul>\n<li>\n<div class=\"tt-list\">\n<img decoding=\"async\" width=\"26px\"  src=\"\/wp-content\/uploads\/2025\/02\/1740468930901.png\">\n<h2>Unsere Produkte<\/h2>\n<\/div>\n<p class=\"p1\"><span class=\"s1\">Unsere Produkte umfassen <a href=\"\/partial-discharge-test-category\/\"><span class=\"s2\">Teilentladungspr\u00fcfger\u00e4t<\/span><\/a>, <a href=\"\/transformer-test-category\/\"><span class=\"s2\">Transformatorentest<\/span><\/a> Serie, <a href=\"\/transformer-oil-test-category\/\"><span class=\"s2\">Transformator\u00f6ltest<\/span><\/a> Serie, <a href=\"\/transformer-oil-test-category\/\"><span class=\"s2\">Isolier\u00f6ltest<\/span><\/a> Serie, <a href=\"\/high-voltage-test-category\/\"><span class=\"s2\">Hipot-Test<\/span><\/a> Serie, <a href=\"\/relay-protection-test-category\/\"><span class=\"s2\">Relais- und Isolationspr\u00fcfung<\/span><\/a> Serie, <a href=\"\/cable-fault-locator-category\/\"><span class=\"s2\">Kabelfehlertest<\/span><\/a> Serie, und <a href=\"\/sf6-gas-analyzer-category\/\"><span class=\"s2\">SF6-Gasanalysator<\/span><\/a>, <a href=\"\/power-quality-analyzer-category\/\"><span class=\"s2\">Netzqualit\u00e4tsanalysator<\/span><\/a>,usw.<\/span><\/p>\n<\/li>\n\n<li>\n<div class=\"tt-list\">\n<img decoding=\"async\" width=\"26px\"  src=\"\/wp-content\/uploads\/2025\/02\/1740468930901.png\">\n<h2>Verbesserung der Wettbewerbsf\u00e4higkeit des Unternehmens - Technologische Innovation und Verbesserung der Dienstleistungen<\/h2>\n<\/div>\n<p>Wir orientieren uns an der Nachfrage unserer Kunden und verbessern in Verbindung mit der Entwicklung von Produkten und Technologien kontinuierlich die Anwendung der Ger\u00e4te in verwandten Bereichen.<\/p>\n<\/li>\n\n\n<li>\n<div class=\"tt-list\">\n<img decoding=\"async\" width=\"26px\"  src=\"\/wp-content\/uploads\/2025\/02\/1740468930901.png\">\n<h2>Kontinuierliche Wertsch\u00f6pfung f\u00fcr Kunden<\/h2>\n<\/div>\n<p class=\"p1\">Lassen Sie unsere <a href=\"\/products\"><span class=\"s1\">elektrische Pr\u00fcfger\u00e4te<\/span><\/a> Wir helfen unseren Kunden bei der reibungslosen Durchf\u00fchrung von Projekten und der schnellen Amortisierung der Investitionskosten. Wenn die Produktion eines jeden Ger\u00e4ts abgeschlossen ist, werden wir die Stabilit\u00e4t des Ger\u00e4ts durch strenge Ger\u00e4tetests sicherstellen. Kurz gesagt, wir werden jedem Verbraucher mit ausgezeichneter Qualit\u00e4t, Service und Preis zur\u00fcckgeben.<\/p>\n<\/li>\n<\/ul>\n\n<\/div>\n<\/div>\n\n\n\n<div class=\"ab-body4\">\n <div class=\"layout\">\n       <div class=\"icon-body\" style=\"padding:0!important\">\n       <ul>\n\n           <li>\n<img decoding=\"async\"  src=\"\/wp-content\/uploads\/2025\/02\/44-224x300-2.webp\">\n\n<\/li>\n<li>\n<img decoding=\"async\"  src=\"\/wp-content\/uploads\/2025\/02\/56-224x300-1.webp\">\n\n<\/li>\n<li>\n<img decoding=\"async\"  src=\"\/wp-content\/uploads\/2025\/02\/fc8650b4-224x300-1.webp\">\n\n<\/li>\n\n<li>\n<img decoding=\"async\"  src=\"\/wp-content\/uploads\/2025\/02\/216-224x300-1.webp\">\n\n<\/li>\n\n\n\n\n<\/ul>\n\n\n\n\n<\/div>\n\n\n\n\n<\/div>\n<\/div>\n\n\n\n<div class=\"ab-body5\">\n <div class=\"layout\">\n     <div class=\"g2\">\n           <div  class=\"ab-des\">\n            <h2>Kontakt<\/h2>\n             <p>Das Unternehmen Run Test h\u00e4lt sich an das Konzept \"Easy Test\", um Ihnen das Testen zu erleichtern. Wir halten mit dem Tempo der Zeit Schritt, entwickeln weiterhin neue Produkte, verbessern die Wettbewerbsf\u00e4higkeit der Marke und erf\u00fcllen alle Ihre Bed\u00fcrfnisse. Wir geben unser Bestes, um Ihnen die besten Qualit\u00e4tsprodukte und Dienstleistungen zu bieten. Wir freuen uns auf eine langfristige Zusammenarbeit mit Ihnen.<\/p>\n <p>Wir laden Sie ein, unser Produktangebot zu erkunden und den Unterschied zu entdecken, den RUN TEST f\u00fcr Ihre elektrischen Pr\u00fcfanforderungen machen kann. Kontaktieren Sie uns noch heute, um mehr \u00fcber unsere L\u00f6sungen zu erfahren und wie wir Ihnen helfen k\u00f6nnen, Ihre Ziele zu erreichen.\"<\/p>\n             <a href=\"\/contact-us\"><button class=\"ab-btn\">Kontakt<\/button><\/a>\n\n<\/div>  \n\n\n\n\n<\/div>\n\n\n\n\n\n\n\n\n\n\n\n\n\n<\/div>\n<\/div>\n\n\n\n<style>\n.ab-body .p1 a{\n   color:#fff\n}\n.ab-img{\n background-image: linear-gradient(180deg,rgba(0,0,0,0.5) 0%,rgba(0,0,0,0.5) 100%),url(\/wp-content\/uploads\/2025\/02\/factory-3.webp);\n    padding: 12% 10%;\n    background-position: center;\nbackground-size:cover;\n    text-align: center;\n}\n.ab-body5{\n background-image: linear-gradient(180deg,rgba(0,0,0,0.5) 0%,rgba(0,0,0,0.5) 100%),url(\/wp-content\/uploads\/2025\/02\/21.webp)!important;\n    padding: 5% 0%;\n    background-position: center;\nbackground-size:cover;\n    text-align: center;\n}\n.ab-body{\npadding:35px 0 0\n}\n.ab-des h2{\ntext-align:center;\ncolor:#fff;\nfont-size:32px;\n    margin-bottom: 30px;\n\n}\n.ab-des p{\ntext-align:center;\ncolor:#fff;\nline-height:2em\n}\n\n.ab-btn{\n    font-size: 16px;\n    line-height: 18px;\n    padding: 14px 28px;\n    border-radius: 0px;\n    -moz-border-radius: 0px;\n    -webkit-border-radius: 0px;\n    background: #da281c;\n    border: 1px solid #ce1c10;\n    color:#fff;\n    margin-top: 30px;\n\n}\n.ab-btn:hover{\ncolor:#da281c;\nbackground:#fff;\ncursor:pointer\n\n\n}\n\n\n.ab-body2{\n   \n\n}\n.icon-body ul{\ndisplay:flex;\njustify-content:space-between\n}\n.icon-body ul li{\ntext-align:center;\nbackground:#fff;\npadding: 20px;\nwidth:32%\n\n}\n\n\n.icon-body{\n background-color: rgba(0,0,0, 0.05);\n    padding: 50px 30px 30px;\n}\n\n.ab-body3{\npadding:35px 0\n\n}\n.tt-list{\ndisplay:flex;\nalign-items:center;\nmargin-bottom:20px\n\n\n}\n.ab-body3 ul li{\nmargin-bottom:25px\n\n}\n.tt-list img{\nmargin-right:10px\n}\n\n..ab-img{\n background-image: linear-gradient(180deg,rgba(0,0,0,0.5) 0%,rgba(0,0,0,0.5) 100%),url(\/wp-content\/uploads\/2025\/02\/factory-3.webp)!important;\n    padding: 20% 10%;\n    background-position: center;\nbackground-size:cover;\n    text-align: center;\n}\n.ab-body{\npadding:35px 0 0\n}\n.ab-des h2{\ntext-align:center;\ncolor:#fff;\nfont-size:32px;\n    margin-bottom: 30px;\n\n}\n.ab-des p{\ntext-align:center;\ncolor:#fff;\nline-height:2em\n}\n\n.ab-btn{\n    font-size: 16px;\n    line-height: 18px;\n    padding: 14px 28px;\n    border-radius: 0px;\n    -moz-border-radius: 0px;\n    -webkit-border-radius: 0px;\n    background: #da281c;\n    border: 1px solid #ce1c10;\n    color:#fff;\n    margin-top: 30px;\n\n}\n.ab-btn:hover{\ncolor:#da281c;\nbackground:#fff;\ncursor:pointer\n\n}\n\n.ab-body2{\n   \n\n}\n.icon-body ul{\ndisplay:flex;\njustify-content:space-between\n}\n.icon-body ul li{\ntext-align:center;\nbackground:#fff;\npadding: 20px;\nwidth:32%\n\n}\n\n.icon-body{\n background-color: rgba(0,0,0, 0.05);\n    padding: 50px 30px 30px;\n}\n\n.ab-body3{\npadding:35px 0\n\n}\n.tt-list{\ndisplay:flex;\nalign-items:center;\nmargin-bottom:20px\n\n}\n.ab-body3 ul li{\nmargin-bottom:25px\n\n}\n.tt-list img{\nmargin-right:10px\n}\n..ab-img{\n background-image: linear-gradient(180deg,rgba(0,0,0,0.5) 0%,rgba(0,0,0,0.5) 100%),url(\/wp-content\/uploads\/2025\/02\/factory-3.webp)!important;\n    padding: 20% 10%;\n    background-position: center;\nbackground-size:cover;\n    text-align: center;\n}\n.ab-body{\npadding:35px 0 0\n}\n.ab-des h2{\ntext-align:center;\ncolor:#fff;\nfont-size:32px;\n    margin-bottom: 30px;\n\n}\n.ab-des p{\ntext-align:center;\ncolor:#fff;\nline-height:2em\n}\n\n.ab-btn{\n    font-size: 16px;\n    line-height: 18px;\n    padding: 14px 28px;\n    border-radius: 0px;\n    -moz-border-radius: 0px;\n    -webkit-border-radius: 0px;\n    background: #da281c;\n    border: 1px solid #ce1c10;\n    color:#fff;\n    margin-top: 30px;\n\n}\n.ab-btn:hover{\ncolor:#da281c;\nbackground:#fff;\ncursor:pointer\n\n}\n\n.ab-body2{\n   \n\n}\n.icon-body ul{\ndisplay:flex;\njustify-content:space-between\n}\n.icon-body ul li{\ntext-align:center;\nbackground:#fff;\npadding: 20px;\nwidth:32%\n\n}\n\n.icon-body{\n background-color: rgba(0,0,0, 0.05);\n    padding: 50px 30px 30px;\n}\n\n.ab-body3{\npadding:35px 0\n\n}\n.tt-list{\ndisplay:flex;\nalign-items:center;\nmargin-bottom:20px\n\n}\n.ab-body3 ul li{\nmargin-bottom:25px\n\n}\n.tt-list img{\nmargin-right:10px\n}\n\n.ab-body4{\npadding-bottom:45px\n}\n@media screen and (max-width:981px){\n\n.icon-body ul{\nflex-flow:row wrap\n}\n.icon-body ul li{\nwidth:100%}\n\n}\n<\/style>","protected":false},"excerpt":{"rendered":"<p>Home About Us About Run Test Electric Welcome to Run Test Electric , a leading electrical testing equipment manufacturer in China. Our extensive power testing equipment offers a range of testing solutions for a variety of applications, from basic circuit testing to advanced power analysis. Our commitment to innovation and quality has earned us a [&hellip;]<\/p>","protected":false},"author":1,"featured_media":0,"parent":0,"menu_order":0,"comment_status":"closed","ping_status":"closed","template":"","meta":{"footnotes":""},"class_list":["post-182","page","type-page","status-publish","hentry"],"yoast_head":"<!-- This site is optimized with the Yoast SEO plugin v24.4 - https:\/\/yoast.com\/wordpress\/plugins\/seo\/ -->\n<title>Electric Test Equipment Manufacturer - Run Test Electric Manufacturing Co., Ltd.<\/title>\n<meta name=\"description\" content=\"China Resistance Tester, transformer tester supplier, we provide you transformer test equipment, Insulation Tester, Partial Discharge Detector with good price.\" \/>\n<meta name=\"robots\" content=\"index, follow, max-snippet:-1, max-image-preview:large, max-video-preview:-1\" \/>\n<link rel=\"canonical\" href=\"https:\/\/www.voltage-tester.com\/de\/about-us\/\" \/>\n<meta property=\"og:locale\" content=\"de_DE\" \/>\n<meta property=\"og:type\" content=\"article\" \/>\n<meta property=\"og:title\" content=\"Electric Test Equipment Manufacturer - Run Test Electric Manufacturing Co., Ltd.\" \/>\n<meta property=\"og:description\" content=\"China Resistance Tester, transformer tester supplier, we provide you transformer test equipment, Insulation Tester, Partial Discharge Detector with good price.\" \/>\n<meta property=\"og:url\" content=\"https:\/\/www.voltage-tester.com\/de\/about-us\/\" \/>\n<meta property=\"og:site_name\" content=\"Run Test Electric Manufacturing Co., Ltd.\" \/>\n<meta property=\"article:modified_time\" content=\"2025-05-14T01:34:05+00:00\" \/>\n<meta name=\"twitter:card\" content=\"summary_large_image\" \/>\n<meta name=\"twitter:label1\" content=\"Est. reading time\" \/>\n\t<meta name=\"twitter:data1\" content=\"5\u00a0Minuten\" \/>\n<script type=\"application\/ld+json\" class=\"yoast-schema-graph\">{\"@context\":\"https:\/\/schema.org\",\"@graph\":[{\"@type\":\"WebPage\",\"@id\":\"https:\/\/www.voltage-tester.com\/about-us\/\",\"url\":\"https:\/\/www.voltage-tester.com\/about-us\/\",\"name\":\"Electric Test Equipment Manufacturer - Run Test Electric Manufacturing Co., Ltd.\",\"isPartOf\":{\"@id\":\"https:\/\/www.voltage-tester.com\/#website\"},\"datePublished\":\"2025-02-20T03:45:05+00:00\",\"dateModified\":\"2025-05-14T01:34:05+00:00\",\"description\":\"China Resistance Tester, transformer tester supplier, we provide you transformer test equipment, Insulation Tester, Partial Discharge Detector with good price.\",\"breadcrumb\":{\"@id\":\"https:\/\/www.voltage-tester.com\/about-us\/#breadcrumb\"},\"inLanguage\":\"de\",\"potentialAction\":[{\"@type\":\"ReadAction\",\"target\":[\"https:\/\/www.voltage-tester.com\/about-us\/\"]}]},{\"@type\":\"BreadcrumbList\",\"@id\":\"https:\/\/www.voltage-tester.com\/about-us\/#breadcrumb\",\"itemListElement\":[{\"@type\":\"ListItem\",\"position\":1,\"name\":\"Home\",\"item\":\"https:\/\/www.voltage-tester.com\/\"},{\"@type\":\"ListItem\",\"position\":2,\"name\":\"Electric Test Equipment Manufacturer\"}]},{\"@type\":\"WebSite\",\"@id\":\"https:\/\/www.voltage-tester.com\/#website\",\"url\":\"https:\/\/www.voltage-tester.com\/\",\"name\":\"Run Test Electric Manufacturing Co., Ltd.\",\"description\":\"Run Test Electric Manufacturing Co., Ltd.\",\"publisher\":{\"@id\":\"https:\/\/www.voltage-tester.com\/#organization\"},\"potentialAction\":[{\"@type\":\"SearchAction\",\"target\":{\"@type\":\"EntryPoint\",\"urlTemplate\":\"https:\/\/www.voltage-tester.com\/?s={search_term_string}\"},\"query-input\":{\"@type\":\"PropertyValueSpecification\",\"valueRequired\":true,\"valueName\":\"search_term_string\"}}],\"inLanguage\":\"de\"},{\"@type\":\"Organization\",\"@id\":\"https:\/\/www.voltage-tester.com\/#organization\",\"name\":\"Run Test Electric Manufacturing Co., Ltd.\",\"url\":\"https:\/\/www.voltage-tester.com\/\",\"logo\":{\"@type\":\"ImageObject\",\"inLanguage\":\"de\",\"@id\":\"https:\/\/www.voltage-tester.com\/#\/schema\/logo\/image\/\",\"url\":\"https:\/\/www.voltage-tester.com\/wp-content\/uploads\/2025\/02\/cropped-logo-2-1.png\",\"contentUrl\":\"https:\/\/www.voltage-tester.com\/wp-content\/uploads\/2025\/02\/cropped-logo-2-1.png\",\"width\":264,\"height\":50,\"caption\":\"Run Test Electric Manufacturing Co., Ltd.\"},\"image\":{\"@id\":\"https:\/\/www.voltage-tester.com\/#\/schema\/logo\/image\/\"}}]}<\/script>\n<!-- \/ Yoast SEO plugin. -->","yoast_head_json":{"title":"Electric Test Equipment Manufacturer - Run Test Electric Manufacturing Co., Ltd.","description":"China Resistance Tester, transformer tester supplier, we provide you transformer test equipment, Insulation Tester, Partial Discharge Detector with good price.","robots":{"index":"index","follow":"follow","max-snippet":"max-snippet:-1","max-image-preview":"max-image-preview:large","max-video-preview":"max-video-preview:-1"},"canonical":"https:\/\/www.voltage-tester.com\/de\/about-us\/","og_locale":"de_DE","og_type":"article","og_title":"Electric Test Equipment Manufacturer - Run Test Electric Manufacturing Co., Ltd.","og_description":"China Resistance Tester, transformer tester supplier, we provide you transformer test equipment, Insulation Tester, Partial Discharge Detector with good price.","og_url":"https:\/\/www.voltage-tester.com\/de\/about-us\/","og_site_name":"Run Test Electric Manufacturing Co., Ltd.","article_modified_time":"2025-05-14T01:34:05+00:00","twitter_card":"summary_large_image","twitter_misc":{"Est. reading time":"5\u00a0Minuten"},"schema":{"@context":"https:\/\/schema.org","@graph":[{"@type":"WebPage","@id":"https:\/\/www.voltage-tester.com\/about-us\/","url":"https:\/\/www.voltage-tester.com\/about-us\/","name":"Electric Test Equipment Manufacturer - Run Test Electric Manufacturing Co., Ltd.","isPartOf":{"@id":"https:\/\/www.voltage-tester.com\/#website"},"datePublished":"2025-02-20T03:45:05+00:00","dateModified":"2025-05-14T01:34:05+00:00","description":"China Resistance Tester, transformer tester supplier, we provide you transformer test equipment, Insulation Tester, Partial Discharge Detector with good price.","breadcrumb":{"@id":"https:\/\/www.voltage-tester.com\/about-us\/#breadcrumb"},"inLanguage":"de","potentialAction":[{"@type":"ReadAction","target":["https:\/\/www.voltage-tester.com\/about-us\/"]}]},{"@type":"BreadcrumbList","@id":"https:\/\/www.voltage-tester.com\/about-us\/#breadcrumb","itemListElement":[{"@type":"ListItem","position":1,"name":"Home","item":"https:\/\/www.voltage-tester.com\/"},{"@type":"ListItem","position":2,"name":"Electric Test Equipment Manufacturer"}]},{"@type":"WebSite","@id":"https:\/\/www.voltage-tester.com\/#website","url":"https:\/\/www.voltage-tester.com\/","name":"Run Test Electric Manufacturing Co., Ltd.","description":"Run Test Electric Manufacturing Co., Ltd.","publisher":{"@id":"https:\/\/www.voltage-tester.com\/#organization"},"potentialAction":[{"@type":"SearchAction","target":{"@type":"EntryPoint","urlTemplate":"https:\/\/www.voltage-tester.com\/?s={search_term_string}"},"query-input":{"@type":"PropertyValueSpecification","valueRequired":true,"valueName":"search_term_string"}}],"inLanguage":"de"},{"@type":"Organization","@id":"https:\/\/www.voltage-tester.com\/#organization","name":"Run Test Electric Manufacturing Co., Ltd.","url":"https:\/\/www.voltage-tester.com\/","logo":{"@type":"ImageObject","inLanguage":"de","@id":"https:\/\/www.voltage-tester.com\/#\/schema\/logo\/image\/","url":"https:\/\/www.voltage-tester.com\/wp-content\/uploads\/2025\/02\/cropped-logo-2-1.png","contentUrl":"https:\/\/www.voltage-tester.com\/wp-content\/uploads\/2025\/02\/cropped-logo-2-1.png","width":264,"height":50,"caption":"Run Test Electric Manufacturing Co., Ltd."},"image":{"@id":"https:\/\/www.voltage-tester.com\/#\/schema\/logo\/image\/"}}]}},"_links":{"self":[{"href":"https:\/\/www.voltage-tester.com\/de\/wp-json\/wp\/v2\/pages\/182","targetHints":{"allow":["GET"]}}],"collection":[{"href":"https:\/\/www.voltage-tester.com\/de\/wp-json\/wp\/v2\/pages"}],"about":[{"href":"https:\/\/www.voltage-tester.com\/de\/wp-json\/wp\/v2\/types\/page"}],"author":[{"embeddable":true,"href":"https:\/\/www.voltage-tester.com\/de\/wp-json\/wp\/v2\/users\/1"}],"replies":[{"embeddable":true,"href":"https:\/\/www.voltage-tester.com\/de\/wp-json\/wp\/v2\/comments?post=182"}],"version-history":[{"count":0,"href":"https:\/\/www.voltage-tester.com\/de\/wp-json\/wp\/v2\/pages\/182\/revisions"}],"wp:attachment":[{"href":"https:\/\/www.voltage-tester.com\/de\/wp-json\/wp\/v2\/media?parent=182"}],"curies":[{"name":"wp","href":"https:\/\/api.w.org\/{rel}","templated":true}]}}